{"id":283,"date":"2024-02-29T10:57:24","date_gmt":"2024-02-29T08:57:24","guid":{"rendered":"http:\/\/jnats.eu\/?post_type=product&#038;p=283"},"modified":"2025-03-04T09:10:26","modified_gmt":"2025-03-04T07:10:26","slug":"shobudani-asagi","status":"publish","type":"product","link":"https:\/\/jnats.eu\/pl\/produkt-2\/shobudani-asagi\/","title":{"rendered":"Shobudani Asagi Japo\u0144ski kamie\u0144 naturalny do ostrzenia"},"content":{"rendered":"<ul class=\"wp-block-list\">\n<li><strong>Twardo\u015b\u0107: Poziom 4<\/strong><\/li>\n\n\n\n<li><strong>Wymiary: 206x76x33 mm<\/strong><\/li>\n\n\n\n<li><strong>Waga: 1320 g<\/strong><\/li>\n\n\n\n<li><em>Wady: w cz\u0119\u015bci roboczej znajduje si\u0119 ma\u0142y rowek oko\u0142o 3 cm od kraw\u0119dzi.<\/em><\/li>\n\n\n\n<li>Idealny do wyka\u0144czania maszynki do golenia, zapewniaj\u0105c wyj\u0105tkowo g\u0142adkie golenie. Nadaje si\u0119 oczywi\u015bcie do wyka\u0144czania ostrzenia no\u017cy, narz\u0119dzi stolarskich i innych. Podobnie jak wi\u0119kszo\u015b\u0107 japo\u0144skich kamieni naturalnych, ten zapewnia d\u0142u\u017csz\u0105 (w por\u00f3wnaniu do syntetycznych) \u017cywotno\u015b\u0107 ostrza i dobr\u0105 ostro\u015b\u0107. Dodatkowo zapobiega tworzeniu si\u0119 bramek podczas ostrzenia, co sprawia, \u017ce proces jest \u0142atwiejszy i szybszy. Zaleca si\u0119 prac\u0119 z ciep\u0142\u0105 wod\u0105, poniewa\u017c tylko wtedy ujawni\u0105 si\u0119 wszystkie najlepsze w\u0142a\u015bciwo\u015bci \u015bcierne.<\/li>\n<\/ul>\n\n\n\n<figure class=\"wp-block-embed is-type-video is-provider-youtube wp-block-embed-youtube wp-embed-aspect-16-9 wp-has-aspect-ratio\"><div class=\"wp-block-embed__wrapper\">\n<div class=\"video-container\"><iframe title=\"Jnats: Umegahata Tomae, Ozuku, ose\u0142ki Shobudani Asagi\" width=\"1170\" height=\"658\" src=\"https:\/\/www.youtube.com\/embed\/mTqJM3yPskA?start=310&#038;feature=oembed\" frameborder=\"0\" allow=\"accelerometer; autoplay; clipboard-write; encrypted-media; gyroscope; picture-in-picture; web-share\" referrerpolicy=\"strict-origin-when-cross-origin\" allowfullscreen><\/iframe><\/div>\n<\/div><\/figure>\n\n\n\n<p>G\u0142\u00f3wne zalety naturalnych japo\u0144skich kamieni ostrz\u0105cych:<\/p>\n\n\n\n<ul class=\"wp-block-list\">\n<li>Narz\u0119dzia d\u0142u\u017cej pozostaj\u0105 ostre<\/li>\n\n\n\n<li>Kamienie nie ulegaj\u0105 zanieczyszczeniu odpadami metalowymi<\/li>\n\n\n\n<li>\u0141atwy demonta\u017c zasuwy<\/li>\n\n\n\n<li>Niesamowita reakcja, kt\u00f3ra pozwala dok\u0142adnie poczu\u0107, co dzieje si\u0119 na metalowej powierzchni.<\/li>\n<\/ul>","protected":false},"excerpt":{"rendered":"<ul>\n<li><strong>Twardo\u015b\u0107: Poziom 4<\/strong><\/li>\n<li><strong>Wymiary: 206x76x33 mm<\/strong><\/li>\n<li><strong>Waga: 1320 g<\/strong><\/li>\n<li><em>Wady: w cz\u0119\u015bci roboczej znajduje si\u0119 ma\u0142y rowek oko\u0142o 3 cm od kraw\u0119dzi.<\/em><\/li>\n<li>Idealny do wyka\u0144czania maszynki do golenia, zapewniaj\u0105c wyj\u0105tkowo g\u0142adkie golenie. Nadaje si\u0119 oczywi\u015bcie do wyka\u0144czania ostrzenia no\u017cy, narz\u0119dzi stolarskich i innych. Podobnie jak wi\u0119kszo\u015b\u0107 japo\u0144skich kamieni naturalnych, ten zapewnia d\u0142u\u017csz\u0105 (w por\u00f3wnaniu do syntetycznych) \u017cywotno\u015b\u0107 ostrza i dobr\u0105 ostro\u015b\u0107. Dodatkowo zapobiega tworzeniu si\u0119 bramek podczas ostrzenia, co sprawia, \u017ce proces jest \u0142atwiejszy i szybszy. Zaleca si\u0119 prac\u0119 z ciep\u0142\u0105 wod\u0105, poniewa\u017c tylko wtedy ujawni\u0105 si\u0119 wszystkie najlepsze w\u0142a\u015bciwo\u015bci \u015bcierne.<\/li>\n<\/ul>","protected":false},"featured_media":1251,"comment_status":"open","ping_status":"closed","template":"","meta":[],"product_brand":[],"product_cat":[22],"product_tag":[45,44],"class_list":{"0":"post-283","1":"product","2":"type-product","3":"status-publish","4":"has-post-thumbnail","6":"product_cat-jnats","7":"product_tag-asagi","8":"product_tag-shobudani","9":"product_shipping_class-iprastas","11":"first","12":"outofstock","13":"sale","14":"shipping-taxable","15":"purchasable","16":"product-type-simple"},"_links":{"self":[{"href":"https:\/\/jnats.eu\/pl\/wp-json\/wp\/v2\/product\/283","targetHints":{"allow":["GET"]}}],"collection":[{"href":"https:\/\/jnats.eu\/pl\/wp-json\/wp\/v2\/product"}],"about":[{"href":"https:\/\/jnats.eu\/pl\/wp-json\/wp\/v2\/types\/product"}],"replies":[{"embeddable":true,"href":"https:\/\/jnats.eu\/pl\/wp-json\/wp\/v2\/comments?post=283"}],"wp:featuredmedia":[{"embeddable":true,"href":"https:\/\/jnats.eu\/pl\/wp-json\/wp\/v2\/media\/1251"}],"wp:attachment":[{"href":"https:\/\/jnats.eu\/pl\/wp-json\/wp\/v2\/media?parent=283"}],"wp:term":[{"taxonomy":"product_brand","embeddable":true,"href":"https:\/\/jnats.eu\/pl\/wp-json\/wp\/v2\/product_brand?post=283"},{"taxonomy":"product_cat","embeddable":true,"href":"https:\/\/jnats.eu\/pl\/wp-json\/wp\/v2\/product_cat?post=283"},{"taxonomy":"product_tag","embeddable":true,"href":"https:\/\/jnats.eu\/pl\/wp-json\/wp\/v2\/product_tag?post=283"}],"curies":[{"name":"wp","href":"https:\/\/api.w.org\/{rel}","templated":true}]}}