{"id":295,"date":"2024-02-29T11:11:28","date_gmt":"2024-02-29T09:11:28","guid":{"rendered":"http:\/\/jnats.eu\/?post_type=product&#038;p=295"},"modified":"2024-10-20T14:59:50","modified_gmt":"2024-10-20T11:59:50","slug":"umeghata-tomae","status":"publish","type":"product","link":"https:\/\/jnats.eu\/pl\/produkt-2\/umeghata-tomae\/","title":{"rendered":"Umegahata Tomae Japo\u0144ski naturalny kamie\u0144 do ostrzenia"},"content":{"rendered":"<ul class=\"wp-block-list\">\n<li><strong>Twardo\u015b\u0107: Poz. 4,5<\/strong><\/li>\n\n\n\n<li><strong>Wymiary (w przybli\u017ceniu): 232x100x35 mm<\/strong><\/li>\n\n\n\n<li><strong>Waga: 1900 g<\/strong><\/li>\n\n\n\n<li>Szybki kamie\u0144, doskona\u0142y do wyka\u0144czaj\u0105cego ostrzenia no\u017cy, stolarki i innych narz\u0119dzi. Przygotowanie wst\u0119pne do maszynki do golenia.<\/li>\n\n\n\n<li>Japo\u0144skie kamienie naturalne zapewniaj\u0105 d\u0142u\u017csz\u0105 (w por\u00f3wnaniu do syntetycznych, a zw\u0142aszcza \u201ediamentowych\u201d i elborskich) \u017cywotno\u015b\u0107 ostrzy i dobr\u0105 ostro\u015b\u0107. Dodatkowo zapobiega tworzeniu si\u0119 bramek podczas ostrzenia, co sprawia, \u017ce proces jest \u0142atwiejszy i szybszy. Zaleca si\u0119 prac\u0119 z ciep\u0142\u0105 wod\u0105, gdy\u017c tylko wtedy ujawniaj\u0105 si\u0119 wszystkie najlepsze w\u0142a\u015bciwo\u015bci \u015bcierne: szybko\u015b\u0107 pracy, reakcja i r\u00f3wnomierno\u015b\u0107.<\/li>\n<\/ul>\n\n\n\n<figure class=\"wp-block-embed is-type-video is-provider-youtube wp-block-embed-youtube wp-embed-aspect-16-9 wp-has-aspect-ratio\"><div class=\"wp-block-embed__wrapper\">\n<div class=\"video-container\"><iframe title=\"Jnats: Umegahata Tomae, Ozuku, Shobudani Asagi\" width=\"1170\" height=\"658\" src=\"https:\/\/www.youtube.com\/embed\/mTqJM3yPskA?feature=oembed\" frameborder=\"0\" allow=\"accelerometer; autoplay; clipboard-write; encrypted-media; gyroscope; picture-in-picture; web-share\" allowfullscreen><\/iframe><\/div>\n<\/div><\/figure>","protected":false},"excerpt":{"rendered":"<ul>\n<li><strong>Twardo\u015b\u0107: Poz. 4,5<\/strong><\/li>\n<li><strong>Wymiary (w przybli\u017ceniu): 232x100x35 mm<\/strong><\/li>\n<li><strong>Waga: 1900 g<\/strong><\/li>\n<li>Szybki kamie\u0144, doskona\u0142y do wyka\u0144czaj\u0105cego ostrzenia no\u017cy, stolarki i innych narz\u0119dzi. Przygotowanie wst\u0119pne do maszynki do golenia.<\/li>\n<li>Japo\u0144skie kamienie naturalne zapewniaj\u0105 d\u0142u\u017csz\u0105 (w por\u00f3wnaniu do syntetycznych, a zw\u0142aszcza \u201ediamentowych\u201d i elborskich) \u017cywotno\u015b\u0107 ostrzy i dobr\u0105 ostro\u015b\u0107. Dodatkowo zapobiega tworzeniu si\u0119 bramek podczas ostrzenia, co sprawia, \u017ce proces jest \u0142atwiejszy i szybszy. Zaleca si\u0119 prac\u0119 z ciep\u0142\u0105 wod\u0105, gdy\u017c tylko wtedy ujawniaj\u0105 si\u0119 wszystkie najlepsze w\u0142a\u015bciwo\u015bci \u015bcierne: szybko\u015b\u0107 pracy, reakcja i r\u00f3wnomierno\u015b\u0107.<\/li>\n<\/ul>","protected":false},"featured_media":1257,"comment_status":"open","ping_status":"closed","template":"","meta":[],"product_brand":[],"product_cat":[22],"product_tag":[67,68],"class_list":{"0":"post-295","1":"product","2":"type-product","3":"status-publish","4":"has-post-thumbnail","6":"product_cat-jnats","7":"product_tag-tomae","8":"product_tag-umegahata","9":"product_shipping_class-iprastas","11":"first","12":"outofstock","13":"sale","14":"shipping-taxable","15":"purchasable","16":"product-type-simple"},"_links":{"self":[{"href":"https:\/\/jnats.eu\/pl\/wp-json\/wp\/v2\/product\/295","targetHints":{"allow":["GET"]}}],"collection":[{"href":"https:\/\/jnats.eu\/pl\/wp-json\/wp\/v2\/product"}],"about":[{"href":"https:\/\/jnats.eu\/pl\/wp-json\/wp\/v2\/types\/product"}],"replies":[{"embeddable":true,"href":"https:\/\/jnats.eu\/pl\/wp-json\/wp\/v2\/comments?post=295"}],"wp:featuredmedia":[{"embeddable":true,"href":"https:\/\/jnats.eu\/pl\/wp-json\/wp\/v2\/media\/1257"}],"wp:attachment":[{"href":"https:\/\/jnats.eu\/pl\/wp-json\/wp\/v2\/media?parent=295"}],"wp:term":[{"taxonomy":"product_brand","embeddable":true,"href":"https:\/\/jnats.eu\/pl\/wp-json\/wp\/v2\/product_brand?post=295"},{"taxonomy":"product_cat","embeddable":true,"href":"https:\/\/jnats.eu\/pl\/wp-json\/wp\/v2\/product_cat?post=295"},{"taxonomy":"product_tag","embeddable":true,"href":"https:\/\/jnats.eu\/pl\/wp-json\/wp\/v2\/product_tag?post=295"}],"curies":[{"name":"wp","href":"https:\/\/api.w.org\/{rel}","templated":true}]}}