{"id":313,"date":"2024-03-02T14:13:44","date_gmt":"2024-03-02T12:13:44","guid":{"rendered":"http:\/\/jnats.eu\/?post_type=product&#038;p=313"},"modified":"2026-01-30T18:16:12","modified_gmt":"2026-01-30T16:16:12","slug":"zabytkowe-japonskie-maszynki-do-golenia-kamisori-nr","status":"publish","type":"product","link":"https:\/\/jnats.eu\/pl\/produkt-2\/zabytkowe-japonskie-maszynki-do-golenia-kamisori-nr\/","title":{"rendered":"Iwasaki Sanjo Seisakusho \u4e09\u6761\u88fd\u4f5c\u6240 Shizusaburo i Henkotsu Vintage Japo\u0144skie maszynki do golenia Kamisori NOS"},"content":{"rendered":"<p>Legendarny kowal Shigeyoshi Iwasaki urodzi\u0142 si\u0119 w 1933 roku, a uczy\u0142 go m.in. jego ojciec dr Iwasaki Kousuke, kt\u00f3ry stworzy\u0142 Iwasaki Kamisori, r\u00f3wnie\u017c metalurg, znany z klasyfikacji japo\u0144skiej stali, tj. \"\u017c\u00f3\u0142ty papier\", \"bia\u0142y papier\", \"niebieski papier\" itp. itd.<br>By\u0142 r\u00f3wnie\u017c zaanga\u017cowany w badanie staro\u017cytnych mieczy i no\u017cy zachowanych w Muzeum Syousou-In, zbudowanym w VIII wieku.<br>Kiedy nie pracowa\u0142 w swojej ku\u017ani, uczy\u0142 umiej\u0119tno\u015bci technicznych i teorii metalurgii m\u0142odych kowali z Sanjo, takich jak Shigefusa i Yoshikane. Obecnie Shigeyoshi Iwasaki jest ju\u017c na emeryturze, ale jego ucze\u0144, pan Ryoichi Mizuochi, tworzy kolejne wspania\u0142e brzytwy z logo dobrze znanym w\u015br\u00f3d amator\u00f3w - trzema paskami w okr\u0119gu!<\/p>\n\n\n\n<p><strong>Henkotsu jest r\u00f3wnie\u017c jednym z najbardziej cenionych japo\u0144skich kamisori vintage.<\/strong><\/p>\n\n\n\n<p>Przedstawiamy ekskluzywn\u0105 kolekcj\u0119 zabytkowych japo\u0144skich maszynek do golenia, seri\u0119 Kamisori, zaprojektowan\u0105, aby na nowo zdefiniowa\u0107 piel\u0119gnacj\u0119 brody dzi\u0119ki tradycyjnemu japo\u0144skiemu kunsztowi i precyzji.<br><br>Ka\u017cda maszynka do golenia Kamisori, wykonana z najwy\u017csz\u0105 staranno\u015bci\u0105 i dba\u0142o\u015bci\u0105 o szczeg\u00f3\u0142y, uciele\u015bnia ponadczasow\u0105 elegancj\u0119 i wydajno\u015b\u0107 kojarzon\u0105 z japo\u0144skim dziedzictwem. Te maszynki do golenia p\u0142ynnie \u0142\u0105cz\u0105 tradycyjne techniki z nowoczesnymi funkcjami, aby zapewni\u0107 wymagaj\u0105cemu m\u0119\u017cczy\u017anie najwy\u017csz\u0105 jako\u015b\u0107 golenia. Ostrze z twardej stali w\u0119glowej jest kute w os\u0142on\u0119 z bardziej mi\u0119kkiej stali, co zapewnia maksymaln\u0105 ostro\u015b\u0107 i trwa\u0142o\u015b\u0107. Tak od wielu wiek\u00f3w powstaj\u0105 s\u0142ynne japo\u0144skie miecze katany.<br><br>G\u0142\u00f3wne cechy:<br><br>Autentyczne japo\u0144skie rzemios\u0142o: maszynki do golenia Kamisori s\u0105 starannie wykonywane r\u0119cznie przez wykwalifikowanych rzemie\u015blnik\u00f3w, kt\u00f3rzy doskonalili swoje rzemios\u0142o przez pokolenia, zapewniaj\u0105c niezr\u00f3wnan\u0105 jako\u015b\u0107 i precyzj\u0119.<br><br>Materia\u0142y najwy\u017cszej jako\u015bci: w maszynkach do golenia zastosowano wy\u0142\u0105cznie najlepsze materia\u0142y, w tym wysokiej jako\u015bci stal i autentyczne japo\u0144skie stopy, aby zapewni\u0107 trwa\u0142o\u015b\u0107 i d\u0142ugowieczno\u015b\u0107.<br><br>Ponadczasowy design: Konstrukcja maszynki do golenia Kamisori inspirowana jest wielowiekow\u0105 japo\u0144sk\u0105 estetyk\u0105, charakteryzuj\u0105c\u0105 si\u0119 czystymi liniami, minimalistyczn\u0105 elegancj\u0105 i ergonomicznymi uchwytami zapewniaj\u0105cymi \u0142atw\u0105 kontrol\u0119 i zwrotno\u015b\u0107.<br><br>Doskona\u0142a wydajno\u015b\u0107 golenia: do\u015bwiadcz najwy\u017cszej precyzji golenia dzi\u0119ki maszynkom do golenia Kamisori, zaprojektowanym z my\u015bl\u0105 o g\u0142adkim, dok\u0142adnym goleniu przy minimalnym podra\u017cnieniu dzi\u0119ki ostrym ostrzom i zr\u00f3wnowa\u017conemu rozk\u0142adowi ci\u0119\u017caru.<br><br>Wszechstronno\u015b\u0107: Niezale\u017cnie od tego, czy wolisz g\u0142adkie golenie, czy skomplikowane szczeg\u00f3\u0142y, maszynki do golenia Kamisori s\u0105 na tyle wszechstronne, \u017ce pasuj\u0105 do r\u00f3\u017cnych styl\u00f3w i preferencji golenia, co czyni je niezb\u0119dnym narz\u0119dziem do piel\u0119gnacji dla wsp\u00f3\u0142czesnego d\u017centelmena.<br><br>Przedmiot kolekcjonerski: ka\u017cda maszynka do golenia Kamisori jest \u015bwiadectwem bogatego dziedzictwa japo\u0144skiego rzemios\u0142a, dzi\u0119ki czemu jest nie tylko funkcjonalnym dodatkiem do piel\u0119gnacji, ale tak\u017ce cenionym przedmiotem kolekcjonerskim dla entuzjast\u00f3w tradycyjnej kultury golenia.<br><br>Ciesz si\u0119 tradycyjn\u0105 japo\u0144sk\u0105 sztuk\u0105 golenia dzi\u0119ki klasycznym maszynkom do golenia Kamisori i przenie\u015b swoje codzienne golenie na nowy poziom wyrafinowania i luksusu. Poczuj r\u00f3\u017cnic\u0119, jak\u0105 mo\u017ce sprawi\u0107 precyzyjna in\u017cynieria i ponadczasowy design, aby za ka\u017cdym razem osi\u0105gn\u0105\u0107 idealne golenie.<\/p>","protected":false},"excerpt":{"rendered":"<ul>\n<li>NOS (Nowy stary zapas) Nieu\u017cywane, starannie zakonserwowane tradycyjne japo\u0144skie maszynki do golenia z pude\u0142kami z po\u0142owy ubieg\u0142ego wieku.<\/li>\n<li>Posiada \u015blady korozji.<\/li>\n<li>Ostrze z twardej stali w\u0119glowej jest kute w os\u0142on\u0119 z bardziej mi\u0119kkiej stali, co zapewnia maksymaln\u0105 ostro\u015b\u0107 i trwa\u0142o\u015b\u0107. Tak od wielu stuleci powstaj\u0105 s\u0142ynne japo\u0144skie miecze katany.<\/li>\n<li>\n<p>Bardzo rzadkie maszynki do golenia, wczesne prace Shigeyoshi Iwasaki. W po\u0142owie ubieg\u0142ego wieku Iwasaki jako jedyny u\u017cy\u0142 trzech linii w okr\u0119gu w logo. Iwasaki pracowa\u0142 nad maszynkami do golenia Nippon zanim stworzy\u0142 to logo. Shizusaburo stworzy\u0142 w\u0142asne logo po pojawieniu si\u0119 tej maszynki do golenia.<\/p>\n<\/li>\n<li><strong>Lewa nr 2<\/strong><\/li>\n<li>D\u0142ugo\u015b\u0107 ca\u0142kowita: 150 mm<\/li>\n<li>Ostrze: 43x21x5 mm<\/li>\n<li>Waga: 36 g<\/li>\n<\/ul>","protected":false},"featured_media":1083,"comment_status":"open","ping_status":"closed","template":"","meta":[],"product_brand":[],"product_cat":[23],"product_tag":[25,55],"class_list":{"0":"post-313","1":"product","2":"type-product","3":"status-publish","4":"has-post-thumbnail","6":"product_cat-razors","7":"product_tag-kamisori","8":"product_tag-nos","9":"product_shipping_class-light","11":"first","12":"instock","13":"sold-individually","14":"shipping-taxable","15":"product-type-variable"},"_links":{"self":[{"href":"https:\/\/jnats.eu\/pl\/wp-json\/wp\/v2\/product\/313","targetHints":{"allow":["GET"]}}],"collection":[{"href":"https:\/\/jnats.eu\/pl\/wp-json\/wp\/v2\/product"}],"about":[{"href":"https:\/\/jnats.eu\/pl\/wp-json\/wp\/v2\/types\/product"}],"replies":[{"embeddable":true,"href":"https:\/\/jnats.eu\/pl\/wp-json\/wp\/v2\/comments?post=313"}],"wp:featuredmedia":[{"embeddable":true,"href":"https:\/\/jnats.eu\/pl\/wp-json\/wp\/v2\/media\/1083"}],"wp:attachment":[{"href":"https:\/\/jnats.eu\/pl\/wp-json\/wp\/v2\/media?parent=313"}],"wp:term":[{"taxonomy":"product_brand","embeddable":true,"href":"https:\/\/jnats.eu\/pl\/wp-json\/wp\/v2\/product_brand?post=313"},{"taxonomy":"product_cat","embeddable":true,"href":"https:\/\/jnats.eu\/pl\/wp-json\/wp\/v2\/product_cat?post=313"},{"taxonomy":"product_tag","embeddable":true,"href":"https:\/\/jnats.eu\/pl\/wp-json\/wp\/v2\/product_tag?post=313"}],"curies":[{"name":"wp","href":"https:\/\/api.w.org\/{rel}","templated":true}]}}