{"id":3184,"date":"2025-09-30T11:13:34","date_gmt":"2025-09-30T08:13:34","guid":{"rendered":"https:\/\/jnats.eu\/?post_type=product&#038;p=3184"},"modified":"2026-04-27T19:07:21","modified_gmt":"2026-04-27T16:07:21","slug":"jun-mikawa-shiro-nagura-mejiro-button-rinkinys","status":"publish","type":"product","link":"https:\/\/jnats.eu\/pl\/produkt-2\/jun-mikawa-shiro-nagura-mejiro-button-rinkinys\/","title":{"rendered":"Zestaw Mikawa Shiro Nagura Koma + Mejiro + Botan"},"content":{"rendered":"<p>Podobnie jak inne naguro, Mikawa Asano jest tradycyjnie u\u017cywana do tworzenia zawiesiny \u015bciernej na naturalnym kamieniu ostrz\u0105cym. R\u00f3\u017cnica w stosunku do pozosta\u0142ych polega na pr\u00f3bie stworzenia systemu swobodnego punktowania, kt\u00f3ry pozwala u\u017cytkownikowi na wyb\u00f3r post\u0119pu ostrzenia od zgrubnego do dok\u0142adnego.<\/p>\n\n\n\n<p>Uspensia do paznokci przyspiesza prac\u0119 wolniejszych kamieni naturalnych, ostrzy w\u0119gliki stali i utrzymuje narz\u0119dzia ostrzejsze przez znacznie d\u0142u\u017cszy czas. Mo\u017ce by\u0107 r\u00f3wnie\u017c stosowana na kamieniach syntetycznych, czyni\u0105c je bardziej mi\u0119kkimi i czystszymi. Istnieje r\u00f3wnie\u017c mo\u017cliwo\u015b\u0107 wyko\u0144czenia brzytwy na p\u0142ynnej zawiesinie, je\u015bli zale\u017cy nam na nieagresywnym i bezpiecznym goleniu.<\/p>\n\n\n\n<figure class=\"wp-block-embed is-type-video is-provider-youtube wp-block-embed-youtube wp-embed-aspect-16-9 wp-has-aspect-ratio\"><div class=\"wp-block-embed__wrapper\">\n<div class=\"video-container\"><iframe title=\"Ostrzenie Henkotsu Kamisori na kamieniu Nakayama Asagi Premium Whetstone | Mejiro, Tenjo &amp; Koma Nagura\" width=\"1170\" height=\"658\" src=\"https:\/\/www.youtube.com\/embed\/xLUXM45tq0o?start=491&#038;feature=oembed\" frameborder=\"0\" allow=\"accelerometer; autoplay; clipboard-write; encrypted-media; gyroscope; picture-in-picture; web-share\" referrerpolicy=\"strict-origin-when-cross-origin\" allowfullscreen><\/iframe><\/div>\n<\/div><\/figure>\n\n\n\n<p>W rzeczywisto\u015bci do ostrzenia wystarczy pojedynczy gw\u00f3\u017ad\u017a, dowolny gw\u00f3\u017ad\u017a, poniewa\u017c naturalne cz\u0105steczki \u015bcierne rozpadaj\u0105 si\u0119 i staj\u0105 si\u0119 drobniejsze podczas ostrzenia. W razie potrzeby, zawieszenie mo\u017ce by\u0107 ponownie wykonane przy u\u017cyciu tej samej nagury Mikawa.<\/p>\n\n\n\n<p>Muchi jest wyj\u0105tkiem od regu\u0142y. Ta ostatnia mo\u017ce by\u0107 w niekt\u00f3rych przypadkach zbyt szorstka i generalnie nie jest zalecana do maszynek do golenia.<\/p>\n\n\n\n<p>Ten rodzaj kamienia pochodzi z kopalni Junmikawa Shiro w dystrykcie Kitashitara w prefekturze Aichi. Ska\u0142a sk\u0142ada si\u0119 z 10 do 12 warstw, w zale\u017cno\u015bci od obszaru wydobycia. Spo\u015br\u00f3d tych warstw istnieje 8 warstw u\u017cytkowych, a 4 z nich s\u0105 najbardziej popularne. W obszarach, w kt\u00f3rych znajduje si\u0119 12 nadaj\u0105cych si\u0119 do eksploatacji warstw, istniej\u0105 dwie r\u00f3\u017cne warstwy Tenjyo, a tak\u017ce Yae Botan i Botan, kt\u00f3re s\u0105 bardzo podobne. Podobnie jak w przypadku wszystkich japo\u0144skich kamieni naturalnych, ka\u017cdy egzemplarz mo\u017ce si\u0119 r\u00f3\u017cni\u0107.<\/p>\n\n\n\n<p>Mikawa nagura jest klasyfikowana od najgrubszej do najdrobniejszej w nast\u0119puj\u0105cy spos\u00f3b:&nbsp;<strong>Mushi [\u30e0\u30b7] &gt; Ban [\u30d0\u30f3] &gt; Atsu [\u30a2\u30c4] &gt; Yae Botan [\u516b\u91cd\u30dc\u30bf\u30f3] &gt; Botan [\u30dc\u30bf\u30f3] &gt; Tenjyo [\u5929\u4e0a] &gt; Mejiro [\u76ee\u767d] &gt; Koma [\u30b3\u30de].<\/strong><\/p>\n\n\n\n<p>Nagura Mikawa jest klasyfikowana wed\u0142ug szybko\u015bci dzia\u0142ania w nast\u0119puj\u0105cy spos\u00f3b:<strong> Ban &gt; Koma &gt; Yae Botan &gt; Botan &gt; Atsu &gt; Tenjo &gt; Mejiro.<\/strong><\/p>\n\n\n\n<p>Po naostrzeniu paznokci jest ono zwykle ko\u0144czone na tym samym czystym kamieniu, co baza. Niekt\u00f3re maszynki ko\u0144cz\u0105 proces ostrzenia p\u0142ynn\u0105 zawiesin\u0105 i w ten spos\u00f3b uzyskuj\u0105 delikatne i bezpieczne golenie, poniewa\u017c ostrze staje si\u0119 wtedy nieagresywne dla sk\u00f3ry, ale \u015bcina w\u0142osy.<\/p>\n\n\n\n<h2 class=\"wp-block-heading\">Typy Jun Mikawa Shiro Nagura<\/h2>\n\n\n\n<figure class=\"wp-block-table\"><table class=\"has-fixed-layout\"><thead><tr><th>Japo\u0144ska nazwa<\/th><th>Kanji\/pisanie<\/th><th>Opis<\/th><th>Typowe zastosowanie<\/th><\/tr><\/thead><tbody><tr><td>\u015api\u0105czka<\/td><td>\u99d2 \/ \u30b3\u30de<\/td><td>Najmniejsza i jedna z najskuteczniejszych nagura z serii Jun Mikawa Shiro. Tworzy bardzo delikatne zawieszenie.<\/td><td>Runda fina\u0142owa, brzytwy i no\u017ce<\/td><\/tr><tr><td>Mejiro<\/td><td>\u76ee\u767d<\/td><td>Bardzo ma\u0142y, prawie wielko\u015bci Comy.<\/td><td>P\u00f3\u017any etap polerowania<\/td><\/tr><tr><td>Tenjyo (Tenjou)<\/td><td>\u5929\u4e0a<\/td><td>Zr\u00f3wnowa\u017cony stosunek stopnia rozdrobnienia do mocy szlifowania. Jedna z najbardziej wszechstronnych ostrza\u0142ek.<\/td><td>\u015arodkowy i p\u00f3\u017any etap<\/td><\/tr><tr><td>Botan<\/td><td>\u7261\u4e39<\/td><td>Dobra moc \u015bcierna, do\u015b\u0107 aktywne zawieszenie. Zawsze u\u017cywany z kamieniem bazowym.<\/td><td>Wczesne stadium nagury<\/td><\/tr><tr><td>Yae Botan<\/td><td>\u516b\u91cd\u7261\u4e39<\/td><td>Podobny do Botan, ale cz\u0119sto nieco bardziej mi\u0119kki i delikatniejszy.<\/td><td>Wczesny-\u015bredni etap<\/td><\/tr><tr><td>Atsu<\/td><td>\u539a<\/td><td>Troch\u0119 bardziej szorstki.<\/td><td>Czasami u\u017cywany do ci\u0119\u017ckiej pracy<\/td><\/tr><tr><td>Ban<\/td><td>\u76e4<\/td><td>Jeden z najbardziej szorstkich nagura Mikawa.<\/td><td>Do ostrzenia zgrubnego<\/td><\/tr><\/tbody><\/table><\/figure>\n\n\n\n<p>Klasy jako\u015bci:<\/p>\n\n\n\n<ul class=\"wp-block-list\">\n<li><strong>\u5225\u4e0a (Betsuj\u014d)<\/strong> - wysoka jako\u015b\u0107<\/li>\n\n\n\n<li><strong>\u7279\u7d1a (Tokky\u016b)<\/strong> - najwy\u017csza jako\u015b\u0107<\/li>\n<\/ul>\n\n\n\n<h2 class=\"wp-block-heading\">Kolejno\u015b\u0107 wed\u0142ug stopnia rozdrobnienia (od najmniejszego do najgrubszego)<\/h2>\n\n\n\n<figure class=\"wp-block-table\"><table class=\"has-fixed-layout\"><thead><tr><th>Szczeg\u00f3\u0142y<\/th><th>Typ<\/th><\/tr><\/thead><tbody><tr><td>1 (najmniejszy)<\/td><td>\u99d2 \/ \u30b3\u30de Koma<\/td><\/tr><tr><td>2<\/td><td>\u76ee\u767d Mejiro<\/td><\/tr><tr><td>3<\/td><td>\u5929\u4e0a Tenjyo<\/td><\/tr><tr><td>4<\/td><td>\u7261\u4e39 Botan<\/td><\/tr><tr><td>5<\/td><td>\u516b\u91cd\u7261\u4e39 Yae Botan<\/td><\/tr><tr><td>6<\/td><td>\u539a Atsu<\/td><\/tr><tr><td>7<\/td><td>\u76e4 Ban<\/td><\/tr><\/tbody><\/table><\/figure>\n\n\n\n<hr class=\"wp-block-separator has-alpha-channel-opacity\"\/>\n\n\n\n<p>W praktyce, w szczeg\u00f3lno\u015bci <strong>w ostrzeniu brzytew<\/strong>, Progresja jest powszechnie stosowana:<\/p>\n\n\n\n<p><strong>\u7261\u4e39 Botan \u2192 \u5929\u4e0a Tenjyo \u2192 \u76ee\u767d Mejiro \u2192 \u99d2 Koma<\/strong><\/p>","protected":false},"excerpt":{"rendered":"<ol>\n<li>Koma + Mejiro + Botan \u0142\u0105czna waga 185 g\u00a0<\/li>\n<li>Koma + Mejiro + Botan \u0142\u0105czna waga 190 g<\/li>\n<li>Koma + Mejiro + Botan \u0142\u0105czna waga 200 g<\/li>\n<li>Koma + Mejiro + Botan \u0142\u0105czna waga 183 g<\/li>\n<li>Koma + Mejiro + Botan \u0142\u0105czna waga 178 g<\/li>\n<li>Koma + Mejiro + Botan \u0142\u0105czna waga 185 g<\/li>\n<li>Koma + Mejiro + Botan \u0142\u0105czna waga 225 g<\/li>\n<li>Waga Mejiro 218 g<\/li>\n<li>Waga Mejiro 438 g<\/li>\n<\/ol>\n<p>Je\u015bli pozycja nie jest widoczna na li\u015bcie rozwijanej, oznacza to, \u017ce zosta\u0142a sprzedana.<\/p>","protected":false},"featured_media":5278,"comment_status":"open","ping_status":"closed","template":"","meta":[],"product_brand":[],"product_cat":[22],"product_tag":[152,301,153],"class_list":{"0":"post-3184","1":"product","2":"type-product","3":"status-publish","4":"has-post-thumbnail","6":"product_cat-jnats","7":"product_tag-button","8":"product_tag-mejiro","9":"product_tag-nagura","10":"product_shipping_class-light","12":"first","13":"instock","14":"shipping-taxable","15":"purchasable","16":"product-type-variable"},"_links":{"self":[{"href":"https:\/\/jnats.eu\/pl\/wp-json\/wp\/v2\/product\/3184","targetHints":{"allow":["GET"]}}],"collection":[{"href":"https:\/\/jnats.eu\/pl\/wp-json\/wp\/v2\/product"}],"about":[{"href":"https:\/\/jnats.eu\/pl\/wp-json\/wp\/v2\/types\/product"}],"replies":[{"embeddable":true,"href":"https:\/\/jnats.eu\/pl\/wp-json\/wp\/v2\/comments?post=3184"}],"wp:featuredmedia":[{"embeddable":true,"href":"https:\/\/jnats.eu\/pl\/wp-json\/wp\/v2\/media\/5278"}],"wp:attachment":[{"href":"https:\/\/jnats.eu\/pl\/wp-json\/wp\/v2\/media?parent=3184"}],"wp:term":[{"taxonomy":"product_brand","embeddable":true,"href":"https:\/\/jnats.eu\/pl\/wp-json\/wp\/v2\/product_brand?post=3184"},{"taxonomy":"product_cat","embeddable":true,"href":"https:\/\/jnats.eu\/pl\/wp-json\/wp\/v2\/product_cat?post=3184"},{"taxonomy":"product_tag","embeddable":true,"href":"https:\/\/jnats.eu\/pl\/wp-json\/wp\/v2\/product_tag?post=3184"}],"curies":[{"name":"wp","href":"https:\/\/api.w.org\/{rel}","templated":true}]}}