{"id":3257,"date":"2024-09-09T09:52:17","date_gmt":"2024-09-09T06:52:17","guid":{"rendered":"https:\/\/jnats.eu\/?post_type=product&#038;p=3257"},"modified":"2024-11-23T10:54:43","modified_gmt":"2024-11-23T08:54:43","slug":"naniwa-jyunpaku-galandinimo-akmuo-8000","status":"publish","type":"product","link":"https:\/\/jnats.eu\/pl\/produkt-2\/naniwa-jyunpaku-galandinimo-akmuo-8000\/","title":{"rendered":"Kamie\u0144 ostrz\u0105cy Naniwa Jyunpaku #8000 +30 ostrze\u0144 +47 3000"},"content":{"rendered":"<p>Kamie\u0144 do ostrzenia Naniwa Jyunpaku 8000 jest niezwykle drobny, aby zapewni\u0107 no\u017com bardzo ostr\u0105 kraw\u0119d\u017a. Jyunpaku to jeden z najpopularniejszych produkt\u00f3w w ofercie Naniwa.<\/p>\n\n\n\n<p>W \u015bwiecie honowania kamie\u0144 ten znany jest r\u00f3wnie\u017c jako \"Snow White\". Nie tylko ze wzgl\u0119du na sw\u00f3j \u015bnie\u017cnobia\u0142y kolor, ale tak\u017ce ze wzgl\u0119du na osza\u0142amiaj\u0105ce, lustrzane rezultaty ostrzenia. Pomimo tej reputacji i wysokiego popytu, na rynku jest stosunkowo niewiele tych kamieni ostrz\u0105cych, poniewa\u017c Naniwa produkuje ograniczon\u0105 ilo\u015b\u0107 Jyunpaku. Ma to na celu zapewnienie kontroli nad jako\u015bci\u0105 ka\u017cdego kamienia ostrz\u0105cego. <\/p>\n\n\n\n<p>Naniwa Jyunpaku nale\u017cy zanurzy\u0107 w wodzie na kilka minut przed u\u017cyciem. W por\u00f3wnaniu do ta\u0144szych kamieni wodnych, ten kamie\u0144 do ostrzenia nie potrzebuje du\u017co dodatkowej wody i naprawd\u0119 dobrze j\u0105 wch\u0142ania. Dzi\u0119ki temu nie trzeba tak cz\u0119sto zwil\u017ca\u0107 kamienia podczas ostrzenia no\u017ca. Ciemne cz\u0105stki metalu s\u0105 oczywi\u015bcie bardzo widoczne na jasnej powierzchni ostrz\u0105cej, dlatego zalecamy czyszczenie powierzchni kamienia po u\u017cyciu za pomoc\u0105 produktu przeznaczonego do tego celu. Dzi\u0119ki temu kamie\u0144 pozostanie \u0142adny i bia\u0142y.<\/p>\n\n\n\n<p>Po u\u017cyciu pozostawi\u0107 kamie\u0144 do wyschni\u0119cia w temperaturze pokojowej. <\/p>","protected":false},"excerpt":{"rendered":"<ul>\n<li>Wymiary: 210x70x20mm<\/li>\n<li>Waga: 660 g<\/li>\n<li>Wielko\u015b\u0107 ziarna: #8000<\/li>\n<li>Przed u\u017cyciem kamie\u0144 nale\u017cy namoczy\u0107 w wodzie przez kilka minut, a\u017c p\u0119cherzyki powietrza przestan\u0105 si\u0119 unosi\u0107.<\/li>\n<\/ul>","protected":false},"featured_media":3259,"comment_status":"open","ping_status":"closed","template":"","meta":[],"product_brand":[],"product_cat":[290],"product_tag":[303,197],"class_list":{"0":"post-3257","1":"product","2":"type-product","3":"status-publish","4":"has-post-thumbnail","6":"product_cat-whetstones","7":"product_tag-303","8":"product_tag-naniwa","9":"product_shipping_class-iprastas","11":"first","12":"outofstock","13":"shipping-taxable","14":"purchasable","15":"product-type-simple"},"_links":{"self":[{"href":"https:\/\/jnats.eu\/pl\/wp-json\/wp\/v2\/product\/3257","targetHints":{"allow":["GET"]}}],"collection":[{"href":"https:\/\/jnats.eu\/pl\/wp-json\/wp\/v2\/product"}],"about":[{"href":"https:\/\/jnats.eu\/pl\/wp-json\/wp\/v2\/types\/product"}],"replies":[{"embeddable":true,"href":"https:\/\/jnats.eu\/pl\/wp-json\/wp\/v2\/comments?post=3257"}],"wp:featuredmedia":[{"embeddable":true,"href":"https:\/\/jnats.eu\/pl\/wp-json\/wp\/v2\/media\/3259"}],"wp:attachment":[{"href":"https:\/\/jnats.eu\/pl\/wp-json\/wp\/v2\/media?parent=3257"}],"wp:term":[{"taxonomy":"product_brand","embeddable":true,"href":"https:\/\/jnats.eu\/pl\/wp-json\/wp\/v2\/product_brand?post=3257"},{"taxonomy":"product_cat","embeddable":true,"href":"https:\/\/jnats.eu\/pl\/wp-json\/wp\/v2\/product_cat?post=3257"},{"taxonomy":"product_tag","embeddable":true,"href":"https:\/\/jnats.eu\/pl\/wp-json\/wp\/v2\/product_tag?post=3257"}],"curies":[{"name":"wp","href":"https:\/\/api.w.org\/{rel}","templated":true}]}}