{"id":340,"date":"2024-03-03T16:17:30","date_gmt":"2024-03-03T14:17:30","guid":{"rendered":"http:\/\/jnats.eu\/?post_type=product&#038;p=340"},"modified":"2024-09-21T11:33:09","modified_gmt":"2024-09-21T08:33:09","slug":"oselka-do-golenia-otaniyama-asagi","status":"publish","type":"product","link":"https:\/\/jnats.eu\/pl\/produkt-2\/oselka-do-golenia-otaniyama-asagi\/","title":{"rendered":"Ose\u0142ka do wyka\u0144czania brzytwy Otaniyama Asagi"},"content":{"rendered":"<p>Wielkogabarytowe kamienie Otaniyama s\u0105 ju\u017c prawie niedost\u0119pne w handlu. Otaniyama jest oko\u0142o 10 km na p\u00f3\u0142nocny zach\u00f3d od centrum Kameoka.<\/p>\n\n\n\n<p>Szyb wykopany jest w miejscu zwanym G\u00f3r\u0105 Otani, co jest zbiorow\u0105 nazw\u0105 kilku g\u00f3r. Kamie\u0144 sta\u0142 si\u0119 popularny w ca\u0142ej Japonii jako kamie\u0144 do golenia.<\/p>\n\n\n\n<p>Cho\u0107 jest doskona\u0142ym kamieniem szlifierskim, nie jest powszechnie znany. Obszar Kameoka, gdzie wydobywano wiele szlachetnych kamieni do ostrzenia, ale ludzie tam pracuj\u0105cy nie byli cz\u0142onkami Stowarzyszenia Kamieni Naturalnych z Kioto. Uwa\u017ca si\u0119, \u017ce ten rodzaj kamienia nie by\u0142 powszechnie znany, gdy\u017c jego g\u00f3rnicy nie mieli dost\u0119pu do wspomnianej organizacji. Jednak wielu zafascynowa\u0142o si\u0119 doskona\u0142o\u015bci\u0105 tej ose\u0142ki i zacz\u0119\u0142o u\u017cywa\u0107 jej do maszynek do golenia. <\/p>\n\n\n\n<p>Firma handlowa rozpowszechni\u0142a t\u0119 wiadomo\u015b\u0107 w salonach fryzjerskich w ca\u0142ej Japonii poprzez sprzeda\u017c obwo\u017an\u0105. Ostro\u015b\u0107 brzytwy jest tak samo wa\u017cna w zak\u0142adzie fryzjerskim, jak i dla fryzjera. W\u0142a\u015bciciele zak\u0142ad\u00f3w fryzjerskich ostro\u017cnie dobierali ose\u0142ki, gdy\u017c kojarzy\u0142y si\u0119 one z reputacj\u0105 firmy. Jest to kamie\u0144 o d\u0142ugiej historii dystrybucji. Oczywi\u015bcie, je\u015bli reakcja na stal nie wydaje si\u0119 wystarczaj\u0105co ostra, mo\u017cna go wykorzysta\u0107 jako kamie\u0144 do golenia.<\/p>\n\n\n\n<p>S\u0142ysza\u0142em, \u017ce du\u017ce egzemplarze sprzedawano w\u00f3wczas po 10 000 jen\u00f3w. Przy obecnej warto\u015bci pieni\u0119\u017cnej, po przeliczeniu, b\u0119dzie to oko\u0142o 200 000 jen\u00f3w (oko\u0142o 1220 euro). Jak sama nazwa wskazuje, ta ose\u0142ka nadaje si\u0119 do ko\u0144cowego ostrzenia brzytew, no\u017cy, ma\u0142ych ostrzy, strugarek, d\u0142ut i innych. na etap ostrzenia.<\/p>\n\n\n\n<p>Zimna woda z czasem znacznie pogorszy reakcj\u0119 stali, dlatego podczas ostrzenia nale\u017cy u\u017cywa\u0107 ciep\u0142ej wody o temperaturze oko\u0142o 42 stopni.<\/p>\n\n\n\n<figure class=\"wp-block-embed is-type-video is-provider-youtube wp-block-embed-youtube wp-embed-aspect-16-9 wp-has-aspect-ratio\"><div class=\"wp-block-embed__wrapper\">\n<div class=\"video-container\"><iframe title=\"Otaniyama Daigokujo - najlepszy kamie\u0144 naturalny do maszynek do golenia\" width=\"1170\" height=\"658\" src=\"https:\/\/www.youtube.com\/embed\/6k_XyH2uSsI?feature=oembed\" frameborder=\"0\" allow=\"accelerometer; autoplay; clipboard-write; encrypted-media; gyroscope; picture-in-picture; web-share\" referrerpolicy=\"strict-origin-when-cross-origin\" allowfullscreen><\/iframe><\/div>\n<\/div><\/figure>","protected":false},"excerpt":{"rendered":"<ul>\n<li>Rozmiar ok. 20,5 x 7,7 x 3,7 cm<\/li>\n<li>\u00a0Waga ok. 1330 gr<\/li>\n<li>Twardo\u015b\u0107 poziom 4<\/li>\n<li>Dzia\u0142a szybko i zapewnia g\u0142adkie golenie. W\u0142osy s\u0105 strzy\u017cone natychmiast po zako\u0144czeniu na kamieniu. Nagura lub p\u0142yta diamentowa nie s\u0105 konieczne.<\/li>\n<li>Jeden z najlepszych kamieni do golenia, jakie widzia\u0142em. Niezbyt \u0142adny, ale dzia\u0142a dobrze.<\/li>\n<\/ul>","protected":false},"featured_media":346,"comment_status":"open","ping_status":"closed","template":"","meta":[],"product_brand":[],"product_cat":[22],"product_tag":[45,71,70,69,72],"class_list":{"0":"post-340","1":"product","2":"type-product","3":"status-publish","4":"has-post-thumbnail","6":"product_cat-jnats","7":"product_tag-asagi","8":"product_tag-finishing","9":"product_tag-otaniyama","10":"product_tag-otaniyama-asagi","11":"product_tag-razor","12":"product_shipping_class-iprastas","14":"first","15":"outofstock","16":"sale","17":"shipping-taxable","18":"purchasable","19":"product-type-simple"},"_links":{"self":[{"href":"https:\/\/jnats.eu\/pl\/wp-json\/wp\/v2\/product\/340","targetHints":{"allow":["GET"]}}],"collection":[{"href":"https:\/\/jnats.eu\/pl\/wp-json\/wp\/v2\/product"}],"about":[{"href":"https:\/\/jnats.eu\/pl\/wp-json\/wp\/v2\/types\/product"}],"replies":[{"embeddable":true,"href":"https:\/\/jnats.eu\/pl\/wp-json\/wp\/v2\/comments?post=340"}],"wp:featuredmedia":[{"embeddable":true,"href":"https:\/\/jnats.eu\/pl\/wp-json\/wp\/v2\/media\/346"}],"wp:attachment":[{"href":"https:\/\/jnats.eu\/pl\/wp-json\/wp\/v2\/media?parent=340"}],"wp:term":[{"taxonomy":"product_brand","embeddable":true,"href":"https:\/\/jnats.eu\/pl\/wp-json\/wp\/v2\/product_brand?post=340"},{"taxonomy":"product_cat","embeddable":true,"href":"https:\/\/jnats.eu\/pl\/wp-json\/wp\/v2\/product_cat?post=340"},{"taxonomy":"product_tag","embeddable":true,"href":"https:\/\/jnats.eu\/pl\/wp-json\/wp\/v2\/product_tag?post=340"}],"curies":[{"name":"wp","href":"https:\/\/api.w.org\/{rel}","templated":true}]}}