{"id":3468,"date":"2024-11-04T09:31:45","date_gmt":"2024-11-04T07:31:45","guid":{"rendered":"https:\/\/jnats.eu\/?post_type=product&#038;p=3468"},"modified":"2025-03-16T17:07:40","modified_gmt":"2025-03-16T15:07:40","slug":"daishi-350-yasuki-steel-made-of-iron-sand-tamahagane-shave-ready","status":"publish","type":"product","link":"https:\/\/jnats.eu\/pl\/produkt-2\/daishi-350-yasuki-steel-made-of-iron-sand-tamahagane-shave-ready\/","title":{"rendered":"Daishi 350 Yasuki Steel Made of Iron Sand Tamahagane Shave ready"},"content":{"rendered":"<p>Daishi 350 Yasuki Stalowy wykonany z \u017celaza Tamahagane R.K. CO. Ostrze w kszta\u0142cie d\u0142uta. Stal Tamahagane wykonana z \"\u017celaznego piasku\" jest u\u017cywana do produkcji mieczy samurajskich i katan. Hartowana do 70HRC, agresywnie tn\u0105ca.<\/p>\n\n\n\n<figure class=\"wp-block-embed is-type-video is-provider-youtube wp-block-embed-youtube wp-embed-aspect-16-9 wp-has-aspect-ratio\"><div class=\"wp-block-embed__wrapper\">\nhttps:\/\/youtu.be\/NUE1ZOS4ac0\n<\/div><\/figure>","protected":false},"excerpt":{"rendered":"<ul>\n<li>Gotowa do golenia japo\u0144ska maszynka do golenia Daishi 350<\/li>\n<li>Ostrzenie zako\u0144czone pasem Otaniyama + Kanayama<\/li>\n<li>Kontrola mikroskopowa: brak p\u0119kni\u0119\u0107 i korozji na ostrzu<\/li>\n<li>Waga - 57 g<\/li>\n<li>D\u0142ugo\u015b\u0107 ostrza - 65 mm<\/li>\n<li>Wysoko\u015b\u0107 - 17 mm<\/li>\n<li>Grubo\u015b\u0107 ta\u015bmy - 5 mm<\/li>\n<li>Wykonana ze stali w\u0119glowej Tamahagane, kt\u00f3ra jest podatna na rdzewienie, dlatego po u\u017cyciu nale\u017cy wysuszy\u0107 maszynk\u0119 i przechowywa\u0107 j\u0105 w suchym miejscu. Do d\u0142ugotrwa\u0142ego przechowywania nale\u017cy j\u0105 nasmarowa\u0107.<\/li>\n<li><strong>Pod \u017cadnym pozorem nie reguluj ostro\u015bci za pomoc\u0105 papieru. Spowoduje to rozostrzenie ka\u017cdej maszynki!<\/strong><\/li>\n<\/ul>","protected":false},"featured_media":3472,"comment_status":"open","ping_status":"closed","template":"","meta":[],"product_brand":[],"product_cat":[23],"product_tag":[164,26],"class_list":{"0":"post-3468","1":"product","2":"type-product","3":"status-publish","4":"has-post-thumbnail","6":"product_cat-razors","7":"product_tag-daishi","8":"product_tag-tamahagane","9":"product_shipping_class-light","11":"first","12":"outofstock","13":"sale","14":"shipping-taxable","15":"purchasable","16":"product-type-simple"},"_links":{"self":[{"href":"https:\/\/jnats.eu\/pl\/wp-json\/wp\/v2\/product\/3468","targetHints":{"allow":["GET"]}}],"collection":[{"href":"https:\/\/jnats.eu\/pl\/wp-json\/wp\/v2\/product"}],"about":[{"href":"https:\/\/jnats.eu\/pl\/wp-json\/wp\/v2\/types\/product"}],"replies":[{"embeddable":true,"href":"https:\/\/jnats.eu\/pl\/wp-json\/wp\/v2\/comments?post=3468"}],"wp:featuredmedia":[{"embeddable":true,"href":"https:\/\/jnats.eu\/pl\/wp-json\/wp\/v2\/media\/3472"}],"wp:attachment":[{"href":"https:\/\/jnats.eu\/pl\/wp-json\/wp\/v2\/media?parent=3468"}],"wp:term":[{"taxonomy":"product_brand","embeddable":true,"href":"https:\/\/jnats.eu\/pl\/wp-json\/wp\/v2\/product_brand?post=3468"},{"taxonomy":"product_cat","embeddable":true,"href":"https:\/\/jnats.eu\/pl\/wp-json\/wp\/v2\/product_cat?post=3468"},{"taxonomy":"product_tag","embeddable":true,"href":"https:\/\/jnats.eu\/pl\/wp-json\/wp\/v2\/product_tag?post=3468"}],"curies":[{"name":"wp","href":"https:\/\/api.w.org\/{rel}","templated":true}]}}