{"id":347,"date":"2024-03-03T16:29:49","date_gmt":"2024-03-03T14:29:49","guid":{"rendered":"http:\/\/jnats.eu\/?post_type=product&#038;p=347"},"modified":"2025-10-23T13:03:42","modified_gmt":"2025-10-23T10:03:42","slug":"ozuku-asagi-wyrosl-naturalny-kamien-wykonczeniowy-do-ostrzenia","status":"publish","type":"product","link":"https:\/\/jnats.eu\/pl\/produkt-2\/ozuku-asagi-wyrosl-naturalny-kamien-wykonczeniowy-do-ostrzenia\/","title":{"rendered":"Naturalny kamie\u0144 do ostrzenia Ozaki Asagi Daigokujo"},"content":{"rendered":"<figure class=\"wp-block-embed is-type-video is-provider-youtube wp-block-embed-youtube wp-embed-aspect-4-3 wp-has-aspect-ratio\"><div class=\"wp-block-embed__wrapper\">\n<div class=\"video-container\"><iframe title=\"Ozuku Asagi Lv 5+ Naguras H. Diamentowe ostrzenie brzytwy (mikroskopia)\" width=\"1170\" height=\"658\" src=\"https:\/\/www.youtube.com\/embed\/SfdZe_G6_YI?feature=oembed\" frameborder=\"0\" allow=\"accelerometer; autoplay; clipboard-write; encrypted-media; gyroscope; picture-in-picture; web-share\" referrerpolicy=\"strict-origin-when-cross-origin\" allowfullscreen><\/iframe><\/div>\n<\/div><\/figure>\n\n\n\n<p>Istnieje wiele kamieni ostrz\u0105cych o tym kszta\u0142cie, kt\u00f3re dobrze reaguj\u0105 na stal. Swego czasu japo\u0144skie kamienie by\u0142y eksportowane za granic\u0119, zw\u0142aszcza do USA. Rozmiar tego kszta\u0142tu spe\u0142nia ameryka\u0144skie standardy. Zosta\u0142 on specjalnie ukszta\u0142towany w ten spos\u00f3b.<\/p>\n\n\n\n<p>Ten kamie\u0144 szlifierski jest rzadko u\u017cywany i mo\u017ce uzyska\u0107 lustrzane wyko\u0144czenie, w zale\u017cno\u015bci od sposobu jego u\u017cycia. O tej porze roku u\u017cywaj gor\u0105cej wody o temperaturze oko\u0142o 42 stopni.<\/p>\n\n\n\n<p>Aby u\u017cy\u0107 go do po\u015bredniego etapu ostrzenia, mo\u017cna podnie\u015b\u0107 drobne ziarno za pomoc\u0105 \u015brednioziarnistej tarczy diamentowej, zwil\u017cy\u0107 ziarno \u015bcierne ciep\u0142\u0105 wod\u0105 i u\u017cy\u0107 delikatnej si\u0142y, aby uwolni\u0107 zawiesin\u0119 \u015bciern\u0105.<\/p>\n\n\n\n<p>Delikatne polerowanie drobnymi ziarnami \u015bciernymi zapewnia pi\u0119kne lustrzane wyko\u0144czenie. Nadaje si\u0119 do ko\u0144cowego etapu ostrzenia no\u017cy.<br>Kamie\u0144 ten mo\u017cna r\u00f3wnie\u017c wykorzysta\u0107 do ostrzenia brzytew, no\u017cy, no\u017cyczek, strugarek i d\u0142ut. Jest to wysokiej jako\u015bci kamie\u0144 szlifierski. U\u017cywaj go z pewno\u015bci\u0105.<\/p>","protected":false},"excerpt":{"rendered":"<ul>\n<li>Kultowy kamie\u0144 do wyka\u0144czania brzytew<\/li>\n<li>Rozmiar oko\u0142o: 20,7 x 5,5 x 2,5 cm<\/li>\n<li>Waga oko\u0142o: 710 g<\/li>\n<li>Wytrzyma\u0142o\u015b\u0107: Poz. 5+<\/li>\n<li>Aby przyspieszy\u0107 prac\u0119, zalecamy u\u017cycie gwo\u017adzia<\/li>\n<\/ul>","protected":false},"featured_media":349,"comment_status":"open","ping_status":"closed","template":"","meta":[],"product_brand":[],"product_cat":[22],"product_tag":[45,40,74,66,73],"class_list":{"0":"post-347","1":"product","2":"type-product","3":"status-publish","4":"has-post-thumbnail","6":"product_cat-jnats","7":"product_tag-asagi","8":"product_tag-awasedo","9":"product_tag-daigokujo","10":"product_tag-ozuku","11":"product_tag-ozuku-asagi-daigokujo","12":"product_shipping_class-iprastas","14":"first","15":"outofstock","16":"sale","17":"shipping-taxable","18":"purchasable","19":"product-type-simple"},"_links":{"self":[{"href":"https:\/\/jnats.eu\/pl\/wp-json\/wp\/v2\/product\/347","targetHints":{"allow":["GET"]}}],"collection":[{"href":"https:\/\/jnats.eu\/pl\/wp-json\/wp\/v2\/product"}],"about":[{"href":"https:\/\/jnats.eu\/pl\/wp-json\/wp\/v2\/types\/product"}],"replies":[{"embeddable":true,"href":"https:\/\/jnats.eu\/pl\/wp-json\/wp\/v2\/comments?post=347"}],"wp:featuredmedia":[{"embeddable":true,"href":"https:\/\/jnats.eu\/pl\/wp-json\/wp\/v2\/media\/349"}],"wp:attachment":[{"href":"https:\/\/jnats.eu\/pl\/wp-json\/wp\/v2\/media?parent=347"}],"wp:term":[{"taxonomy":"product_brand","embeddable":true,"href":"https:\/\/jnats.eu\/pl\/wp-json\/wp\/v2\/product_brand?post=347"},{"taxonomy":"product_cat","embeddable":true,"href":"https:\/\/jnats.eu\/pl\/wp-json\/wp\/v2\/product_cat?post=347"},{"taxonomy":"product_tag","embeddable":true,"href":"https:\/\/jnats.eu\/pl\/wp-json\/wp\/v2\/product_tag?post=347"}],"curies":[{"name":"wp","href":"https:\/\/api.w.org\/{rel}","templated":true}]}}