{"id":3476,"date":"2024-11-05T11:41:44","date_gmt":"2024-11-05T09:41:44","guid":{"rendered":"https:\/\/jnats.eu\/?post_type=product&#038;p=3476"},"modified":"2024-11-07T13:18:37","modified_gmt":"2024-11-07T11:18:37","slug":"paruostas-skustis-naudotas-vintazinis-japoniskas-skustuvas-kamisori","status":"publish","type":"product","link":"https:\/\/jnats.eu\/pl\/produkt-2\/paruostas-skustis-naudotas-vintazinis-japoniskas-skustuvas-kamisori\/","title":{"rendered":"Gotowa do u\u017cycia japo\u0144ska brzytwa Kamisori w stylu vintage"},"content":{"rendered":"<figure class=\"wp-block-embed is-type-video is-provider-youtube wp-block-embed-youtube wp-embed-aspect-16-9 wp-has-aspect-ratio\"><div class=\"wp-block-embed__wrapper\">\n<div class=\"video-container\"><iframe title=\"U\u017cywany zestaw do golenia Vintage Kamisori\" width=\"1170\" height=\"658\" src=\"https:\/\/www.youtube.com\/embed\/UHVCt3oOkkQ?feature=oembed\" frameborder=\"0\" allow=\"accelerometer; autoplay; clipboard-write; encrypted-media; gyroscope; picture-in-picture; web-share\" referrerpolicy=\"strict-origin-when-cross-origin\" allowfullscreen><\/iframe><\/div>\n<\/div><\/figure>","protected":false},"excerpt":{"rendered":"<ul>\n<li>Gotowa do u\u017cycia japo\u0144ska maszynka do golenia Henkotsu Kamisori<\/li>\n<li>Ostrzenie zako\u0144czone naturalnym japo\u0144skim kamieniem Shobudani karasu + pas Kanayama<\/li>\n<li>Kontrola mikroskopowa: brak p\u0119kni\u0119\u0107 i korozji na ostrzu<\/li>\n<li>Waga - 36 g<\/li>\n<li>D\u0142ugo\u015b\u0107 ostrza - 43 mm<\/li>\n<li>Wysoko\u015b\u0107 - 18 mm<\/li>\n<li>Grubo\u015b\u0107 ta\u015bmy - 4 mm<\/li>\n<li>Wykonana ze stali w\u0119glowej, kt\u00f3ra jest podatna na rdzewienie, dlatego po u\u017cyciu nale\u017cy wysuszy\u0107 maszynk\u0119 i przechowywa\u0107 j\u0105 w suchym miejscu. W przypadku d\u0142ugotrwa\u0142ego przechowywania nale\u017cy nasmarowa\u0107 j\u0105 smarem.<\/li>\n<li>Podobnie jak w wi\u0119kszo\u015bci Kamisori, twarda stalowa p\u0142ytka jest przyspawana do bardziej mi\u0119kkiej ramy. Zmniejsza to zapotrzebowanie na dobr\u0105 stal i zapobiega p\u0119kaniu, np. w przypadku upuszczenia maszynki. Zawiera ona r\u00f3wnie\u017c mniej w\u0119gla i jest mniej podatna na rdzewienie.<\/li>\n<li><strong>Pod \u017cadnym pozorem nie reguluj ostro\u015bci za pomoc\u0105 papieru. Spowoduje to rozostrzenie ka\u017cdej maszynki!<\/strong><\/li>\n<\/ul>","protected":false},"featured_media":3480,"comment_status":"open","ping_status":"closed","template":"","meta":[],"product_brand":[],"product_cat":[23],"product_tag":[25],"class_list":{"0":"post-3476","1":"product","2":"type-product","3":"status-publish","4":"has-post-thumbnail","6":"product_cat-razors","7":"product_tag-kamisori","9":"first","10":"outofstock","11":"shipping-taxable","12":"purchasable","13":"product-type-simple"},"_links":{"self":[{"href":"https:\/\/jnats.eu\/pl\/wp-json\/wp\/v2\/product\/3476","targetHints":{"allow":["GET"]}}],"collection":[{"href":"https:\/\/jnats.eu\/pl\/wp-json\/wp\/v2\/product"}],"about":[{"href":"https:\/\/jnats.eu\/pl\/wp-json\/wp\/v2\/types\/product"}],"replies":[{"embeddable":true,"href":"https:\/\/jnats.eu\/pl\/wp-json\/wp\/v2\/comments?post=3476"}],"wp:featuredmedia":[{"embeddable":true,"href":"https:\/\/jnats.eu\/pl\/wp-json\/wp\/v2\/media\/3480"}],"wp:attachment":[{"href":"https:\/\/jnats.eu\/pl\/wp-json\/wp\/v2\/media?parent=3476"}],"wp:term":[{"taxonomy":"product_brand","embeddable":true,"href":"https:\/\/jnats.eu\/pl\/wp-json\/wp\/v2\/product_brand?post=3476"},{"taxonomy":"product_cat","embeddable":true,"href":"https:\/\/jnats.eu\/pl\/wp-json\/wp\/v2\/product_cat?post=3476"},{"taxonomy":"product_tag","embeddable":true,"href":"https:\/\/jnats.eu\/pl\/wp-json\/wp\/v2\/product_tag?post=3476"}],"curies":[{"name":"wp","href":"https:\/\/api.w.org\/{rel}","templated":true}]}}