{"id":3482,"date":"2025-07-21T11:01:23","date_gmt":"2025-07-21T08:01:23","guid":{"rendered":"https:\/\/jnats.eu\/?post_type=product&#038;p=3482"},"modified":"2026-03-09T22:17:52","modified_gmt":"2026-03-09T20:17:52","slug":"nenaudotas-vintazinis-japoniskas-skustuvas-kamisori-nos","status":"publish","type":"product","link":"https:\/\/jnats.eu\/pl\/produkt-2\/nenaudotas-vintazinis-japoniskas-skustuvas-kamisori-nos\/","title":{"rendered":"Nieu\u017cywana japo\u0144ska maszynka do golenia Kamisori NOS"},"content":{"rendered":"<p>Tradycyjne kamisori s\u0105 zwykle wykonane z wysokiej jako\u015bci stali w\u0119glowej (np. stali Shirogami lub Aogami) przyspawanej do mi\u0119kkiej stalowej ramy z uchwytem.<\/p>\n\n\n\n<figure class=\"wp-block-embed is-type-video is-provider-youtube wp-block-embed-youtube wp-embed-aspect-16-9 wp-has-aspect-ratio\"><div class=\"wp-block-embed__wrapper\">\n<div class=\"video-container\"><iframe title=\"Nieu\u017cywana japo\u0144ska maszynka do golenia Kamisori NOS\" width=\"1170\" height=\"658\" src=\"https:\/\/www.youtube.com\/embed\/JFDJc_1jQQA?feature=oembed\" frameborder=\"0\" allow=\"accelerometer; autoplay; clipboard-write; encrypted-media; gyroscope; picture-in-picture; web-share\" referrerpolicy=\"strict-origin-when-cross-origin\" allowfullscreen><\/iframe><\/div>\n<\/div><\/figure>","protected":false},"excerpt":{"rendered":"<ul>\n<li>Nieu\u017cywana japo\u0144ska maszynka do golenia Kamisori.<\/li>\n<li>\u015alady korozji<\/li>\n<li>Wszystkie wymiary nieznacznie si\u0119 r\u00f3\u017cni\u0105, nie s\u0105 wykonane r\u0119cznie<\/li>\n<li>Waga - 30 g<\/li>\n<li>D\u0142ugo\u015b\u0107 ostrza - 45 mm<\/li>\n<li>Wysoko\u015b\u0107 - 17 mm<\/li>\n<li>Grubo\u015b\u0107 ta\u015bmy - 5 mm<\/li>\n<li>Wykonana ze stali w\u0119glowej, kt\u00f3ra jest podatna na rdzewienie, dlatego po u\u017cyciu nale\u017cy wysuszy\u0107 maszynk\u0119 i przechowywa\u0107 j\u0105 w suchym miejscu. W przypadku d\u0142ugotrwa\u0142ego przechowywania nale\u017cy nasmarowa\u0107 j\u0105 smarem.<\/li>\n<li><strong>Pod \u017cadnym pozorem nie reguluj ostro\u015bci za pomoc\u0105 papieru. Spowoduje to rozostrzenie ka\u017cdej maszynki!<\/strong><\/li>\n<\/ul>","protected":false},"featured_media":5034,"comment_status":"open","ping_status":"closed","template":"","meta":[],"product_brand":[],"product_cat":[23],"product_tag":[25],"class_list":{"0":"post-3482","1":"product","2":"type-product","3":"status-publish","4":"has-post-thumbnail","6":"product_cat-razors","7":"product_tag-kamisori","8":"product_shipping_class-light","10":"first","11":"instock","12":"shipping-taxable","13":"purchasable","14":"product-type-variable"},"_links":{"self":[{"href":"https:\/\/jnats.eu\/pl\/wp-json\/wp\/v2\/product\/3482","targetHints":{"allow":["GET"]}}],"collection":[{"href":"https:\/\/jnats.eu\/pl\/wp-json\/wp\/v2\/product"}],"about":[{"href":"https:\/\/jnats.eu\/pl\/wp-json\/wp\/v2\/types\/product"}],"replies":[{"embeddable":true,"href":"https:\/\/jnats.eu\/pl\/wp-json\/wp\/v2\/comments?post=3482"}],"wp:featuredmedia":[{"embeddable":true,"href":"https:\/\/jnats.eu\/pl\/wp-json\/wp\/v2\/media\/5034"}],"wp:attachment":[{"href":"https:\/\/jnats.eu\/pl\/wp-json\/wp\/v2\/media?parent=3482"}],"wp:term":[{"taxonomy":"product_brand","embeddable":true,"href":"https:\/\/jnats.eu\/pl\/wp-json\/wp\/v2\/product_brand?post=3482"},{"taxonomy":"product_cat","embeddable":true,"href":"https:\/\/jnats.eu\/pl\/wp-json\/wp\/v2\/product_cat?post=3482"},{"taxonomy":"product_tag","embeddable":true,"href":"https:\/\/jnats.eu\/pl\/wp-json\/wp\/v2\/product_tag?post=3482"}],"curies":[{"name":"wp","href":"https:\/\/api.w.org\/{rel}","templated":true}]}}