{"id":3521,"date":"2024-11-15T15:59:54","date_gmt":"2024-11-15T13:59:54","guid":{"rendered":"https:\/\/jnats.eu\/?post_type=product&#038;p=3521"},"modified":"2024-12-11T10:35:45","modified_gmt":"2024-12-11T08:35:45","slug":"new-kinmoji-kamisori-paruostas-skustis","status":"publish","type":"product","link":"https:\/\/jnats.eu\/pl\/produkt-2\/new-kinmoji-kamisori-paruostas-skustis\/","title":{"rendered":"Nowe Kinmoji Kamisori gotowe do golenia"},"content":{"rendered":"<figure class=\"wp-block-embed is-type-video is-provider-youtube wp-block-embed-youtube wp-embed-aspect-16-9 wp-has-aspect-ratio\"><div class=\"wp-block-embed__wrapper\">\n<div class=\"video-container\"><iframe title=\"Nowe Kinmoji Kamisori Nakayama Awasedo\" width=\"1170\" height=\"658\" src=\"https:\/\/www.youtube.com\/embed\/SQeigg5Fprs?start=481&#038;feature=oembed\" frameborder=\"0\" allow=\"accelerometer; autoplay; clipboard-write; encrypted-media; gyroscope; picture-in-picture; web-share\" referrerpolicy=\"strict-origin-when-cross-origin\" allowfullscreen><\/iframe><\/div>\n<\/div><\/figure>","protected":false},"excerpt":{"rendered":"<ul>\n<li>Gotowa do golenia, u\u017cywana zabytkowa japo\u0144ska maszynka do golenia NEW Kinmoji Kamisori.<\/li>\n<li>\u015awietna opcja dla tych, kt\u00f3rzy chc\u0105 spr\u00f3bowa\u0107 Kamisori, ale jeszcze si\u0119 nie odwa\u017cyli!<\/li>\n<li>Ostrzenie zako\u0144czone ta\u015bm\u0105 Jnat + Moritaya<\/li>\n<li>Kontrola mikroskopowa: brak p\u0119kni\u0119\u0107 i korozji na ostrzu<\/li>\n<li>Waga - 41 g<\/li>\n<li>D\u0142ugo\u015b\u0107 ostrza - 42 mm<\/li>\n<li>Wysoko\u015b\u0107 - 16 mm<\/li>\n<li>Grubo\u015b\u0107 ta\u015bmy - 5 mm<\/li>\n<li>Wykonana ze stali w\u0119glowej, kt\u00f3ra jest podatna na rdzewienie, dlatego po u\u017cyciu nale\u017cy wysuszy\u0107 maszynk\u0119 i przechowywa\u0107 j\u0105 w suchym miejscu. W przypadku d\u0142ugotrwa\u0142ego przechowywania nale\u017cy nasmarowa\u0107 j\u0105 smarem.<\/li>\n<li>Twardy rdze\u0144 jest otoczony bardziej mi\u0119kk\u0105 stal\u0105, kt\u00f3ra chroni przed ewentualnym p\u0119kni\u0119ciem w przypadku upuszczenia maszynki.<\/li>\n<li>Plastikowy uchwyt.<\/li>\n<li><strong>Pod \u017cadnym pozorem nie reguluj ostro\u015bci za pomoc\u0105 papieru. Spowoduje to rozostrzenie ka\u017cdej maszynki!<\/strong><\/li>\n<\/ul>","protected":false},"featured_media":3527,"comment_status":"open","ping_status":"closed","template":"","meta":[],"product_brand":[],"product_cat":[23],"product_tag":[25,309],"class_list":{"0":"post-3521","1":"product","2":"type-product","3":"status-publish","4":"has-post-thumbnail","6":"product_cat-razors","7":"product_tag-kamisori","8":"product_tag-kinmoji","9":"product_shipping_class-light","11":"first","12":"outofstock","13":"sale","14":"shipping-taxable","15":"purchasable","16":"product-type-simple"},"_links":{"self":[{"href":"https:\/\/jnats.eu\/pl\/wp-json\/wp\/v2\/product\/3521","targetHints":{"allow":["GET"]}}],"collection":[{"href":"https:\/\/jnats.eu\/pl\/wp-json\/wp\/v2\/product"}],"about":[{"href":"https:\/\/jnats.eu\/pl\/wp-json\/wp\/v2\/types\/product"}],"replies":[{"embeddable":true,"href":"https:\/\/jnats.eu\/pl\/wp-json\/wp\/v2\/comments?post=3521"}],"wp:featuredmedia":[{"embeddable":true,"href":"https:\/\/jnats.eu\/pl\/wp-json\/wp\/v2\/media\/3527"}],"wp:attachment":[{"href":"https:\/\/jnats.eu\/pl\/wp-json\/wp\/v2\/media?parent=3521"}],"wp:term":[{"taxonomy":"product_brand","embeddable":true,"href":"https:\/\/jnats.eu\/pl\/wp-json\/wp\/v2\/product_brand?post=3521"},{"taxonomy":"product_cat","embeddable":true,"href":"https:\/\/jnats.eu\/pl\/wp-json\/wp\/v2\/product_cat?post=3521"},{"taxonomy":"product_tag","embeddable":true,"href":"https:\/\/jnats.eu\/pl\/wp-json\/wp\/v2\/product_tag?post=3521"}],"curies":[{"name":"wp","href":"https:\/\/api.w.org\/{rel}","templated":true}]}}