{"id":3528,"date":"2025-07-21T10:29:03","date_gmt":"2025-07-21T07:29:03","guid":{"rendered":"https:\/\/jnats.eu\/?post_type=product&#038;p=3528"},"modified":"2025-09-16T19:15:30","modified_gmt":"2025-09-16T16:15:30","slug":"nos-kamejumaru-kinsei-kamisori","status":"publish","type":"product","link":"https:\/\/jnats.eu\/pl\/produkt-2\/nos-kamejumaru-kinsei-kamisori\/","title":{"rendered":"NOS Kamejumaru Kinsei Kamisori"},"content":{"rendered":"<p>Tradycyjny <strong>Japo\u0144ska brzytwa kamisori<\/strong> z oryginalnym z\u0142otym pude\u0142kiem. S\u0105dz\u0105c po oznaczeniach i kszta\u0142cie, jest to <strong>Wysokiej jako\u015bci japo\u0144skie kamisori w stylu vintage<\/strong>wykonane z <strong>Yasuki Steel<\/strong>zazwyczaj w postaci <strong>Shirogami (bia\u0142y)<\/strong> lub <strong>Aogami (niebieski)<\/strong> gatunek stali.<\/p>\n\n\n\n<figure class=\"wp-block-embed is-type-video is-provider-youtube wp-block-embed-youtube wp-embed-aspect-16-9 wp-has-aspect-ratio\"><div class=\"wp-block-embed__wrapper\">\n<div class=\"video-container\"><iframe title=\"NOS Kamejumaru Kinsei Kamisori\" width=\"1170\" height=\"658\" src=\"https:\/\/www.youtube.com\/embed\/mixFFoWXIao?feature=oembed\" frameborder=\"0\" allow=\"accelerometer; autoplay; clipboard-write; encrypted-media; gyroscope; picture-in-picture; web-share\" referrerpolicy=\"strict-origin-when-cross-origin\" allowfullscreen><\/iframe><\/div>\n<\/div><\/figure>\n\n\n\n<hr class=\"wp-block-separator has-alpha-channel-opacity\"\/>\n\n\n\n<h3 class=\"wp-block-heading\">Napisy na pude\u0142ku:<\/h3>\n\n\n\n<ul class=\"wp-block-list\">\n<li>\u4e80\u5bff\u4e38\u8b39\u88fd (<strong>Kamejumaru Kinsei<\/strong>) - marka <em>Kamejumaru<\/em>co oznacza \"honorowo wykonany Kamejumaru\".<\/li>\n\n\n\n<li>\u4fdd\u8a3c (<strong>Hosh\u014d<\/strong>) - gwarancja.<\/li>\n\n\n\n<li>\u8b39\u88fd (<strong>Kinsei<\/strong>) - wykonane z szacunkiem \/ trosk\u0105.<\/li>\n\n\n\n<li>\u30b4\u30e0\u67c4\u4ed8 - <em>gumu-e tsuki<\/em> - z gumow\u0105 r\u0119koje\u015bci\u0105 (co jest prawd\u0105 - n\u00f3\u017c ma niebieskie gumowe opakowanie, cz\u0119sto okre\u015blane jako \"kumi tsuka\").<\/li>\n<\/ul>\n\n\n\n<h4 class=\"wp-block-heading\">Ostrze:<\/h4>\n\n\n\n<ul class=\"wp-block-list\">\n<li>Typowy <strong>kataba<\/strong> (jednostronne ostrzenie) w formie kamisori.<\/li>\n<\/ul>\n\n\n\n<hr class=\"wp-block-separator has-alpha-channel-opacity\"\/>\n\n\n\n<p>To jest <strong>Kamejumaru<\/strong> marki <em>NOS (New Old Stock)<\/em> Japo\u0144skie kamisori do profesjonalnego u\u017cytku w salonach fryzjerskich lub barberskich.<br>Wyprodukowane w Japonii, prawdopodobnie w drugiej po\u0142owie XX wieku (1960-1980), kiedy kamisori by\u0142y nadal powszechnie u\u017cywane, ale zacz\u0119\u0142y ju\u017c traci\u0107 na popularno\u015bci ze wzgl\u0119du na nowoczesne maszynki do golenia.<\/p>\n\n\n\n<p><\/p>","protected":false},"excerpt":{"rendered":"<ul>\n<li>Nieu\u017cywana japo\u0144ska maszynka do golenia Kamejumaru Kinsei.<\/li>\n<li>Waga - 34 g<\/li>\n<li>D\u0142ugo\u015b\u0107 ostrza - 44 mm<\/li>\n<li>Wysoko\u015b\u0107 - 17 mm<\/li>\n<li>Grubo\u015b\u0107 ta\u015bmy - 5 mm<\/li>\n<li>Wykonana ze stali w\u0119glowej, kt\u00f3ra jest podatna na rdzewienie, dlatego po u\u017cyciu nale\u017cy wysuszy\u0107 maszynk\u0119 i przechowywa\u0107 j\u0105 w suchym miejscu. W przypadku d\u0142ugotrwa\u0142ego przechowywania nale\u017cy nasmarowa\u0107 j\u0105 smarem.<\/li>\n<li>Twardy rdze\u0144 jest otoczony bardziej mi\u0119kk\u0105 stal\u0105, kt\u00f3ra chroni przed ewentualnym p\u0119kni\u0119ciem w przypadku upuszczenia maszynki.<\/li>\n<li>Plastikowy uchwyt.<\/li>\n<li><strong>Bardzo dobry stan bez widocznych oznak korozji<\/strong><\/li>\n<\/ul>","protected":false},"featured_media":5017,"comment_status":"open","ping_status":"closed","template":"","meta":[],"product_brand":[],"product_cat":[23],"product_tag":[25,309,121,308],"class_list":{"0":"post-3528","1":"product","2":"type-product","3":"status-publish","4":"has-post-thumbnail","6":"product_cat-razors","7":"product_tag-kamisori","8":"product_tag-kinmoji","9":"product_tag-new","10":"product_tag-shave-ready","11":"product_shipping_class-light","13":"first","14":"outofstock","15":"shipping-taxable","16":"purchasable","17":"product-type-simple"},"_links":{"self":[{"href":"https:\/\/jnats.eu\/pl\/wp-json\/wp\/v2\/product\/3528","targetHints":{"allow":["GET"]}}],"collection":[{"href":"https:\/\/jnats.eu\/pl\/wp-json\/wp\/v2\/product"}],"about":[{"href":"https:\/\/jnats.eu\/pl\/wp-json\/wp\/v2\/types\/product"}],"replies":[{"embeddable":true,"href":"https:\/\/jnats.eu\/pl\/wp-json\/wp\/v2\/comments?post=3528"}],"wp:featuredmedia":[{"embeddable":true,"href":"https:\/\/jnats.eu\/pl\/wp-json\/wp\/v2\/media\/5017"}],"wp:attachment":[{"href":"https:\/\/jnats.eu\/pl\/wp-json\/wp\/v2\/media?parent=3528"}],"wp:term":[{"taxonomy":"product_brand","embeddable":true,"href":"https:\/\/jnats.eu\/pl\/wp-json\/wp\/v2\/product_brand?post=3528"},{"taxonomy":"product_cat","embeddable":true,"href":"https:\/\/jnats.eu\/pl\/wp-json\/wp\/v2\/product_cat?post=3528"},{"taxonomy":"product_tag","embeddable":true,"href":"https:\/\/jnats.eu\/pl\/wp-json\/wp\/v2\/product_tag?post=3528"}],"curies":[{"name":"wp","href":"https:\/\/api.w.org\/{rel}","templated":true}]}}