{"id":354,"date":"2024-03-04T10:32:51","date_gmt":"2024-03-04T08:32:51","guid":{"rendered":"http:\/\/jnats.eu\/?post_type=product&#038;p=354"},"modified":"2026-01-29T13:28:16","modified_gmt":"2026-01-29T11:28:16","slug":"noz-mysliwski-kowalski-k390-g10","status":"publish","type":"product","link":"https:\/\/jnats.eu\/pl\/produkt-2\/noz-mysliwski-kowalski-k390-g10\/","title":{"rendered":"N\u00f3\u017c my\u015bliwski kowalski K390, G10"},"content":{"rendered":"<ul class=\"wp-block-list\">\n<li>N\u00f3\u017c wykonany r\u0119cznie przez kowala Leonidasa Wasiliewa<\/li>\n\n\n\n<li>Laminowana stal proszkowa K390. Zewn\u0119trzna warstwa bardziej mi\u0119kkiej stali chroni przed korozj\u0105, zwi\u0119ksza odporno\u015b\u0107 na p\u0119kanie i nadaje niepowtarzalny wygl\u0105d. Stal kuta jest przy u\u017cyciu koksu, kt\u00f3ry nasyca powierzchni\u0119 stali w\u0119glem i dzi\u0119ki temu staje si\u0119 jeszcze bardziej odporna na zu\u017cycie.<\/li>\n\n\n\n<li>65 HRC<\/li>\n\n\n\n<li>K390 w centrum. Laminat: Aus8, nikiel i 40\u00d713<\/li>\n\n\n\n<li>Wymiary ostrza: 135x30x3,9 mm<\/li>\n\n\n\n<li>Naostrzony pod k\u0105tem 36 stopni<\/li>\n\n\n\n<li>Uchwyt G10. Odporny na \u015brodowisko materia\u0142 sztuczny. 130 mm<\/li>\n\n\n\n<li>Etui ze sk\u00f3ry naturalnej (lu\u017ane)<\/li>\n\n\n\n<li>Waga 188 g (z etui 280 g)<\/li>\n\n\n\n<li>N\u00f3\u017c wyj\u0105tkowo trwa\u0142y i odporny na wstrz\u0105sy. Zdecydowanie zaleca si\u0119 stosowanie wy\u0142\u0105cznie do ci\u0119cia, poniewa\u017c posuw nie nadaje si\u0119 do ci\u0119\u017ckiej pracy.<\/li>\n<\/ul>\n\n\n\n<p>W\u0142a\u015bciwo\u015bci K390 s\u0105 ca\u0142kiem doskona\u0142e, z dobr\u0105 wytrzyma\u0142o\u015bci\u0105, bardzo wysok\u0105 odporno\u015bci\u0105 na zu\u017cycie i zachowaniem ostro\u015bci. Vanadis 8 i CPM-10V oferuj\u0105 podobne w\u0142a\u015bciwo\u015bci, cho\u0107 \u017caden z nich nie by\u0142 powszechnie stosowany w produkcji no\u017cy. Po\u0142\u0105czenie wytrzyma\u0142o\u015bci i odporno\u015bci na zu\u017cycie nie ma sobie r\u00f3wnych w \u017cadnej stali nierdzewnej. Wysoka zawarto\u015b\u0107 bardzo twardych w\u0119glik\u00f3w wanadu powoduje, \u017ce zar\u00f3wno producenci no\u017cy, jak i duzi producenci no\u017cy narzekaj\u0105 na trudno\u015b\u0107 szlifowania i polerowania tej stali. W rezultacie K390, Vanadis 8 i CPM-10V prawdopodobnie nigdy nie osi\u0105gn\u0105 statusu g\u0142\u00f3wnego nurtu. (\u0179r\u00f3d\u0142o https:\/\/knifesteelnerds.com\/2023\/04\/11\/k390-best-high-wear-resistance-steel\/)<\/p>\n\n\n\n<figure class=\"wp-block-embed is-type-video is-provider-youtube wp-block-embed-youtube wp-embed-aspect-16-9 wp-has-aspect-ratio\"><div class=\"wp-block-embed__wrapper\">\n<div class=\"video-container\"><iframe title=\"N\u00f3\u017c my\u015bliwski K390\" width=\"1170\" height=\"658\" src=\"https:\/\/www.youtube.com\/embed\/5EQOqNbfS9A?feature=oembed\" frameborder=\"0\" allow=\"accelerometer; autoplay; clipboard-write; encrypted-media; gyroscope; picture-in-picture; web-share\" referrerpolicy=\"strict-origin-when-cross-origin\" allowfullscreen><\/iframe><\/div>\n<\/div><\/figure>\n\n\n\n<figure class=\"wp-block-embed is-type-video is-provider-youtube wp-block-embed-youtube wp-embed-aspect-16-9 wp-has-aspect-ratio\"><div class=\"wp-block-embed__wrapper\">\n<div class=\"video-container\"><iframe title=\"N\u00f3\u017c ze stali proszkowej k390\" width=\"1170\" height=\"658\" src=\"https:\/\/www.youtube.com\/embed\/yG9SaWlizNk?feature=oembed\" frameborder=\"0\" allow=\"accelerometer; autoplay; clipboard-write; encrypted-media; gyroscope; picture-in-picture; web-share\" referrerpolicy=\"strict-origin-when-cross-origin\" allowfullscreen><\/iframe><\/div>\n<\/div><\/figure>","protected":false},"excerpt":{"rendered":"<ul>\n<li>N\u00f3\u017c wykonany r\u0119cznie przez kowala Leonidasa Wasiliewa<\/li>\n<li>Laminowana stal proszkowa K390. Zewn\u0119trzna warstwa bardziej mi\u0119kkiej stali chroni przed korozj\u0105, zwi\u0119ksza odporno\u015b\u0107 na p\u0119kanie i nadaje niepowtarzalny wygl\u0105d.<\/li>\n<li>65 HRC. Stal ta nie jest dost\u0119pna seryjnie, poniewa\u017c jest trudna w obr\u00f3bce i wymaga odpowiedniego doboru obr\u00f3bki cieplnej, co wymaga czasu, energii, umiej\u0119tno\u015bci i wysi\u0142ku.\u00a0<\/li>\n<li>\u015arodek K390. Laminat: Aus8, nikiel i 40\u00d713. Stal jest kuta przy u\u017cyciu koksu, kt\u00f3ry wzbogaca stal w w\u0119giel i czyni j\u0105 jeszcze bardziej odporn\u0105 na zu\u017cycie.<\/li>\n<li>Wymiary ostrza: 135x30x3,9 mm<\/li>\n<li>Naostrzony pod k\u0105tem 36 stopni<\/li>\n<li>Uchwyt G10. Odporny na \u015brodowisko materia\u0142 sztuczny. 130 mm<\/li>\n<li>Etui ze sk\u00f3ry naturalnej (lu\u017ane)<\/li>\n<li>Waga 188 g (z etui 280 g)<\/li>\n<li>N\u00f3\u017c wyj\u0105tkowo trwa\u0142y i odporny na wstrz\u0105sy. Zdecydowanie zaleca si\u0119 stosowanie wy\u0142\u0105cznie do ci\u0119cia, poniewa\u017c posuw minimalny nie jest odpowiedni do pracy zgrubnej.<\/li>\n<\/ul>","protected":false},"featured_media":971,"comment_status":"open","ping_status":"closed","template":"","meta":[],"product_brand":[],"product_cat":[24],"product_tag":[77,75,76],"class_list":{"0":"post-354","1":"product","2":"type-product","3":"status-publish","4":"has-post-thumbnail","6":"product_cat-knifes","7":"product_tag-k390","8":"product_tag-medzioklinis-peilis","9":"product_tag-peilis","10":"product_shipping_class-iprastas","12":"first","13":"outofstock","14":"sale","15":"shipping-taxable","16":"purchasable","17":"product-type-simple"},"_links":{"self":[{"href":"https:\/\/jnats.eu\/pl\/wp-json\/wp\/v2\/product\/354","targetHints":{"allow":["GET"]}}],"collection":[{"href":"https:\/\/jnats.eu\/pl\/wp-json\/wp\/v2\/product"}],"about":[{"href":"https:\/\/jnats.eu\/pl\/wp-json\/wp\/v2\/types\/product"}],"replies":[{"embeddable":true,"href":"https:\/\/jnats.eu\/pl\/wp-json\/wp\/v2\/comments?post=354"}],"wp:featuredmedia":[{"embeddable":true,"href":"https:\/\/jnats.eu\/pl\/wp-json\/wp\/v2\/media\/971"}],"wp:attachment":[{"href":"https:\/\/jnats.eu\/pl\/wp-json\/wp\/v2\/media?parent=354"}],"wp:term":[{"taxonomy":"product_brand","embeddable":true,"href":"https:\/\/jnats.eu\/pl\/wp-json\/wp\/v2\/product_brand?post=354"},{"taxonomy":"product_cat","embeddable":true,"href":"https:\/\/jnats.eu\/pl\/wp-json\/wp\/v2\/product_cat?post=354"},{"taxonomy":"product_tag","embeddable":true,"href":"https:\/\/jnats.eu\/pl\/wp-json\/wp\/v2\/product_tag?post=354"}],"curies":[{"name":"wp","href":"https:\/\/api.w.org\/{rel}","templated":true}]}}