{"id":3573,"date":"2024-11-27T14:12:08","date_gmt":"2024-11-27T12:12:08","guid":{"rendered":"https:\/\/jnats.eu\/?post_type=product&#038;p=3573"},"modified":"2024-12-11T17:30:34","modified_gmt":"2024-12-11T15:30:34","slug":"kanemasa-super-extra-full-concave-finest-razor-shave-ready","status":"publish","type":"product","link":"https:\/\/jnats.eu\/pl\/produkt-2\/kanemasa-super-extra-full-concave-finest-razor-shave-ready\/","title":{"rendered":"Brzytwa do golenia Kanemasa Super Extra Full Concave Finest Shave ready"},"content":{"rendered":"<figure class=\"wp-block-embed is-type-video is-provider-youtube wp-block-embed-youtube wp-embed-aspect-16-9 wp-has-aspect-ratio\"><div class=\"wp-block-embed__wrapper\">\nhttps:\/\/youtu.be\/u2bkMysMpX0\n<\/div><\/figure>","protected":false},"excerpt":{"rendered":"<ul>\n<li>Gotowa do golenia vintage japo\u0144ska maszynka do golenia Kanemasa Super Extra<\/li>\n<li>Ostrzenie zako\u0144czone przy u\u017cyciu Nakayama Karasu Aisa + Lama Belt<\/li>\n<li>Korozja uszkodzona, ostrze czyste.<\/li>\n<li>Waga - 47 g<\/li>\n<li>D\u0142ugo\u015b\u0107 ostrza - 72 mm<\/li>\n<li>Wysoko\u015b\u0107 - 18 mm<\/li>\n<li>Grubo\u015b\u0107 ta\u015bmy - 5 mm<\/li>\n<li>Wykonana ze stali w\u0119glowej, kt\u00f3ra jest podatna na rdzewienie, dlatego po u\u017cyciu nale\u017cy wysuszy\u0107 maszynk\u0119 i przechowywa\u0107 j\u0105 w suchym miejscu. W przypadku d\u0142ugotrwa\u0142ego przechowywania nale\u017cy nasmarowa\u0107 j\u0105 smarem.<\/li>\n<li><strong>Pod \u017cadnym pozorem nie reguluj ostro\u015bci za pomoc\u0105 papieru. Spowoduje to rozostrzenie ka\u017cdej maszynki!<\/strong><\/li>\n<\/ul>","protected":false},"featured_media":3577,"comment_status":"open","ping_status":"closed","template":"","meta":[],"product_brand":[],"product_cat":[23],"product_tag":[310,308],"class_list":{"0":"post-3573","1":"product","2":"type-product","3":"status-publish","4":"has-post-thumbnail","6":"product_cat-razors","7":"product_tag-kanemasa","8":"product_tag-shave-ready","9":"product_shipping_class-light","11":"first","12":"outofstock","13":"shipping-taxable","14":"purchasable","15":"product-type-simple"},"_links":{"self":[{"href":"https:\/\/jnats.eu\/pl\/wp-json\/wp\/v2\/product\/3573","targetHints":{"allow":["GET"]}}],"collection":[{"href":"https:\/\/jnats.eu\/pl\/wp-json\/wp\/v2\/product"}],"about":[{"href":"https:\/\/jnats.eu\/pl\/wp-json\/wp\/v2\/types\/product"}],"replies":[{"embeddable":true,"href":"https:\/\/jnats.eu\/pl\/wp-json\/wp\/v2\/comments?post=3573"}],"wp:featuredmedia":[{"embeddable":true,"href":"https:\/\/jnats.eu\/pl\/wp-json\/wp\/v2\/media\/3577"}],"wp:attachment":[{"href":"https:\/\/jnats.eu\/pl\/wp-json\/wp\/v2\/media?parent=3573"}],"wp:term":[{"taxonomy":"product_brand","embeddable":true,"href":"https:\/\/jnats.eu\/pl\/wp-json\/wp\/v2\/product_brand?post=3573"},{"taxonomy":"product_cat","embeddable":true,"href":"https:\/\/jnats.eu\/pl\/wp-json\/wp\/v2\/product_cat?post=3573"},{"taxonomy":"product_tag","embeddable":true,"href":"https:\/\/jnats.eu\/pl\/wp-json\/wp\/v2\/product_tag?post=3573"}],"curies":[{"name":"wp","href":"https:\/\/api.w.org\/{rel}","templated":true}]}}