{"id":3651,"date":"2025-07-21T10:46:30","date_gmt":"2025-07-21T07:46:30","guid":{"rendered":"https:\/\/jnats.eu\/?post_type=product&#038;p=3651"},"modified":"2025-10-04T01:47:52","modified_gmt":"2025-10-03T22:47:52","slug":"tradicinis-japoniskas-skustuvas-kamisori-henkotsu-shave-ready","status":"publish","type":"product","link":"https:\/\/jnats.eu\/pl\/produkt-2\/tradicinis-japoniskas-skustuvas-kamisori-henkotsu-shave-ready\/","title":{"rendered":"Tradycyjna japo\u0144ska brzytwa Kamisori Henkotsu NOS"},"content":{"rendered":"<figure class=\"wp-block-embed is-type-video is-provider-youtube wp-block-embed-youtube wp-embed-aspect-16-9 wp-has-aspect-ratio\"><div class=\"wp-block-embed__wrapper\">\n<div class=\"video-container\"><iframe title=\"Tradycyjna japo\u0144ska brzytwa Kamisori Henkotsu NOS\" width=\"1170\" height=\"658\" src=\"https:\/\/www.youtube.com\/embed\/DL54bPgnt04?feature=oembed\" frameborder=\"0\" allow=\"accelerometer; autoplay; clipboard-write; encrypted-media; gyroscope; picture-in-picture; web-share\" referrerpolicy=\"strict-origin-when-cross-origin\" allowfullscreen><\/iframe><\/div>\n<\/div><\/figure>\n\n\n\n<p><strong>Henkotsu kamisori NOS (New Old Stock)<\/strong> - jedna z bardziej znanych japo\u0144skich marek kamisori, produkowana w po\u0142owie XX wieku do u\u017cytku profesjonalnego. Brzytwy Henkotsu s\u0105 cenione za:<\/p>\n\n\n\n<ul class=\"wp-block-list\">\n<li>wysoka jako\u015b\u0107 <strong>Yasuki Steel<\/strong> (g\u0142\u00f3wnie Shirogami #2),<\/li>\n\n\n\n<li>precyzyjna geometria,<\/li>\n\n\n\n<li>dobre zachowanie podczas ostrzenia,<\/li>\n\n\n\n<li>zar\u00f3wno do u\u017cytku przez profesjonalnych fryzjer\u00f3w, jak i na eksport do innych kraj\u00f3w.<\/li>\n<\/ul>\n\n\n\n<p>Podobnie jak tradycyjny miecz samurajski, te Kamisori zosta\u0142y r\u0119cznie wykute z dw\u00f3ch warstw, cz\u0119\u015bci tn\u0105cej wykonanej ze stali wysokow\u0119glowej i warstwy no\u015bnej z prostszej stali. Warstwa stali jest krucha i twarda, podczas gdy pochwa zapewnia niezb\u0119dn\u0105 elastyczno\u015b\u0107.<\/p>\n\n\n\n<p>Obie warstwy nie s\u0105 odporne na rdz\u0119, dlatego po goleniu maszynk\u0119 nale\u017cy zawsze utrzymywa\u0107 w stanie suchym i zabezpieczy\u0107 cienk\u0105 warstw\u0105 oleju. Dlaczego ostrze rdzewieje? Ostrza bez rdzy s\u0105 wykonane ze stopu, kt\u00f3ry zapobiega powstawaniu plam korozyjnych, ale jest te\u017c mniej twardy. Stal wysokow\u0119glowa, taka jak warstwa tn\u0105ca tej maszynki Kamisori, zapewnia znacznie wy\u017csz\u0105 twardo\u015b\u0107 i umo\u017cliwia p\u0142ynne golenie przez znacznie d\u0142u\u017cszy czas, zanim konieczne b\u0119dzie ponowne ostrzenie!<\/p>","protected":false},"excerpt":{"rendered":"<ul>\n<li>Nieu\u017cywana japo\u0144ska maszynka do golenia Henkotsu Kamisori.<\/li>\n<li>Wszystkie wymiary i wagi r\u00f3\u017cni\u0105 si\u0119 nieznacznie, poniewa\u017c s\u0105 wykonane r\u0119cznie<\/li>\n<li>Waga - 33 g<\/li>\n<li>D\u0142ugo\u015b\u0107 ostrza - 45 mm<\/li>\n<li>Wysoko\u015b\u0107 - 19 mm<\/li>\n<li>Grubo\u015b\u0107 ta\u015bmy - 5 mm<\/li>\n<li>D\u0142ugo\u015b\u0107 ca\u0142kowita - 148 mm<\/li>\n<li>Wykonana ze stali w\u0119glowej, kt\u00f3ra jest podatna na rdzewienie, dlatego po u\u017cyciu nale\u017cy wysuszy\u0107 maszynk\u0119 i przechowywa\u0107 j\u0105 w suchym miejscu. W przypadku d\u0142ugotrwa\u0142ego przechowywania nale\u017cy nasmarowa\u0107 j\u0105 smarem.<\/li>\n<li>Twardy rdze\u0144 jest otoczony bardziej mi\u0119kk\u0105 stal\u0105, kt\u00f3ra chroni przed ewentualnym p\u0119kni\u0119ciem w przypadku upuszczenia maszynki.<\/li>\n<li>Niewielki wp\u0142yw korozji.<\/li>\n<li>Je\u015bli nie widzisz przedmiotu na li\u015bcie, zosta\u0142 on sprzedany.<\/li>\n<\/ul>","protected":false},"featured_media":5033,"comment_status":"open","ping_status":"closed","template":"","meta":[],"product_brand":[],"product_cat":[23],"product_tag":[314,25,313],"class_list":{"0":"post-3651","1":"product","2":"type-product","3":"status-publish","4":"has-post-thumbnail","6":"product_cat-razors","7":"product_tag-henkotsu","8":"product_tag-kamisori","9":"product_tag-kamisori-henkotsu","10":"product_shipping_class-light","12":"first","13":"instock","14":"shipping-taxable","15":"purchasable","16":"product-type-variable"},"_links":{"self":[{"href":"https:\/\/jnats.eu\/pl\/wp-json\/wp\/v2\/product\/3651","targetHints":{"allow":["GET"]}}],"collection":[{"href":"https:\/\/jnats.eu\/pl\/wp-json\/wp\/v2\/product"}],"about":[{"href":"https:\/\/jnats.eu\/pl\/wp-json\/wp\/v2\/types\/product"}],"replies":[{"embeddable":true,"href":"https:\/\/jnats.eu\/pl\/wp-json\/wp\/v2\/comments?post=3651"}],"wp:featuredmedia":[{"embeddable":true,"href":"https:\/\/jnats.eu\/pl\/wp-json\/wp\/v2\/media\/5033"}],"wp:attachment":[{"href":"https:\/\/jnats.eu\/pl\/wp-json\/wp\/v2\/media?parent=3651"}],"wp:term":[{"taxonomy":"product_brand","embeddable":true,"href":"https:\/\/jnats.eu\/pl\/wp-json\/wp\/v2\/product_brand?post=3651"},{"taxonomy":"product_cat","embeddable":true,"href":"https:\/\/jnats.eu\/pl\/wp-json\/wp\/v2\/product_cat?post=3651"},{"taxonomy":"product_tag","embeddable":true,"href":"https:\/\/jnats.eu\/pl\/wp-json\/wp\/v2\/product_tag?post=3651"}],"curies":[{"name":"wp","href":"https:\/\/api.w.org\/{rel}","templated":true}]}}