{"id":3679,"date":"2025-12-16T14:37:04","date_gmt":"2025-12-16T12:37:04","guid":{"rendered":"https:\/\/jnats.eu\/?post_type=product&#038;p=3679"},"modified":"2026-02-12T13:14:33","modified_gmt":"2026-02-12T11:14:33","slug":"nos-kamisori-tamahagane-pauvlonijos-dezuteje","status":"publish","type":"product","link":"https:\/\/jnats.eu\/pl\/produkt-2\/nos-kamisori-tamahagane-pauvlonijos-dezuteje\/","title":{"rendered":"Premium NOS Kamisori Tamahagane w pude\u0142ku pauvlonia"},"content":{"rendered":"<p>Widoczne s\u0105 \u015blady czasu i rdzy. Prosimy o dok\u0142adne zapoznanie si\u0119 ze zdj\u0119ciami i filmem. Brzytwy s\u0105 naostrzone, ale najlepiej wyko\u0144czone odpowiednim kamieniem i paskiem cordovan. Dla mniej wymagaj\u0105cych os\u00f3b odpowiednie jest golenie wszystkich naraz.<\/p>\n\n\n\n<figure class=\"wp-block-embed is-type-video is-provider-youtube wp-block-embed-youtube wp-embed-aspect-9-16 wp-has-aspect-ratio\"><div class=\"wp-block-embed__wrapper\">\n<div class=\"video-container\"><iframe title=\"Autentyczny Tamahagane Kamisori | NOS Japo\u0144skie rzemios\u0142o #tamahagane\" width=\"563\" height=\"1000\" src=\"https:\/\/www.youtube.com\/embed\/UoiK7YYzXa0?feature=oembed\" frameborder=\"0\" allow=\"accelerometer; autoplay; clipboard-write; encrypted-media; gyroscope; picture-in-picture; web-share\" referrerpolicy=\"strict-origin-when-cross-origin\" allowfullscreen><\/iframe><\/div>\n<\/div><\/figure>\n\n\n\n<h2 class=\"wp-block-heading\">T\u0142umaczenie:<\/h2>\n\n\n\n<h3 class=\"wp-block-heading\">Na pude\u0142ku<\/h3>\n\n\n\n<ul class=\"wp-block-list\">\n<li><strong>\u767b\u9332\u5546\u6a19<\/strong><br>T\u0142umaczenie: <em>Zarejestrowany znak towarowy<\/em>.<\/li>\n\n\n\n<li><strong>\u7279\u64b0<\/strong><br>T\u0142umaczenie: <em>Specjalnie wybrane<\/em> lub <em>najwy\u017csza jako\u015b\u0107<\/em>.<\/li>\n<\/ul>\n\n\n\n<h3 class=\"wp-block-heading\">Na maszynce do golenia<\/h3>\n\n\n\n<ol class=\"wp-block-list\">\n<li><strong>\u7d14\u6b63\u92fc\u51a0\u884c<\/strong><br>T\u0142umaczenie: <em>\"Oryginalna stal Tamahagane\"<\/em> za po\u015brednictwem <em>\"Stal najwy\u017cszej jako\u015bci\"<\/em>.<\/li>\n\n\n\n<li><strong>\u7279\u7d1a\u767b\u9332<\/strong><br>T\u0142umaczenie: <em>\"Zarejestrowana klasa specjalna\"<\/em> (produkt premium).<\/li>\n\n\n\n<li><strong>\u559c<\/strong><br>Jest to symbol rado\u015bci wykorzystywany w brandingu.<\/li>\n<\/ol>\n\n\n\n<p>Podobnie jak tradycyjny miecz samurajski, ten Kamisori zosta\u0142 r\u0119cznie wykuty z dw\u00f3ch warstw, z kt\u00f3rych cz\u0119\u015b\u0107 tn\u0105ca wykonana jest z twardej stali w\u0119glowej, a warstwa wspieraj\u0105ca z mi\u0119kkiej. To, co czyni ten Kamisori wyj\u0105tkowym, to fakt, \u017ce zastosowana stal to prawdziwa Tamahagane. Tamahagane to tradycyjna stal wytwarzana w Japonii od wiek\u00f3w z wyst\u0119puj\u0105cego tam \"\u017celaznego\" piasku i w\u0119gla. Poniewa\u017c Japonia nie ma du\u017cych zasob\u00f3w rudy \u017celaza, stal jest wytwarzana z piasku \u017celaznego w procesie, kt\u00f3ry zajmuje kilka dni r\u0119cznie. By\u0142o to g\u0142\u00f3wne \u017ar\u00f3d\u0142o materia\u0142u dla wszystkich mieczy samurajskich. Warstwa stali jest krucha i twarda (hartowana do 70HRC), podczas gdy bardziej mi\u0119kki szkielet zapewnia niezb\u0119dn\u0105 elastyczno\u015b\u0107.<\/p>\n\n\n\n<p>Obie warstwy nie s\u0105 odporne na rdz\u0119, dlatego po goleniu maszynka powinna by\u0107 sucha i zabezpieczona cienk\u0105 warstw\u0105 smaru. Dlaczego ta maszynka nie rdzewieje? Brzytwy ze stali nierdzewnej s\u0105 wykonane ze stopu, kt\u00f3ry zapobiega powstawaniu plam korozyjnych, ale jednocze\u015bnie sprawia, \u017ce brzytwa jest mniej twarda i mniej ostra. Stal wysokow\u0119glowa, taka jak warstwa tn\u0105ca tej maszynki Kamisori, zapewnia znacznie wy\u017csz\u0105 twardo\u015b\u0107 i pozwala zachowa\u0107 g\u0142adkie golenie przez znacznie d\u0142u\u017cszy czas, zanim konieczne b\u0119dzie ponowne ostrzenie, zw\u0142aszcza w przypadku warstwy Tamahagane!<\/p>\n\n\n\n<p>Stal Tamahagane \u7389\u92fc, legendarny i szanowany materia\u0142 w tradycyjnej japo\u0144skiej produkcji mieczy, zajmuje szczeg\u00f3lne miejsce w sercach zar\u00f3wno rzemie\u015blnik\u00f3w, jak i entuzjast\u00f3w. Znana ze swojej wyj\u0105tkowej jako\u015bci i skrupulatnego procesu rozwoju, stal Tamahagane uosabia idealne po\u0142\u0105czenie kunsztu, tradycji i funkcjonalno\u015bci. <\/p>\n\n\n\n<p>Poni\u017cej wida\u0107 m\u00f3j naostrzony kombajn:<\/p>\n\n\n\n<figure class=\"wp-block-embed is-type-video is-provider-youtube wp-block-embed-youtube wp-embed-aspect-16-9 wp-has-aspect-ratio\"><div class=\"wp-block-embed__wrapper\">\n<div class=\"video-container\"><iframe title=\"NOS Kamisori Tamahagane Shave ready\" width=\"1170\" height=\"658\" src=\"https:\/\/www.youtube.com\/embed\/a2fycebA5I4?feature=oembed\" frameborder=\"0\" allow=\"accelerometer; autoplay; clipboard-write; encrypted-media; gyroscope; picture-in-picture; web-share\" referrerpolicy=\"strict-origin-when-cross-origin\" allowfullscreen><\/iframe><\/div>\n<\/div><\/figure>","protected":false},"excerpt":{"rendered":"<p>NOS (New old Stock) japo\u0144ska brzytwa kamisori z ultra twardej (do 70 HRC) stali Tamahagane \u7389\u92fc. \u015aredniej wielko\u015bci, lekka kamisori. Brzytwa zosta\u0142a wyprodukowana w okresie Showa, oko\u0142o lat 60-tych. Przypadnie do gustu osobom lubi\u0105cym agresywne golenie.<\/p>\n<p>\u7d14\u7389\u92fc (Jun Tama Hagane), co oznacza \"Czysta stal Tamahagane\". Dodatkowy tekst \"\u5225\u6253\" (Betsuuchi) oznacza \"Long Forged\". D\u0142ugie kucie sprawia, \u017ce struktura stali jest bardziej jednorodna i mocniejsza oraz usuwa niepotrzebne zanieczyszczenia. Pozwala to na ostrzenie narz\u0119dzia z wi\u0119ksz\u0105 ostro\u015bci\u0105, a ostro\u015b\u0107 utrzymuje si\u0119 znacznie d\u0142u\u017cej.<\/p>\n<p>\u7279 \u7ea7 \u7f16 = Edycja specjalna<\/p>\n<p>Marka <strong>\"\u559c\"<\/strong> (symbol rado\u015bci) i ekskluzywny znak jako\u015bci \"\u7279\u64b0\" (premium) wskazuj\u0105, \u017ce jest to wysokiej klasy japo\u0144skie narz\u0119dzie do golenia wykonane z dba\u0142o\u015bci\u0105 o szczeg\u00f3\u0142y i przy u\u017cyciu najlepszej jako\u015bci stali.<\/p>\n<p><strong>Wymiary wszystkich Kamisori s\u0105 nieco inne, poniewa\u017c s\u0105 one wykonywane r\u0119cznie!<\/strong><\/p>\n<ul>\n<li>D\u0142ugo\u015b\u0107 oko\u0142o 152 mm<\/li>\n<li>Wysoko\u015b\u0107 ok. 17 mm<\/li>\n<li>D\u0142ugo\u015b\u0107 kraw\u0119dzi tn\u0105cej ok. 43 mm<\/li>\n<li>grubo\u015b\u0107 ok. 4 mm<\/li>\n<li>waga oko\u0142o 41 g.<\/li>\n<li>plastikowy uchwyt<\/li>\n<\/ul>","protected":false},"featured_media":5539,"comment_status":"open","ping_status":"closed","template":"","meta":[],"product_brand":[],"product_cat":[23],"product_tag":[25,26],"class_list":{"0":"post-3679","1":"product","2":"type-product","3":"status-publish","4":"has-post-thumbnail","6":"product_cat-razors","7":"product_tag-kamisori","8":"product_tag-tamahagane","9":"product_shipping_class-light","11":"first","12":"outofstock","13":"shipping-taxable","14":"product-type-variable"},"_links":{"self":[{"href":"https:\/\/jnats.eu\/pl\/wp-json\/wp\/v2\/product\/3679","targetHints":{"allow":["GET"]}}],"collection":[{"href":"https:\/\/jnats.eu\/pl\/wp-json\/wp\/v2\/product"}],"about":[{"href":"https:\/\/jnats.eu\/pl\/wp-json\/wp\/v2\/types\/product"}],"replies":[{"embeddable":true,"href":"https:\/\/jnats.eu\/pl\/wp-json\/wp\/v2\/comments?post=3679"}],"wp:featuredmedia":[{"embeddable":true,"href":"https:\/\/jnats.eu\/pl\/wp-json\/wp\/v2\/media\/5539"}],"wp:attachment":[{"href":"https:\/\/jnats.eu\/pl\/wp-json\/wp\/v2\/media?parent=3679"}],"wp:term":[{"taxonomy":"product_brand","embeddable":true,"href":"https:\/\/jnats.eu\/pl\/wp-json\/wp\/v2\/product_brand?post=3679"},{"taxonomy":"product_cat","embeddable":true,"href":"https:\/\/jnats.eu\/pl\/wp-json\/wp\/v2\/product_cat?post=3679"},{"taxonomy":"product_tag","embeddable":true,"href":"https:\/\/jnats.eu\/pl\/wp-json\/wp\/v2\/product_tag?post=3679"}],"curies":[{"name":"wp","href":"https:\/\/api.w.org\/{rel}","templated":true}]}}