{"id":3805,"date":"2025-06-25T11:45:01","date_gmt":"2025-06-25T08:45:01","guid":{"rendered":"https:\/\/jnats.eu\/?post_type=product&#038;p=3805"},"modified":"2026-01-27T16:22:07","modified_gmt":"2026-01-27T14:22:07","slug":"paruostas-skustis-vintazinis-skustuvas-thiers-issard-69","status":"publish","type":"product","link":"https:\/\/jnats.eu\/pl\/produkt-2\/paruostas-skustis-vintazinis-skustuvas-thiers-issard-69\/","title":{"rendered":"Gotowa do golenia zabytkowa maszynka do golenia Thiers Issard 69"},"content":{"rendered":"<figure class=\"wp-block-embed is-type-video is-provider-youtube wp-block-embed-youtube wp-embed-aspect-16-9 wp-has-aspect-ratio\"><div class=\"wp-block-embed__wrapper\">\n<div class=\"video-container\"><iframe title=\"Przywracanie do \u017cycia zabytkowej brzytwy za pomoc\u0105 legendarnych szkockich kamieni do ostrzenia\" width=\"1170\" height=\"658\" src=\"https:\/\/www.youtube.com\/embed\/CxW5ThgQQ5U?feature=oembed\" frameborder=\"0\" allow=\"accelerometer; autoplay; clipboard-write; encrypted-media; gyroscope; picture-in-picture; web-share\" referrerpolicy=\"strict-origin-when-cross-origin\" allowfullscreen><\/iframe><\/div>\n<\/div><\/figure>","protected":false},"excerpt":{"rendered":"<p>NOS (Nowe stare zapasy) nieu\u017cywane, tylko naostrzone, brzytwa Thiers Issard 69 Super Gnome Extra vintage z etui ze sk\u00f3ry ekologicznej. Wykonana w po\u0142owie ubieg\u0142ego wieku. Nadal s\u0105 produkowane pod t\u0105 mark\u0105, ale s\u0105 gorsze od starych pod wzgl\u0119dem jako\u015bci obr\u00f3bki termicznej i mechanicznej. S\u0105 cenione za mi\u0119kkie golenie. Ty\u0142 jest dotkni\u0119ty oznakami korozji, ale wszystkie ostrza s\u0105 ca\u0142kowicie nienaruszone, wi\u0119c nie b\u0119dzie problem\u00f3w z ostrzeniem i u\u017cytkowaniem. Mechanika i geometria s\u0105 nienaganne. Uwa\u017cnie obejrzyj zdj\u0119cia i wideo.<\/p>\n<ul>\n<li>Waga \u2013 47 g<\/li>\n<li>Wymiary ostrza \u2013 80x18x5 mm<\/li>\n<li>P\u00f3\u0142pusta pod\u0142oga<\/li>\n<\/ul>","protected":false},"featured_media":4806,"comment_status":"open","ping_status":"closed","template":"","meta":[],"product_brand":[],"product_cat":[23],"product_tag":[315],"class_list":{"0":"post-3805","1":"product","2":"type-product","3":"status-publish","4":"has-post-thumbnail","6":"product_cat-razors","7":"product_tag-thiers-issard-2","8":"product_shipping_class-light","10":"first","11":"outofstock","12":"sale","13":"shipping-taxable","14":"purchasable","15":"product-type-simple"},"_links":{"self":[{"href":"https:\/\/jnats.eu\/pl\/wp-json\/wp\/v2\/product\/3805","targetHints":{"allow":["GET"]}}],"collection":[{"href":"https:\/\/jnats.eu\/pl\/wp-json\/wp\/v2\/product"}],"about":[{"href":"https:\/\/jnats.eu\/pl\/wp-json\/wp\/v2\/types\/product"}],"replies":[{"embeddable":true,"href":"https:\/\/jnats.eu\/pl\/wp-json\/wp\/v2\/comments?post=3805"}],"wp:featuredmedia":[{"embeddable":true,"href":"https:\/\/jnats.eu\/pl\/wp-json\/wp\/v2\/media\/4806"}],"wp:attachment":[{"href":"https:\/\/jnats.eu\/pl\/wp-json\/wp\/v2\/media?parent=3805"}],"wp:term":[{"taxonomy":"product_brand","embeddable":true,"href":"https:\/\/jnats.eu\/pl\/wp-json\/wp\/v2\/product_brand?post=3805"},{"taxonomy":"product_cat","embeddable":true,"href":"https:\/\/jnats.eu\/pl\/wp-json\/wp\/v2\/product_cat?post=3805"},{"taxonomy":"product_tag","embeddable":true,"href":"https:\/\/jnats.eu\/pl\/wp-json\/wp\/v2\/product_tag?post=3805"}],"curies":[{"name":"wp","href":"https:\/\/api.w.org\/{rel}","templated":true}]}}