{"id":3879,"date":"2025-01-29T14:38:22","date_gmt":"2025-01-29T12:38:22","guid":{"rendered":"https:\/\/jnats.eu\/?post_type=product&#038;p=3879"},"modified":"2026-02-04T16:13:56","modified_gmt":"2026-02-04T14:13:56","slug":"naudoti-japoniski-vintaziniai-skustuvai-kamisori","status":"publish","type":"product","link":"https:\/\/jnats.eu\/pl\/produkt-2\/naudoti-japoniski-vintaziniai-skustuvai-kamisori\/","title":{"rendered":"U\u017cywane zabytkowe japo\u0144skie maszynki do golenia Kamisori"},"content":{"rendered":"<figure class=\"wp-block-embed is-type-video is-provider-youtube wp-block-embed-youtube wp-embed-aspect-16-9 wp-has-aspect-ratio\"><div class=\"wp-block-embed__wrapper\">\n<div class=\"video-container\"><iframe title=\"Kamisori\" width=\"1170\" height=\"658\" src=\"https:\/\/www.youtube.com\/embed\/Es3h28h7VN8?feature=oembed\" frameborder=\"0\" allow=\"accelerometer; autoplay; clipboard-write; encrypted-media; gyroscope; picture-in-picture; web-share\" referrerpolicy=\"strict-origin-when-cross-origin\" allowfullscreen><\/iframe><\/div>\n<\/div><\/figure>\n\n\n\n<p>Podobnie jak tradycyjny miecz samurajski, te Kamisori zosta\u0142y r\u0119cznie wykute z dw\u00f3ch warstw, cz\u0119\u015bci tn\u0105cej wykonanej ze stali wysokow\u0119glowej i warstwy no\u015bnej z prostszej stali. Warstwa stali jest krucha i twarda, podczas gdy pochwa zapewnia niezb\u0119dn\u0105 elastyczno\u015b\u0107.<\/p>\n\n\n\n<p>Obie warstwy nie s\u0105 odporne na rdz\u0119, dlatego po goleniu maszynk\u0119 nale\u017cy zawsze utrzymywa\u0107 w stanie suchym i zabezpieczy\u0107 cienk\u0105 warstw\u0105 oleju. Dlaczego do produkcji tej maszynki wybrano zardzewia\u0142\u0105 stal? Brzytwy bez rdzy s\u0105 wykonane ze stopu, kt\u00f3ry zapobiega powstawaniu plam korozyjnych, ale jest te\u017c mniej twardy i mniej ostry. Stal wysokow\u0119glowa, taka jak warstwa tn\u0105ca tej maszynki Kamisori, zapewnia znacznie wy\u017csz\u0105 twardo\u015b\u0107 i zapewnia g\u0142adkie golenie przez znacznie d\u0142u\u017cszy czas, zanim b\u0119dzie trzeba j\u0105 ponownie naostrzy\u0107, a ponadto mo\u017cna j\u0105 naostrzy\u0107 znacznie ostrzej!<\/p>","protected":false},"excerpt":{"rendered":"<ul>\n<li>U\u017cywane zabytkowe japo\u0144skie maszynki do golenia Kamisori<\/li>\n<li>Niewielki wp\u0142yw korozji.<\/li>\n<li>Je\u015bli nie widzisz przedmiotu na li\u015bcie, oznacza to, \u017ce zosta\u0142 on sprzedany.<\/li>\n<\/ul>","protected":false},"featured_media":3883,"comment_status":"open","ping_status":"closed","template":"","meta":[],"product_brand":[],"product_cat":[23],"product_tag":[25],"class_list":{"0":"post-3879","1":"product","2":"type-product","3":"status-publish","4":"has-post-thumbnail","6":"product_cat-razors","7":"product_tag-kamisori","8":"product_shipping_class-light","10":"first","11":"instock","12":"shipping-taxable","13":"purchasable","14":"product-type-variable"},"_links":{"self":[{"href":"https:\/\/jnats.eu\/pl\/wp-json\/wp\/v2\/product\/3879","targetHints":{"allow":["GET"]}}],"collection":[{"href":"https:\/\/jnats.eu\/pl\/wp-json\/wp\/v2\/product"}],"about":[{"href":"https:\/\/jnats.eu\/pl\/wp-json\/wp\/v2\/types\/product"}],"replies":[{"embeddable":true,"href":"https:\/\/jnats.eu\/pl\/wp-json\/wp\/v2\/comments?post=3879"}],"wp:featuredmedia":[{"embeddable":true,"href":"https:\/\/jnats.eu\/pl\/wp-json\/wp\/v2\/media\/3883"}],"wp:attachment":[{"href":"https:\/\/jnats.eu\/pl\/wp-json\/wp\/v2\/media?parent=3879"}],"wp:term":[{"taxonomy":"product_brand","embeddable":true,"href":"https:\/\/jnats.eu\/pl\/wp-json\/wp\/v2\/product_brand?post=3879"},{"taxonomy":"product_cat","embeddable":true,"href":"https:\/\/jnats.eu\/pl\/wp-json\/wp\/v2\/product_cat?post=3879"},{"taxonomy":"product_tag","embeddable":true,"href":"https:\/\/jnats.eu\/pl\/wp-json\/wp\/v2\/product_tag?post=3879"}],"curies":[{"name":"wp","href":"https:\/\/api.w.org\/{rel}","templated":true}]}}