{"id":394,"date":"2024-03-04T14:32:58","date_gmt":"2024-03-04T12:32:58","guid":{"rendered":"http:\/\/jnats.eu\/?post_type=product&#038;p=394"},"modified":"2024-12-27T19:01:11","modified_gmt":"2024-12-27T17:01:11","slug":"nakayama-asagi-daigokujo-wykanczajacy-naturalny-kamien-oselkowy","status":"publish","type":"product","link":"https:\/\/jnats.eu\/pl\/produkt-2\/nakayama-asagi-daigokujo-wykanczajacy-naturalny-kamien-oselkowy\/","title":{"rendered":"Nakayama Asagi Daigokujo Wyko\u0144czenie Naturalna ose\u0142ka\u00a0"},"content":{"rendered":"<p>Jest to najwy\u017cszej jako\u015bci kamie\u0144 wyko\u0144czeniowy do ostrzenia, kt\u00f3rego kompletno\u015b\u0107 b\u0119dzie kosztowa\u0107 oko\u0142o 2500 euro. Oczywi\u015bcie niezale\u017cnie od tego jak bardzo jest rozdrobniony, praca samego kamienia szlifierskiego nie ulega zmianie.<\/p>\n\n\n\n<p>Na zdj\u0119ciu wida\u0107, \u017ce jest to naturalny kamie\u0144 najwy\u017cszej jako\u015bci, zw\u0142aszcza \u017ce jest to Nakayama, a jego delikatna tekstura jest lepsza ni\u017c w przypadku innych kamieni do honowania.<\/p>\n\n\n\n<p>Zar\u00f3wno metale nie\u017celazne, jak i stal stan\u0105 si\u0119 lustrzane, ale nie nale\u017cy stosowa\u0107 zbyt du\u017cej si\u0142y; wystarczy popracowa\u0107 nad uwolnionymi ziarnami \u015bciernymi, a na koniec zrelaksowa\u0107 si\u0119 i szlifowa\u0107 tak, jakby\u015b kruszy\u0142 ziarna \u015bcierne. O tej porze roku zamiast zimnej wody u\u017cywaj ciep\u0142ej wody, przypominaj\u0105cej k\u0105piel, gdy\u017c wydob\u0119dzie to najlepsze w\u0142a\u015bciwo\u015bci kamienia.<\/p>\n\n\n\n<figure class=\"wp-block-embed is-type-video is-provider-youtube wp-block-embed-youtube wp-embed-aspect-16-9 wp-has-aspect-ratio\"><div class=\"wp-block-embed__wrapper\">\n<div class=\"video-container\"><iframe title=\"Nakayama Asagi Daigokujo Finishing Natural Whetstone Kamisori Henkotsu\" width=\"1170\" height=\"658\" src=\"https:\/\/www.youtube.com\/embed\/oMNIi4q7loc?feature=oembed\" frameborder=\"0\" allow=\"accelerometer; autoplay; clipboard-write; encrypted-media; gyroscope; picture-in-picture; web-share\" referrerpolicy=\"strict-origin-when-cross-origin\" allowfullscreen><\/iframe><\/div>\n<\/div><\/figure>","protected":false},"excerpt":{"rendered":"<ul>\n<li>Rozmiar oko\u0142o 204 x 76 x 28 mm<\/li>\n<li>Waga oko\u0142o 970g<\/li>\n<li>Twardo\u015b\u0107 4,5<\/li>\n<li>Wyszczerbiony naro\u017cnik<\/li>\n<\/ul>","protected":false},"featured_media":400,"comment_status":"open","ping_status":"closed","template":"","meta":[],"product_brand":[],"product_cat":[22],"product_tag":[45,74,71,49],"class_list":{"0":"post-394","1":"product","2":"type-product","3":"status-publish","4":"has-post-thumbnail","6":"product_cat-jnats","7":"product_tag-asagi","8":"product_tag-daigokujo","9":"product_tag-finishing","10":"product_tag-nakayama","11":"product_shipping_class-iprastas","13":"first","14":"outofstock","15":"sale","16":"shipping-taxable","17":"purchasable","18":"product-type-simple"},"_links":{"self":[{"href":"https:\/\/jnats.eu\/pl\/wp-json\/wp\/v2\/product\/394","targetHints":{"allow":["GET"]}}],"collection":[{"href":"https:\/\/jnats.eu\/pl\/wp-json\/wp\/v2\/product"}],"about":[{"href":"https:\/\/jnats.eu\/pl\/wp-json\/wp\/v2\/types\/product"}],"replies":[{"embeddable":true,"href":"https:\/\/jnats.eu\/pl\/wp-json\/wp\/v2\/comments?post=394"}],"wp:featuredmedia":[{"embeddable":true,"href":"https:\/\/jnats.eu\/pl\/wp-json\/wp\/v2\/media\/400"}],"wp:attachment":[{"href":"https:\/\/jnats.eu\/pl\/wp-json\/wp\/v2\/media?parent=394"}],"wp:term":[{"taxonomy":"product_brand","embeddable":true,"href":"https:\/\/jnats.eu\/pl\/wp-json\/wp\/v2\/product_brand?post=394"},{"taxonomy":"product_cat","embeddable":true,"href":"https:\/\/jnats.eu\/pl\/wp-json\/wp\/v2\/product_cat?post=394"},{"taxonomy":"product_tag","embeddable":true,"href":"https:\/\/jnats.eu\/pl\/wp-json\/wp\/v2\/product_tag?post=394"}],"curies":[{"name":"wp","href":"https:\/\/api.w.org\/{rel}","templated":true}]}}