{"id":4004,"date":"2025-03-07T08:57:39","date_gmt":"2025-03-07T06:57:39","guid":{"rendered":"https:\/\/jnats.eu\/?post_type=product&#038;p=4004"},"modified":"2026-03-08T02:05:45","modified_gmt":"2026-03-08T00:05:45","slug":"kasetine-deka-teac-v-7000","status":"publish","type":"product","link":"https:\/\/jnats.eu\/pl\/produkt-2\/kasetine-deka-teac-v-7000\/","title":{"rendered":"Koc kasetowy TEAC V-7000"},"content":{"rendered":"<p>V-7000 zosta\u0142 wprowadzony na rynek w 1990 roku i by\u0142 w\u00f3wczas najpopularniejszym modelem. Istnieje r\u00f3wnie\u017c wy\u017cszy model V-8000S, kt\u00f3ry p\u00f3\u017aniej pojawi\u0142 si\u0119 w 1991 roku jako zmodyfikowany i ulepszony V-7000 i sta\u0142 si\u0119 topowym modelem, wypieraj\u0105c 7000 na drugie miejsce.<\/p>\n\n\n\n<p>Po V-9000, TEAC ca\u0142kowicie przeprojektowa\u0142 V-9000, dzi\u0119ki czemu mo\u017cna powiedzie\u0107, \u017ce nowa seria, kt\u00f3rej flagowym modelem by\u0142 V-7000, zosta\u0142a stworzona od podstaw, a wszystkie kolejne modele, takie jak V-8000S, V-7010, V-8030S, by\u0142y zasadniczo ulepszeniem serii V-8000S.<\/p>\n\n\n\n<p>By\u0142 produkowany zar\u00f3wno na rynek krajowy, jak i na eksport, w kolorze srebrnym i czarnym. Ponadto, czarny kolor nie cieszy\u0142 si\u0119 popytem w Japonii i jest tam do\u015b\u0107 rzadki.<\/p>\n\n\n\n<p>TEAC V-7000 posiada szeroki zakres funkcji i gwarantuje wysok\u0105 jako\u015b\u0107 d\u017awi\u0119ku.<\/p>\n\n\n\n<p>Wytrzyma\u0142a obudowa, metalowy panel przedni.<\/p>\n\n\n\n<p>Silnik LPM 4, dwa wa\u0142y z zamkni\u0119tym przewodem.<\/p>\n\n\n\n<p>Silnik posiada stabilizacj\u0119 kwarcow\u0105 i bezpo\u015bredni nap\u0119d wa\u0142u.<\/p>\n\n\n\n<p>Drugi silnik odpowiada za przewijanie, a dwa pozosta\u0142e za \u0142adowanie kasety i podnoszenie jednostki g\u0142\u00f3wnej.<\/p>\n\n\n\n<p>System 3-g\u0142owicowy, kobaltowe g\u0142owice amorficzne z uzwojeniem z czystej miedzi PC-OCC (99,997%)<\/p>\n\n\n\n<p>Jak przysta\u0142o na wysokiej jako\u015bci deca, posiada on funkcj\u0119 kalibracji filmu. Kalibrator jest manualny, w przeciwie\u0144stwie do wielu konkurent\u00f3w kalibracja odbywa si\u0119 dla ka\u017cdego kana\u0142u osobno w zale\u017cno\u015bci od poziomu i namagnesowania, co pozwala na bardziej precyzyjne dopasowanie g\u0142owicy do konkretnego pasma. Magnetyzacja wynosi 210 kHz, co ciekawe cz\u0119stotliwo\u015b\u0107 ta zosta\u0142a obni\u017cona do 150 kHz w kolejnym modelu V-7010.<\/p>\n\n\n\n<p>Posiada redukcj\u0119 szum\u00f3w Dolby B i C oraz system dynamicznego przesuwania HX-PRO.<\/p>\n\n\n\n<p>W zestawie pilot zdalnego sterowania na podczerwie\u0144 RC-394<\/p>\n\n\n\n<p>TEAC V-7000 by\u0142 produkowany przez oko\u0142o dwa lata, cieszy\u0142 si\u0119 du\u017c\u0105 popularno\u015bci\u0105 i zosta\u0142 wydany w du\u017cych ilo\u015bciach.<\/p>\n\n\n\n<figure class=\"wp-block-embed is-type-video is-provider-youtube wp-block-embed-youtube wp-embed-aspect-16-9 wp-has-aspect-ratio\"><div class=\"wp-block-embed__wrapper\">\n<div class=\"video-container\"><iframe title=\"Koc kasetowy TEAC V-7000\" width=\"1170\" height=\"658\" src=\"https:\/\/www.youtube.com\/embed\/84KSrB6kiAI?feature=oembed\" frameborder=\"0\" allow=\"accelerometer; autoplay; clipboard-write; encrypted-media; gyroscope; picture-in-picture; web-share\" referrerpolicy=\"strict-origin-when-cross-origin\" allowfullscreen><\/iframe><\/div>\n<\/div><\/figure>\n\n\n\n<figure class=\"wp-block-image size-full\"><img decoding=\"async\" width=\"873\" height=\"740\" src=\"https:\/\/jnats.eu\/wp-content\/uploads\/2025\/03\/5cb9ba293cb3fcf398bad99bf37488bb_873x740.93076923077.jpg\" alt=\"\" class=\"wp-image-4005\" srcset=\"https:\/\/jnats.eu\/wp-content\/uploads\/2025\/03\/5cb9ba293cb3fcf398bad99bf37488bb_873x740.93076923077.jpg 873w, https:\/\/jnats.eu\/wp-content\/uploads\/2025\/03\/5cb9ba293cb3fcf398bad99bf37488bb_873x740.93076923077-300x254.jpg 300w, https:\/\/jnats.eu\/wp-content\/uploads\/2025\/03\/5cb9ba293cb3fcf398bad99bf37488bb_873x740.93076923077-768x651.jpg 768w, https:\/\/jnats.eu\/wp-content\/uploads\/2025\/03\/5cb9ba293cb3fcf398bad99bf37488bb_873x740.93076923077-14x12.jpg 14w, https:\/\/jnats.eu\/wp-content\/uploads\/2025\/03\/5cb9ba293cb3fcf398bad99bf37488bb_873x740.93076923077-441x374.jpg 441w, https:\/\/jnats.eu\/wp-content\/uploads\/2025\/03\/5cb9ba293cb3fcf398bad99bf37488bb_873x740.93076923077-600x509.jpg 600w, https:\/\/jnats.eu\/wp-content\/uploads\/2025\/03\/5cb9ba293cb3fcf398bad99bf37488bb_873x740.93076923077-150x127.jpg 150w\" sizes=\"(max-width: 873px) 100vw, 873px\" \/><\/figure>","protected":false},"excerpt":{"rendered":"<ul>\n<li>Koc kasetowy TEAC V-7000<\/li>\n<li>Z przodu znajduje si\u0119 ma\u0142e zadrapanie<\/li>\n<li>Stan og\u00f3lny doskona\u0142y<\/li>\n<li>Na rynek japo\u0144ski<\/li>\n<li>Zasilanie 110 V, konwerter na 220 V w zestawie<\/li>\n<\/ul>","protected":false},"featured_media":4017,"comment_status":"open","ping_status":"closed","template":"","meta":[],"product_brand":[],"product_cat":[],"product_tag":[321,320,319],"class_list":{"0":"post-4004","1":"product","2":"type-product","3":"status-publish","4":"has-post-thumbnail","6":"product_tag-kasetine-deka","7":"product_tag-teac","8":"product_tag-v-7000","9":"product_shipping_class-sunkus","11":"first","12":"outofstock","13":"sale","14":"shipping-taxable","15":"purchasable","16":"product-type-simple"},"_links":{"self":[{"href":"https:\/\/jnats.eu\/pl\/wp-json\/wp\/v2\/product\/4004","targetHints":{"allow":["GET"]}}],"collection":[{"href":"https:\/\/jnats.eu\/pl\/wp-json\/wp\/v2\/product"}],"about":[{"href":"https:\/\/jnats.eu\/pl\/wp-json\/wp\/v2\/types\/product"}],"replies":[{"embeddable":true,"href":"https:\/\/jnats.eu\/pl\/wp-json\/wp\/v2\/comments?post=4004"}],"wp:featuredmedia":[{"embeddable":true,"href":"https:\/\/jnats.eu\/pl\/wp-json\/wp\/v2\/media\/4017"}],"wp:attachment":[{"href":"https:\/\/jnats.eu\/pl\/wp-json\/wp\/v2\/media?parent=4004"}],"wp:term":[{"taxonomy":"product_brand","embeddable":true,"href":"https:\/\/jnats.eu\/pl\/wp-json\/wp\/v2\/product_brand?post=4004"},{"taxonomy":"product_cat","embeddable":true,"href":"https:\/\/jnats.eu\/pl\/wp-json\/wp\/v2\/product_cat?post=4004"},{"taxonomy":"product_tag","embeddable":true,"href":"https:\/\/jnats.eu\/pl\/wp-json\/wp\/v2\/product_tag?post=4004"}],"curies":[{"name":"wp","href":"https:\/\/api.w.org\/{rel}","templated":true}]}}