{"id":401,"date":"2024-03-04T14:43:17","date_gmt":"2024-03-04T12:43:17","guid":{"rendered":"http:\/\/jnats.eu\/?post_type=product&#038;p=401"},"modified":"2025-07-12T08:41:41","modified_gmt":"2025-07-12T05:41:41","slug":"red-pin-%e8%b5%a4%e3%83%94%e3%83%b3%e7%a0%a5%e7%9f%b3-finishing-natural-whetstone","status":"publish","type":"product","link":"https:\/\/jnats.eu\/pl\/produkt-2\/red-pin-%e8%b5%a4%e3%83%94%e3%83%b3%e7%a0%a5%e7%9f%b3-finishing-natural-whetstone\/","title":{"rendered":"Ozuku Ikimurasaki \u8d64\u30d4\u30f3\u7825\u77f3 Wyko\u0144czenie Naturalna ose\u0142ka"},"content":{"rendered":"<ul class=\"wp-block-list\">\n<li>Rozmiar ok. 14,6 x 8,2 x 2,3 cm<\/li>\n\n\n\n<li>Waga ok. 650 gr<\/li>\n<\/ul>\n\n\n\n<p>Doskona\u0142y kamie\u0144 wyko\u0144czeniowy do ostrzenia o odpowiedniej twardo\u015bci. W szczeg\u00f3lno\u015bci Ikimurasaki jest znany ze swojej dobrej reakcji na stal i jest cz\u0119sto u\u017cywany do ostrzenia brzytew. Chocia\u017c nie jest to nowy przedmiot, wygl\u0105da na to, \u017ce by\u0142 u\u017cywany z wielk\u0105 staranno\u015bci\u0105 i uwag\u0105 i pozostawi\u0142 po sobie bardzo dobre wra\u017cenie.<\/p>\n\n\n\n<p>Ostro\u015b\u0107 brzytwy jest bezpo\u015brednio powi\u0105zana z warto\u015bci\u0105 fryzjera i wydaje si\u0119, \u017ce w przesz\u0142o\u015bci by\u0142o wielu fryzjer\u00f3w, kt\u00f3rzy wydali du\u017co pieni\u0119dzy na kamienie naturalne. Ostatnio wymiana ostrzy sta\u0142a si\u0119 powszechna ze wzgl\u0119du na trudno\u015bci zwi\u0105zane z ostrzeniem maszynek do golenia i ze wzgl\u0119d\u00f3w higienicznych, ale niekt\u00f3re zak\u0142ady fryzjerskie nadal u\u017cywaj\u0105 takich ose\u0142ek i trzymaj\u0105 niekt\u00f3re w wysterylizowanej szafce.<br>Zachowa\u0142o si\u0119 bardzo niewiele czerwonych kamieni Nakayama lub Ozuku, nawet w sklepach w Kioto. Jest to bardzo cenny kamie\u0144.<\/p>\n\n\n\n<p>Do ostrzenia nale\u017cy u\u017cywa\u0107 ciep\u0142ej wody. To dobry naturalny japo\u0144ski kamie\u0144.<\/p>\n\n\n\n<p><\/p>","protected":false},"excerpt":{"rendered":"<p><!-- wp:list --><\/p>\n<ul><!-- wp:list-item --><\/p>\n<li>Rozmiar ok. 14,6 x 8,2 x 2,3 cm<\/li>\n<p><!-- \/wp:list-item --><\/p>\n<p><!-- wp:list-item --><\/p>\n<li>Waga ok. 650 gr<\/li>\n<li>Twardo\u015b\u0107 poz. 4,5<\/li>\n<\/ul>","protected":false},"featured_media":406,"comment_status":"open","ping_status":"closed","template":"","meta":[],"product_brand":[],"product_cat":[22],"product_tag":[71,90,91],"class_list":{"0":"post-401","1":"product","2":"type-product","3":"status-publish","4":"has-post-thumbnail","6":"product_cat-jnats","7":"product_tag-finishing","8":"product_tag-natural-whetstone","9":"product_tag-red-pin","10":"product_shipping_class-iprastas","12":"first","13":"outofstock","14":"sale","15":"shipping-taxable","16":"purchasable","17":"product-type-simple"},"_links":{"self":[{"href":"https:\/\/jnats.eu\/pl\/wp-json\/wp\/v2\/product\/401","targetHints":{"allow":["GET"]}}],"collection":[{"href":"https:\/\/jnats.eu\/pl\/wp-json\/wp\/v2\/product"}],"about":[{"href":"https:\/\/jnats.eu\/pl\/wp-json\/wp\/v2\/types\/product"}],"replies":[{"embeddable":true,"href":"https:\/\/jnats.eu\/pl\/wp-json\/wp\/v2\/comments?post=401"}],"wp:featuredmedia":[{"embeddable":true,"href":"https:\/\/jnats.eu\/pl\/wp-json\/wp\/v2\/media\/406"}],"wp:attachment":[{"href":"https:\/\/jnats.eu\/pl\/wp-json\/wp\/v2\/media?parent=401"}],"wp:term":[{"taxonomy":"product_brand","embeddable":true,"href":"https:\/\/jnats.eu\/pl\/wp-json\/wp\/v2\/product_brand?post=401"},{"taxonomy":"product_cat","embeddable":true,"href":"https:\/\/jnats.eu\/pl\/wp-json\/wp\/v2\/product_cat?post=401"},{"taxonomy":"product_tag","embeddable":true,"href":"https:\/\/jnats.eu\/pl\/wp-json\/wp\/v2\/product_tag?post=401"}],"curies":[{"name":"wp","href":"https:\/\/api.w.org\/{rel}","templated":true}]}}