{"id":4031,"date":"2026-01-03T10:10:38","date_gmt":"2026-01-03T08:10:38","guid":{"rendered":"https:\/\/jnats.eu\/?post_type=product&#038;p=4031"},"modified":"2026-01-15T12:57:28","modified_gmt":"2026-01-15T10:57:28","slug":"nenaudoti-chobomasa-vintaziniai-japoniski-skustuvai-kamisori","status":"publish","type":"product","link":"https:\/\/jnats.eu\/pl\/produkt-2\/nenaudoti-chobomasa-vintaziniai-japoniski-skustuvai-kamisori\/","title":{"rendered":"Nieu\u017cywane japo\u0144skie maszynki do golenia kamisori Chobomasa vintage"},"content":{"rendered":"<figure class=\"wp-block-embed is-type-video is-provider-youtube wp-block-embed-youtube wp-embed-aspect-9-16 wp-has-aspect-ratio\"><div class=\"wp-block-embed__wrapper\">\n<div class=\"video-container\"><iframe title=\"Chobomasa vintage japo\u0144skie kamisori\" width=\"563\" height=\"1000\" src=\"https:\/\/www.youtube.com\/embed\/UT2s0rEBxoQ?feature=oembed\" frameborder=\"0\" allow=\"accelerometer; autoplay; clipboard-write; encrypted-media; gyroscope; picture-in-picture; web-share\" referrerpolicy=\"strict-origin-when-cross-origin\" allowfullscreen><\/iframe><\/div>\n<\/div><\/figure>","protected":false},"excerpt":{"rendered":"<ul>\n<li>Podobnie jak tradycyjny miecz samurajski, katana, te Kamisori zosta\u0142y r\u0119cznie wykute z dw\u00f3ch cz\u0119\u015bci. Cz\u0119\u015b\u0107 tn\u0105ca wykonana jest ze stali wysokow\u0119glowej, podczas gdy warstwa no\u015bna wykonana jest z prostszej stali. Warstwa stali jest twarda, podczas gdy bardziej mi\u0119kka rama zapewnia niezb\u0119dn\u0105 odporno\u015b\u0107 na z\u0142amanie.<\/li>\n<li>Widoczne s\u0105 pewne zacieki. Rdza usuni\u0119ta papierem #2500 6-source i past\u0105 diamentow\u0105 Venev 7\/5.<\/li>\n<li>Pierwsi kupuj\u0105cy otrzymaj\u0105 lepsze kamisori! Nast\u0119pnie sprzedamy resztki po ni\u017cszej cenie.<\/li>\n<li>Wszystkie maszynki do golenia s\u0105 nieco inne, poniewa\u017c s\u0105 wykonywane r\u0119cznie.<\/li>\n<li>Waga: 32 g.<\/li>\n<li>D\u0142ugo\u015b\u0107 ca\u0142kowita: 140 mm<\/li>\n<li>Wysoko\u015b\u0107: 18 mm<\/li>\n<li>Grubo\u015b\u0107 ta\u015bmy: 6 mm<\/li>\n<li>D\u0142ugo\u015b\u0107 ostrza: 43 mm<\/li>\n<\/ul>","protected":false},"featured_media":5566,"comment_status":"open","ping_status":"closed","template":"","meta":[],"product_brand":[],"product_cat":[23],"product_tag":[322,25],"class_list":{"0":"post-4031","1":"product","2":"type-product","3":"status-publish","4":"has-post-thumbnail","6":"product_cat-razors","7":"product_tag-chobomasa","8":"product_tag-kamisori","9":"product_shipping_class-light","11":"first","12":"outofstock","13":"shipping-taxable","14":"product-type-variable"},"_links":{"self":[{"href":"https:\/\/jnats.eu\/pl\/wp-json\/wp\/v2\/product\/4031","targetHints":{"allow":["GET"]}}],"collection":[{"href":"https:\/\/jnats.eu\/pl\/wp-json\/wp\/v2\/product"}],"about":[{"href":"https:\/\/jnats.eu\/pl\/wp-json\/wp\/v2\/types\/product"}],"replies":[{"embeddable":true,"href":"https:\/\/jnats.eu\/pl\/wp-json\/wp\/v2\/comments?post=4031"}],"wp:featuredmedia":[{"embeddable":true,"href":"https:\/\/jnats.eu\/pl\/wp-json\/wp\/v2\/media\/5566"}],"wp:attachment":[{"href":"https:\/\/jnats.eu\/pl\/wp-json\/wp\/v2\/media?parent=4031"}],"wp:term":[{"taxonomy":"product_brand","embeddable":true,"href":"https:\/\/jnats.eu\/pl\/wp-json\/wp\/v2\/product_brand?post=4031"},{"taxonomy":"product_cat","embeddable":true,"href":"https:\/\/jnats.eu\/pl\/wp-json\/wp\/v2\/product_cat?post=4031"},{"taxonomy":"product_tag","embeddable":true,"href":"https:\/\/jnats.eu\/pl\/wp-json\/wp\/v2\/product_tag?post=4031"}],"curies":[{"name":"wp","href":"https:\/\/api.w.org\/{rel}","templated":true}]}}