{"id":4063,"date":"2025-03-17T15:13:08","date_gmt":"2025-03-17T13:13:08","guid":{"rendered":"https:\/\/jnats.eu\/?post_type=product&#038;p=4063"},"modified":"2025-03-18T09:06:03","modified_gmt":"2025-03-18T07:06:03","slug":"aiwatani-karasu-naturalus-japoniskas-akmuo-galandinimui","status":"publish","type":"product","link":"https:\/\/jnats.eu\/pl\/produkt-2\/aiwatani-karasu-naturalus-japoniskas-akmuo-galandinimui\/","title":{"rendered":"Naturalny japo\u0144ski kamie\u0144 do ostrzenia Aiwatani Karasu"},"content":{"rendered":"<p><strong>Aiwatani Karasu<\/strong> <strong>Japo\u0144ski naturalny kamie\u0144 szlifierski<\/strong><\/p>\n\n\n\n<p>Aiwatani to wysokiej jako\u015bci japo\u0144ski naturalny kamie\u0144 ostrz\u0105cy do wyj\u0105tkowego ostrzenia no\u017cy i narz\u0119dzi. Wydobywany ze staro\u017cytnych japo\u0144skich kopalni, kamie\u0144 ten ma niezwykle drobn\u0105 tekstur\u0119, dzi\u0119ki czemu osi\u0105ga nieskaziteln\u0105 ostro\u015b\u0107 i lustrzan\u0105 powierzchni\u0119.<\/p>\n\n\n\n<figure class=\"wp-block-embed is-type-video is-provider-youtube wp-block-embed-youtube wp-embed-aspect-16-9 wp-has-aspect-ratio\"><div class=\"wp-block-embed__wrapper\">\n<div class=\"video-container\"><iframe title=\"Naturalne japo\u0144skie kamienie do ostrzenia Aiwatani\" width=\"1170\" height=\"658\" src=\"https:\/\/www.youtube.com\/embed\/7KUe1vRixzw?feature=oembed\" frameborder=\"0\" allow=\"accelerometer; autoplay; clipboard-write; encrypted-media; gyroscope; picture-in-picture; web-share\" referrerpolicy=\"strict-origin-when-cross-origin\" allowfullscreen><\/iframe><\/div>\n<\/div><\/figure>\n\n\n\n<p>\ud83d\udd39 <strong>Wysoka jako\u015b\u0107<\/strong> - Autentyczny kamie\u0144 naturalny z Japonii.<br>\ud83d\udd39 <strong>\u015arednia pr\u0119dko\u015b\u0107 szlifowania<\/strong> - zapewnia g\u0142adk\u0105 i r\u00f3wn\u0105 powierzchni\u0119 kraw\u0119dzi tn\u0105cej.<br>\ud83d\udd39 <strong>Wszechstronne zastosowanie<\/strong> - Nadaje si\u0119 do no\u017cy kuchennych, narz\u0119dzi stolarskich lub rze\u017abiarskich.<br>\ud83d\udd39 <strong>Trwa\u0142o\u015b\u0107<\/strong> - wyr\u00f3\u017cniaj\u0105 si\u0119 trwa\u0142o\u015bci\u0105 i ekonomicznym zu\u017cyciem.<\/p>\n\n\n\n<p>Odkryj prawdziwe japo\u0144skie mistrzostwo ostrzenia z naturalnym kamieniem Aiwatani!<\/p>","protected":false},"excerpt":{"rendered":"<ul class=\"wp-block-list\">\n<li>Nadaje si\u0119 do wyka\u0144czania no\u017cy, no\u017cyczek, narz\u0119dzi stolarskich i innych.<\/li>\n<li>Wymiary oko\u0142o: 220x130x22 mm<\/li>\n<li>Waga: 1450 g<\/li>\n<li>Twardo\u015b\u0107: Poziom 4<\/li>\n<li>Bezpieczne linie<\/li>\n<li>\u015arednia pr\u0119dko\u015b\u0107 robocza. Przyspieszenie mo\u017cna uzyska\u0107 za pomoc\u0105 zawieszenia gwo\u017adziowego lub szorstkiej p\u0142ytki diamentowej.<\/li>\n<li>Dolna pokrywa z lakierem<\/li>\n<li>Zalecamy prac\u0119 z ciep\u0142\u0105 wod\u0105, poniewa\u017c zimna woda pogarsza szybko\u015b\u0107 i reakcj\u0119.<\/li>\n<\/ul>","protected":false},"featured_media":4067,"comment_status":"open","ping_status":"closed","template":"","meta":[],"product_brand":[],"product_cat":[22],"product_tag":[65,57],"class_list":{"0":"post-4063","1":"product","2":"type-product","3":"status-publish","4":"has-post-thumbnail","6":"product_cat-jnats","7":"product_tag-aiwatani","8":"product_tag-karasu","9":"product_shipping_class-iprastas","11":"first","12":"outofstock","13":"shipping-taxable","14":"purchasable","15":"product-type-simple"},"_links":{"self":[{"href":"https:\/\/jnats.eu\/pl\/wp-json\/wp\/v2\/product\/4063","targetHints":{"allow":["GET"]}}],"collection":[{"href":"https:\/\/jnats.eu\/pl\/wp-json\/wp\/v2\/product"}],"about":[{"href":"https:\/\/jnats.eu\/pl\/wp-json\/wp\/v2\/types\/product"}],"replies":[{"embeddable":true,"href":"https:\/\/jnats.eu\/pl\/wp-json\/wp\/v2\/comments?post=4063"}],"wp:featuredmedia":[{"embeddable":true,"href":"https:\/\/jnats.eu\/pl\/wp-json\/wp\/v2\/media\/4067"}],"wp:attachment":[{"href":"https:\/\/jnats.eu\/pl\/wp-json\/wp\/v2\/media?parent=4063"}],"wp:term":[{"taxonomy":"product_brand","embeddable":true,"href":"https:\/\/jnats.eu\/pl\/wp-json\/wp\/v2\/product_brand?post=4063"},{"taxonomy":"product_cat","embeddable":true,"href":"https:\/\/jnats.eu\/pl\/wp-json\/wp\/v2\/product_cat?post=4063"},{"taxonomy":"product_tag","embeddable":true,"href":"https:\/\/jnats.eu\/pl\/wp-json\/wp\/v2\/product_tag?post=4063"}],"curies":[{"name":"wp","href":"https:\/\/api.w.org\/{rel}","templated":true}]}}