{"id":4071,"date":"2025-03-17T15:18:56","date_gmt":"2025-03-17T13:18:56","guid":{"rendered":"https:\/\/jnats.eu\/?post_type=product&#038;p=4071"},"modified":"2025-03-18T09:06:16","modified_gmt":"2025-03-18T07:06:16","slug":"aiwatani-kiita-ikimurasaki-naturalus-japoniskas-akmuo-galandinimui","status":"publish","type":"product","link":"https:\/\/jnats.eu\/pl\/produkt-2\/aiwatani-kiita-ikimurasaki-naturalus-japoniskas-akmuo-galandinimui\/","title":{"rendered":"Naturalny japo\u0144ski kamie\u0144 do ostrzenia Aiwatani Kiita Ikimurasaki"},"content":{"rendered":"<p>Aiwatani to japo\u0144ski naturalny kamie\u0144 ostrz\u0105cy o wyj\u0105tkowej jako\u015bci, jakby celowo stworzony przez natur\u0119 dla rzemie\u015blnik\u00f3w ceni\u0105cych precyzj\u0119 i trwa\u0142o\u015b\u0107. Kamie\u0144 ten delikatnie, ale skutecznie usuwa nier\u00f3wno\u015bci, nadaj\u0105c ostrzu nienagann\u0105 ostro\u015b\u0107 i g\u0142adk\u0105 powierzchni\u0119.<\/p>\n\n\n\n<figure class=\"wp-block-embed is-type-video is-provider-youtube wp-block-embed-youtube wp-embed-aspect-16-9 wp-has-aspect-ratio\"><div class=\"wp-block-embed__wrapper\">\n<div class=\"video-container\"><iframe title=\"Naturalne japo\u0144skie kamienie do ostrzenia Aiwatani\" width=\"1170\" height=\"658\" src=\"https:\/\/www.youtube.com\/embed\/7KUe1vRixzw?feature=oembed\" frameborder=\"0\" allow=\"accelerometer; autoplay; clipboard-write; encrypted-media; gyroscope; picture-in-picture; web-share\" referrerpolicy=\"strict-origin-when-cross-origin\" allowfullscreen><\/iframe><\/div>\n<\/div><\/figure>\n\n\n\n<p>\u2705 <strong>100 % naturalny<\/strong> - wydobywane z autentycznych japo\u0144skich z\u0142\u00f3\u017c.<br>\u2705 <strong>Doskona\u0142a jako\u015b\u0107 ostrzenia<\/strong> - Zapewnia no\u017com i narz\u0119dziom maksymaln\u0105 ostro\u015b\u0107.<br>\u2705 <strong>\u0141atwo\u015b\u0107 u\u017cytkowania<\/strong> - Osi\u0105gni\u0119cie profesjonalnych rezultat\u00f3w nie wymaga wiele wysi\u0142ku.<br>\u2705 <strong>Trwa\u0142o\u015b\u0107<\/strong> - Trwa\u0142e i wytrzyma\u0142e.<\/p>\n\n\n\n<p>Idealny wyb\u00f3r zar\u00f3wno dla profesjonalist\u00f3w, jak i mi\u0142o\u015bnik\u00f3w ostrych narz\u0119dzi!<\/p>","protected":false},"excerpt":{"rendered":"<ul class=\"wp-block-list\">\n<li>Nadaje si\u0119 do wyka\u0144czania no\u017cy, no\u017cyczek, narz\u0119dzi stolarskich i innych.<\/li>\n<li>Wymiary oko\u0142o: 210x118x42 mm<\/li>\n<li>Waga: 2130 g<\/li>\n<li>Twardo\u015b\u0107: Lv 3.5<\/li>\n<li>\u015arednia pr\u0119dko\u015b\u0107 robocza. Przyspieszenie mo\u017cna uzyska\u0107 za pomoc\u0105 zawieszenia gwo\u017adziowego lub szorstkiej p\u0142ytki diamentowej.<\/li>\n<li>Zalecamy prac\u0119 z ciep\u0142\u0105 wod\u0105, poniewa\u017c zimna woda pogarsza szybko\u015b\u0107 i reakcj\u0119.<\/li>\n<\/ul>","protected":false},"featured_media":4074,"comment_status":"open","ping_status":"closed","template":"","meta":[],"product_brand":[],"product_cat":[22],"product_tag":[65,141],"class_list":{"0":"post-4071","1":"product","2":"type-product","3":"status-publish","4":"has-post-thumbnail","6":"product_cat-jnats","7":"product_tag-aiwatani","8":"product_tag-kiita","9":"product_shipping_class-iprastas","11":"first","12":"outofstock","13":"shipping-taxable","14":"purchasable","15":"product-type-simple"},"_links":{"self":[{"href":"https:\/\/jnats.eu\/pl\/wp-json\/wp\/v2\/product\/4071","targetHints":{"allow":["GET"]}}],"collection":[{"href":"https:\/\/jnats.eu\/pl\/wp-json\/wp\/v2\/product"}],"about":[{"href":"https:\/\/jnats.eu\/pl\/wp-json\/wp\/v2\/types\/product"}],"replies":[{"embeddable":true,"href":"https:\/\/jnats.eu\/pl\/wp-json\/wp\/v2\/comments?post=4071"}],"wp:featuredmedia":[{"embeddable":true,"href":"https:\/\/jnats.eu\/pl\/wp-json\/wp\/v2\/media\/4074"}],"wp:attachment":[{"href":"https:\/\/jnats.eu\/pl\/wp-json\/wp\/v2\/media?parent=4071"}],"wp:term":[{"taxonomy":"product_brand","embeddable":true,"href":"https:\/\/jnats.eu\/pl\/wp-json\/wp\/v2\/product_brand?post=4071"},{"taxonomy":"product_cat","embeddable":true,"href":"https:\/\/jnats.eu\/pl\/wp-json\/wp\/v2\/product_cat?post=4071"},{"taxonomy":"product_tag","embeddable":true,"href":"https:\/\/jnats.eu\/pl\/wp-json\/wp\/v2\/product_tag?post=4071"}],"curies":[{"name":"wp","href":"https:\/\/api.w.org\/{rel}","templated":true}]}}