{"id":4079,"date":"2025-03-17T15:24:27","date_gmt":"2025-03-17T13:24:27","guid":{"rendered":"https:\/\/jnats.eu\/?post_type=product&#038;p=4079"},"modified":"2025-05-22T11:43:48","modified_gmt":"2025-05-22T08:43:48","slug":"aiwatani-lotus-naturalus-japoniskas-akmuo-galandinimui","status":"publish","type":"product","link":"https:\/\/jnats.eu\/pl\/produkt-2\/aiwatani-lotus-naturalus-japoniskas-akmuo-galandinimui\/","title":{"rendered":"Naturalny japo\u0144ski kamie\u0144 do ostrzenia Aiwatani Lotus"},"content":{"rendered":"<p>Ten najwy\u017cszej jako\u015bci japo\u0144ski naturalny kamie\u0144 do ostrzenia, wydobywany z g\u00f3r Aiwatani, zosta\u0142 zaprojektowany z my\u015bl\u0105 o precyzji i trwa\u0142o\u015bci. Ten autentyczny kamie\u0144, wydobywany z tradycyjnych japo\u0144skich kopalni, ma doskona\u0142\u0105 struktur\u0119 \u015bciern\u0105, kt\u00f3ra pozwala mu r\u00f3wnomiernie i delikatnie utrzymywa\u0107 geometri\u0119 ostrza oraz zapewnia\u0107 idealn\u0105 ostro\u015b\u0107.<\/p>\n\n\n\n<figure class=\"wp-block-embed is-type-video is-provider-youtube wp-block-embed-youtube wp-embed-aspect-16-9 wp-has-aspect-ratio\"><div class=\"wp-block-embed__wrapper\">\n<div class=\"video-container\"><iframe title=\"Naturalne japo\u0144skie kamienie do ostrzenia Aiwatani\" width=\"1170\" height=\"658\" src=\"https:\/\/www.youtube.com\/embed\/7KUe1vRixzw?feature=oembed\" frameborder=\"0\" allow=\"accelerometer; autoplay; clipboard-write; encrypted-media; gyroscope; picture-in-picture; web-share\" referrerpolicy=\"strict-origin-when-cross-origin\" allowfullscreen><\/iframe><\/div>\n<\/div><\/figure>\n\n\n\n<p>\ud83d\udd39 <strong>Naturalne japo\u0144skie rzemios\u0142o<\/strong> - autentyczny kamie\u0144 dla profesjonalist\u00f3w i entuzjast\u00f3w.<br>\ud83d\udd39 <strong>Doskona\u0142a tekstura<\/strong> - zapewnia niezwykle delikatne i wydajne ostrzenie bez zb\u0119dnego usuwania metalu.<br>\ud83d\udd39 <strong>Trwa\u0142o\u015b\u0107<\/strong> - zu\u017cywa si\u0119 powoli i pozostaje skuteczny przez wiele lat.<br>\ud83d\udd39 <strong>Wszechstronne zastosowanie<\/strong> - nadaje si\u0119 zar\u00f3wno do no\u017cy, jak i ma\u0142ych narz\u0119dzi stolarskich lub innych.<\/p>\n\n\n\n<p>Z kamieniem ostrz\u0105cym Aiwatani osi\u0105gniesz prawdziw\u0105 japo\u0144sk\u0105 ostro\u015b\u0107 i profesjonalne rezultaty za ka\u017cdym razem!<\/p>","protected":false},"excerpt":{"rendered":"<ul class=\"wp-block-list\">\n<li>Nadaje si\u0119 do wyka\u0144czania no\u017cy, no\u017cyczek, narz\u0119dzi stolarskich i innych.<\/li>\n<li>Wymiary oko\u0142o: 210x74x85 mm<\/li>\n<li>Waga: 3160 g<\/li>\n<li>Twardo\u015b\u0107: Poz. 4,5<\/li>\n<li>\u015arednia pr\u0119dko\u015b\u0107 robocza. Przyspieszenie mo\u017cna uzyska\u0107 za pomoc\u0105 zawieszenia gwo\u017adziowego lub szorstkiej p\u0142ytki diamentowej.<\/li>\n<li>Linie i plamy goma nie przeszkadzaj\u0105 w wyostrzaniu.<\/li>\n<li>Zalecamy prac\u0119 z ciep\u0142\u0105 wod\u0105, poniewa\u017c zimna woda pogarsza szybko\u015b\u0107 i reakcj\u0119.<\/li>\n<\/ul>","protected":false},"featured_media":4083,"comment_status":"open","ping_status":"closed","template":"","meta":[],"product_brand":[],"product_cat":[22],"product_tag":[65,277],"class_list":{"0":"post-4079","1":"product","2":"type-product","3":"status-publish","4":"has-post-thumbnail","6":"product_cat-jnats","7":"product_tag-aiwatani","8":"product_tag-lotus","9":"product_shipping_class-iprastas","11":"first","12":"instock","13":"sale","14":"shipping-taxable","15":"purchasable","16":"product-type-simple"},"_links":{"self":[{"href":"https:\/\/jnats.eu\/pl\/wp-json\/wp\/v2\/product\/4079","targetHints":{"allow":["GET"]}}],"collection":[{"href":"https:\/\/jnats.eu\/pl\/wp-json\/wp\/v2\/product"}],"about":[{"href":"https:\/\/jnats.eu\/pl\/wp-json\/wp\/v2\/types\/product"}],"replies":[{"embeddable":true,"href":"https:\/\/jnats.eu\/pl\/wp-json\/wp\/v2\/comments?post=4079"}],"wp:featuredmedia":[{"embeddable":true,"href":"https:\/\/jnats.eu\/pl\/wp-json\/wp\/v2\/media\/4083"}],"wp:attachment":[{"href":"https:\/\/jnats.eu\/pl\/wp-json\/wp\/v2\/media?parent=4079"}],"wp:term":[{"taxonomy":"product_brand","embeddable":true,"href":"https:\/\/jnats.eu\/pl\/wp-json\/wp\/v2\/product_brand?post=4079"},{"taxonomy":"product_cat","embeddable":true,"href":"https:\/\/jnats.eu\/pl\/wp-json\/wp\/v2\/product_cat?post=4079"},{"taxonomy":"product_tag","embeddable":true,"href":"https:\/\/jnats.eu\/pl\/wp-json\/wp\/v2\/product_tag?post=4079"}],"curies":[{"name":"wp","href":"https:\/\/api.w.org\/{rel}","templated":true}]}}