{"id":408,"date":"2024-03-04T14:56:03","date_gmt":"2024-03-04T12:56:03","guid":{"rendered":"http:\/\/jnats.eu\/?post_type=product&#038;p=408"},"modified":"2025-07-07T22:37:22","modified_gmt":"2025-07-07T19:37:22","slug":"shobudani-8-warstwowa-jakosc-daigoku-wykonczenie-naturalne-oselka","status":"publish","type":"product","link":"https:\/\/jnats.eu\/pl\/produkt-2\/shobudani-8-warstwowa-jakosc-daigoku-wykonczenie-naturalne-oselka\/","title":{"rendered":"Shobudani 8-warstwowy, naturalny kamie\u0144 ose\u0142kowy o jako\u015bci Daigoku"},"content":{"rendered":"<p>Rozmiar 20,7 x 7,8 x 3,2 cm<br>Waga 1250 g<\/p>\n\n\n\n<p>Kamie\u0144 ten ma zacementowane wg\u0142\u0119bienie, ale przed nim jeszcze d\u0142uga droga. Co wi\u0119cej, nawet po jej osi\u0105gni\u0119ciu uszkodzony r\u00f3g mo\u017cna usun\u0105\u0107, aby unikn\u0105\u0107 zak\u0142\u00f3ce\u0144 podczas ostrzenia. Gdyby wydajno\u015b\u0107 by\u0142a poni\u017cej \u015bredniej, r\u00f3g mo\u017cna by wyrzuci\u0107, ale<br>Poniewa\u017c ma osiem warstw, mo\u017ce by\u0107 u\u017cywany. Wydobycie tej warstwy kamienia zosta\u0142o zako\u0144czone oko\u0142o 200 lat temu, ale z pewno\u015bci\u0105 tam jest.<\/p>\n\n\n\n<p>O\u015bmiowarstwowy kamie\u0144 szlifierski by\u0142 bardzo popularny do szlifowania mieczy artystycznych w okresie Edo. Wydaje si\u0119, \u017ce powodem tego by\u0142o to, \u017ce dok\u0142adne polerowanie ma mniej niedoskona\u0142o\u015bci, a polerowanie mo\u017cna wykona\u0107 poprzez precyzyjne regulacje. W erze Taihei miecze by\u0142y nie tylko narz\u0119dziami zbrodni, ale ju\u017c wcze\u015bniej sta\u0142y si\u0119 dzie\u0142ami sztuki.<\/p>\n\n\n\n<p> Nawet teraz, kiedy id\u0119 do szlifierzy mieczy, kt\u00f3re zbankrutowa\u0142y, czasami natrafiam na r\u00f3\u017cne o\u015bmiowarstwowe ose\u0142ki. W\u015br\u00f3d nich warstwy Nakayama 8 sprzedawane s\u0105 po bardzo wysokich cenach.<\/p>\n\n\n\n<p>Powy\u017csze w\u0142a\u015bciwo\u015bci sprawiaj\u0105, \u017ce idealnie nadaje si\u0119 do regulacji powierzchni no\u017cy, d\u0142ut wyka\u0144czaj\u0105cych i strugarek.<br>Chocia\u017c nie chcesz, my\u015bl\u0119, \u017ce mo\u017cna \u015bmia\u0142o powiedzie\u0107, \u017ce prawdopodobie\u0144stwo spotkania w przysz\u0142o\u015bci kamieni o\u015bmiowarstwowych jest bliskie zeru.<br>Jako\u015b\u0107 gwarantowana.<\/p>","protected":false},"excerpt":{"rendered":"<ul>\n<li><strong>Rozmiar: 207 x 78 x 32 mm<\/strong><\/li>\n<li><strong>Waga: 1250 g<\/strong><\/li>\n<li>Idealny do wyko\u0144czenia kasumi<\/li>\n<\/ul>","protected":false},"featured_media":414,"comment_status":"open","ping_status":"closed","template":"","meta":[],"product_brand":[],"product_cat":[22],"product_tag":[93,94,71,90,92,44],"class_list":{"0":"post-408","1":"product","2":"type-product","3":"status-publish","4":"has-post-thumbnail","6":"product_cat-jnats","7":"product_tag-8-layer","8":"product_tag-daigoku","9":"product_tag-finishing","10":"product_tag-natural-whetstone","11":"product_tag-quality","12":"product_tag-shobudani","13":"product_shipping_class-iprastas","15":"first","16":"outofstock","17":"shipping-taxable","18":"purchasable","19":"product-type-simple"},"_links":{"self":[{"href":"https:\/\/jnats.eu\/pl\/wp-json\/wp\/v2\/product\/408","targetHints":{"allow":["GET"]}}],"collection":[{"href":"https:\/\/jnats.eu\/pl\/wp-json\/wp\/v2\/product"}],"about":[{"href":"https:\/\/jnats.eu\/pl\/wp-json\/wp\/v2\/types\/product"}],"replies":[{"embeddable":true,"href":"https:\/\/jnats.eu\/pl\/wp-json\/wp\/v2\/comments?post=408"}],"wp:featuredmedia":[{"embeddable":true,"href":"https:\/\/jnats.eu\/pl\/wp-json\/wp\/v2\/media\/414"}],"wp:attachment":[{"href":"https:\/\/jnats.eu\/pl\/wp-json\/wp\/v2\/media?parent=408"}],"wp:term":[{"taxonomy":"product_brand","embeddable":true,"href":"https:\/\/jnats.eu\/pl\/wp-json\/wp\/v2\/product_brand?post=408"},{"taxonomy":"product_cat","embeddable":true,"href":"https:\/\/jnats.eu\/pl\/wp-json\/wp\/v2\/product_cat?post=408"},{"taxonomy":"product_tag","embeddable":true,"href":"https:\/\/jnats.eu\/pl\/wp-json\/wp\/v2\/product_tag?post=408"}],"curies":[{"name":"wp","href":"https:\/\/api.w.org\/{rel}","templated":true}]}}