{"id":4123,"date":"2025-03-19T13:34:53","date_gmt":"2025-03-19T11:34:53","guid":{"rendered":"https:\/\/jnats.eu\/?post_type=product&#038;p=4123"},"modified":"2025-03-19T14:09:27","modified_gmt":"2025-03-19T12:09:27","slug":"gesenryo-tomae-naturalus-japoniskas-akmuo-galandinimui","status":"publish","type":"product","link":"https:\/\/jnats.eu\/pl\/produkt-2\/gesenryo-tomae-naturalus-japoniskas-akmuo-galandinimui\/","title":{"rendered":"Gesenryo Tomae Naturalny japo\u0144ski kamie\u0144 do ostrzenia"},"content":{"rendered":"<p>Tomae (nazwa warstwy skalnej) to pewien rodzaj naturalnego japo\u0144skiego kamienia do ostrzenia, cz\u0119sto u\u017cywanego do wyka\u0144czania ostrzenia ze wzgl\u0119du na jego doskona\u0142e w\u0142a\u015bciwo\u015bci. Kamie\u0144 ten charakteryzuje si\u0119 zr\u00f3wnowa\u017con\u0105 twardo\u015bci\u0105 i delikatno\u015bci\u0105, dzi\u0119ki czemu nadaje si\u0119 do wielu zastosowa\u0144, w tym do wyka\u0144czaj\u0105cego ostrzenia no\u017cy kuchennych i innych narz\u0119dzi. W przypadku maszynek do golenia \u2013 wst\u0119pne wyko\u0144czenie.<\/p>\n\n\n\n<figure class=\"wp-block-embed is-type-video is-provider-youtube wp-block-embed-youtube wp-embed-aspect-16-9 wp-has-aspect-ratio\"><div class=\"wp-block-embed__wrapper\">\n<div class=\"video-container\"><iframe title=\"Hapstone T2 kontra Jnats: Nisshoyama Suita, Ozuku, Ohira, Karasu, Tomae\" width=\"1170\" height=\"658\" src=\"https:\/\/www.youtube.com\/embed\/HXBtpEUmp3Q?start=1178&#038;feature=oembed\" frameborder=\"0\" allow=\"accelerometer; autoplay; clipboard-write; encrypted-media; gyroscope; picture-in-picture; web-share\" referrerpolicy=\"strict-origin-when-cross-origin\" allowfullscreen><\/iframe><\/div>\n<\/div><\/figure>\n\n\n\n<p>Naturalne japo\u0144skie kamienie do ostrzenia (Jnats) wydobywa si\u0119 z warstw geologicznych, kt\u00f3re formowa\u0142y si\u0119 przez setki milion\u00f3w lat. Ich w\u0142a\u015bciwo\u015bci r\u00f3\u017cni\u0105 si\u0119 w zale\u017cno\u015bci od regionu, w kt\u00f3rym zosta\u0142y wydobyte, dlatego wyniki prac mog\u0105 by\u0107 r\u00f3\u017cne. Takie kamienie nadaj\u0105 no\u017com pi\u0119kniejsze wyko\u0144czenie i subtelnie szlifowane ostrze, dlatego s\u0105 cenione przez pasjonat\u00f3w ostrzenia.<\/p>","protected":false},"excerpt":{"rendered":"<ul class=\"wp-block-list\">\n<li>Nadaje si\u0119 do wyka\u0144czania no\u017cy, no\u017cyczek, narz\u0119dzi stolarskich i innych.<\/li>\n<li>Wymiary: 203x79x35 mm<\/li>\n<li>Waga ze stojakiem: 1820 g<\/li>\n<li>Twardo\u015b\u0107: Poz. 4,5<\/li>\n<li>Zalecamy prac\u0119 z ciep\u0142\u0105 wod\u0105, poniewa\u017c zimna woda pogarsza szybko\u015b\u0107 i reakcj\u0119.<\/li>\n<\/ul>","protected":false},"featured_media":4124,"comment_status":"open","ping_status":"closed","template":"","meta":[],"product_brand":[],"product_cat":[22],"product_tag":[325,67],"class_list":{"0":"post-4123","1":"product","2":"type-product","3":"status-publish","4":"has-post-thumbnail","6":"product_cat-jnats","7":"product_tag-gesenryo","8":"product_tag-tomae","9":"product_shipping_class-iprastas","11":"first","12":"instock","13":"shipping-taxable","14":"purchasable","15":"product-type-simple"},"_links":{"self":[{"href":"https:\/\/jnats.eu\/pl\/wp-json\/wp\/v2\/product\/4123","targetHints":{"allow":["GET"]}}],"collection":[{"href":"https:\/\/jnats.eu\/pl\/wp-json\/wp\/v2\/product"}],"about":[{"href":"https:\/\/jnats.eu\/pl\/wp-json\/wp\/v2\/types\/product"}],"replies":[{"embeddable":true,"href":"https:\/\/jnats.eu\/pl\/wp-json\/wp\/v2\/comments?post=4123"}],"wp:featuredmedia":[{"embeddable":true,"href":"https:\/\/jnats.eu\/pl\/wp-json\/wp\/v2\/media\/4124"}],"wp:attachment":[{"href":"https:\/\/jnats.eu\/pl\/wp-json\/wp\/v2\/media?parent=4123"}],"wp:term":[{"taxonomy":"product_brand","embeddable":true,"href":"https:\/\/jnats.eu\/pl\/wp-json\/wp\/v2\/product_brand?post=4123"},{"taxonomy":"product_cat","embeddable":true,"href":"https:\/\/jnats.eu\/pl\/wp-json\/wp\/v2\/product_cat?post=4123"},{"taxonomy":"product_tag","embeddable":true,"href":"https:\/\/jnats.eu\/pl\/wp-json\/wp\/v2\/product_tag?post=4123"}],"curies":[{"name":"wp","href":"https:\/\/api.w.org\/{rel}","templated":true}]}}