{"id":4128,"date":"2025-03-19T13:43:06","date_gmt":"2025-03-19T11:43:06","guid":{"rendered":"https:\/\/jnats.eu\/?post_type=product&#038;p=4128"},"modified":"2025-03-19T14:10:34","modified_gmt":"2025-03-19T12:10:34","slug":"masamotoyama-karasu-naturalus-japoniskas-akmuo-galandinimui","status":"publish","type":"product","link":"https:\/\/jnats.eu\/pl\/produkt-2\/masamotoyama-karasu-naturalus-japoniskas-akmuo-galandinimui\/","title":{"rendered":"Masamotoyama Karasu Naturalny japo\u0144ski kamie\u0144 do ostrzenia"},"content":{"rendered":"<p>\u201eKarasu\u201d (po japo\u0144sku \u201ekruk\u201d) to rodzaj naturalnego japo\u0144skiego kamienia do ostrzenia, nazwanego tak ze wzgl\u0119du na charakterystyczne ciemne wzory przypominaj\u0105ce pi\u00f3ra kruka na jego powierzchni. Kamienie te s\u0105 szczeg\u00f3lnie cenione za estetyczny wygl\u0105d i doskona\u0142e w\u0142a\u015bciwo\u015bci ostrzenia.<\/p>\n\n\n\n<figure class=\"wp-block-embed is-type-video is-provider-youtube wp-block-embed-youtube wp-embed-aspect-16-9 wp-has-aspect-ratio\"><div class=\"wp-block-embed__wrapper\">\n<div class=\"video-container\"><iframe title=\"Hapstone T2 kontra Jnats: Nisshoyama Suita, Ozuku, Ohira, Karasu, Tomae\" width=\"1170\" height=\"658\" src=\"https:\/\/www.youtube.com\/embed\/HXBtpEUmp3Q?start=1275&#038;feature=oembed\" frameborder=\"0\" allow=\"accelerometer; autoplay; clipboard-write; encrypted-media; gyroscope; picture-in-picture; web-share\" referrerpolicy=\"strict-origin-when-cross-origin\" allowfullscreen><\/iframe><\/div>\n<\/div><\/figure>\n\n\n\n<p>Kamienie karasu s\u0105 szczeg\u00f3lnie cenione za zdolno\u015b\u0107 do nadawania ostrzom wysokiej jako\u015bci wyko\u0144czenia i d\u0142ugotrwa\u0142ej ostro\u015bci. Cz\u0119sto u\u017cywa si\u0119 ich do ostrzenia brzytew, no\u017cy i narz\u0119dzi stolarskich. Ze wzgl\u0119du na swoj\u0105 rzadko\u015b\u0107 i warto\u015b\u0107 estetyczn\u0105, wysokiej jako\u015bci kamienie karasu s\u0105 trudne do znalezienia i wysoko cenione przez kolekcjoner\u00f3w i profesjonalnych ostrza\u0142ek.<\/p>","protected":false},"excerpt":{"rendered":"<ul class=\"wp-block-list\">\n<li>Nadaje si\u0119 do wyka\u0144czania brzytew, no\u017cy, no\u017cyczek, narz\u0119dzi stolarskich i innych.<\/li>\n<li>Wymiary ok.: 270x93x37 mm<\/li>\n<li>Waga: 2230 g<\/li>\n<li>Wytrzyma\u0142o\u015b\u0107: Poz. 5<\/li>\n<li>Do ostrzenia kamieniami zalecamy stosowanie ciep\u0142ej wody, gdy\u017c zimna woda os\u0142abia szybko\u015b\u0107 i reakcj\u0119 szlifowania.<\/li>\n<\/ul>","protected":false},"featured_media":4134,"comment_status":"open","ping_status":"closed","template":"","meta":[],"product_brand":[],"product_cat":[22],"product_tag":[57,316,245],"class_list":{"0":"post-4128","1":"product","2":"type-product","3":"status-publish","4":"has-post-thumbnail","6":"product_cat-jnats","7":"product_tag-karasu","8":"product_tag-masamotoyama","9":"product_tag-naturalus-japoniskas-akmuo-galandinimui","10":"product_shipping_class-iprastas","12":"first","13":"instock","14":"shipping-taxable","15":"purchasable","16":"product-type-simple"},"_links":{"self":[{"href":"https:\/\/jnats.eu\/pl\/wp-json\/wp\/v2\/product\/4128","targetHints":{"allow":["GET"]}}],"collection":[{"href":"https:\/\/jnats.eu\/pl\/wp-json\/wp\/v2\/product"}],"about":[{"href":"https:\/\/jnats.eu\/pl\/wp-json\/wp\/v2\/types\/product"}],"replies":[{"embeddable":true,"href":"https:\/\/jnats.eu\/pl\/wp-json\/wp\/v2\/comments?post=4128"}],"wp:featuredmedia":[{"embeddable":true,"href":"https:\/\/jnats.eu\/pl\/wp-json\/wp\/v2\/media\/4134"}],"wp:attachment":[{"href":"https:\/\/jnats.eu\/pl\/wp-json\/wp\/v2\/media?parent=4128"}],"wp:term":[{"taxonomy":"product_brand","embeddable":true,"href":"https:\/\/jnats.eu\/pl\/wp-json\/wp\/v2\/product_brand?post=4128"},{"taxonomy":"product_cat","embeddable":true,"href":"https:\/\/jnats.eu\/pl\/wp-json\/wp\/v2\/product_cat?post=4128"},{"taxonomy":"product_tag","embeddable":true,"href":"https:\/\/jnats.eu\/pl\/wp-json\/wp\/v2\/product_tag?post=4128"}],"curies":[{"name":"wp","href":"https:\/\/api.w.org\/{rel}","templated":true}]}}