{"id":4135,"date":"2025-03-19T13:51:34","date_gmt":"2025-03-19T11:51:34","guid":{"rendered":"https:\/\/jnats.eu\/?post_type=product&#038;p=4135"},"modified":"2025-11-03T23:53:03","modified_gmt":"2025-11-03T21:53:03","slug":"nisshoyama-suita-naturalus-japoniskas-akmuo-galandinimui-ir-kasumi-finisui","status":"publish","type":"product","link":"https:\/\/jnats.eu\/pl\/produkt-2\/nisshoyama-suita-naturalus-japoniskas-akmuo-galandinimui-ir-kasumi-finisui\/","title":{"rendered":"Nisshoyama Suita Naturalny japo\u0144ski kamie\u0144 do ostrzenia i wyka\u0144czania Kasumi"},"content":{"rendered":"<p>Suita to rodzaj naturalnego japo\u0144skiego kamienia do ostrzenia, wydobywanego z okre\u015blonych warstw geologicznych w Japonii. Kamienie te maj\u0105 porowat\u0105 struktur\u0119 i cz\u0119sto zawieraj\u0105 ma\u0142e jamy zwane \u201esu\u201d. Dzi\u0119ki takiej budowie kamienie Suita szybko uwalniaj\u0105 zawieszenie, co pozwala na skuteczne i r\u00f3wnomierne ostrzenie ostrza. S\u0105 one szczeg\u00f3lnie cenione za zdolno\u015b\u0107 do nadawania ostrzom wysokiej jako\u015bci wyko\u0144czenia i d\u0142ugotrwa\u0142ej ostro\u015bci, a tak\u017ce za wyra\u017any kontrast mi\u0119dzy tward\u0105 i mi\u0119kk\u0105 stal\u0105 (wyko\u0144czenie Kasumi).<\/p>\n\n\n\n<figure class=\"wp-block-embed is-type-video is-provider-youtube wp-block-embed-youtube wp-embed-aspect-16-9 wp-has-aspect-ratio\"><div class=\"wp-block-embed__wrapper\">\n<div class=\"video-container\"><iframe title=\"Hapstone T2 kontra Jnats: Nisshoyama Suita, Ozuku, Ohira, Karasu, Tomae\" width=\"1170\" height=\"658\" src=\"https:\/\/www.youtube.com\/embed\/HXBtpEUmp3Q?feature=oembed\" frameborder=\"0\" allow=\"accelerometer; autoplay; clipboard-write; encrypted-media; gyroscope; picture-in-picture; web-share\" referrerpolicy=\"strict-origin-when-cross-origin\" allowfullscreen><\/iframe><\/div>\n<\/div><\/figure>","protected":false},"excerpt":{"rendered":"<ul class=\"wp-block-list\">\n<li>Nadaj\u0105 si\u0119 do wyka\u0144czania no\u017cy, no\u017cyczek, narz\u0119dzi stolarskich i innych, a tak\u017ce do wyka\u0144czania za pomoc\u0105 d\u0142ut.<\/li>\n<li>Wymiary ok.: 165x105x37 mm<\/li>\n<li>Waga: 1450 g<\/li>\n<li>Twardo\u015b\u0107: Lv 3.7<\/li>\n<li>Bezpieczne linie<\/li>\n<li>Do ostrzenia kamieniami zalecamy stosowanie ciep\u0142ej wody, gdy\u017c zimna woda os\u0142abia szybko\u015b\u0107 i reakcj\u0119 szlifowania.<\/li>\n<\/ul>","protected":false},"featured_media":4136,"comment_status":"open","ping_status":"closed","template":"","meta":[],"product_brand":[],"product_cat":[22],"product_tag":[179,50],"class_list":{"0":"post-4135","1":"product","2":"type-product","3":"status-publish","4":"has-post-thumbnail","6":"product_cat-jnats","7":"product_tag-nisshoyama","8":"product_tag-suita","9":"product_shipping_class-iprastas","11":"first","12":"outofstock","13":"shipping-taxable","14":"purchasable","15":"product-type-simple"},"_links":{"self":[{"href":"https:\/\/jnats.eu\/pl\/wp-json\/wp\/v2\/product\/4135","targetHints":{"allow":["GET"]}}],"collection":[{"href":"https:\/\/jnats.eu\/pl\/wp-json\/wp\/v2\/product"}],"about":[{"href":"https:\/\/jnats.eu\/pl\/wp-json\/wp\/v2\/types\/product"}],"replies":[{"embeddable":true,"href":"https:\/\/jnats.eu\/pl\/wp-json\/wp\/v2\/comments?post=4135"}],"wp:featuredmedia":[{"embeddable":true,"href":"https:\/\/jnats.eu\/pl\/wp-json\/wp\/v2\/media\/4136"}],"wp:attachment":[{"href":"https:\/\/jnats.eu\/pl\/wp-json\/wp\/v2\/media?parent=4135"}],"wp:term":[{"taxonomy":"product_brand","embeddable":true,"href":"https:\/\/jnats.eu\/pl\/wp-json\/wp\/v2\/product_brand?post=4135"},{"taxonomy":"product_cat","embeddable":true,"href":"https:\/\/jnats.eu\/pl\/wp-json\/wp\/v2\/product_cat?post=4135"},{"taxonomy":"product_tag","embeddable":true,"href":"https:\/\/jnats.eu\/pl\/wp-json\/wp\/v2\/product_tag?post=4135"}],"curies":[{"name":"wp","href":"https:\/\/api.w.org\/{rel}","templated":true}]}}