{"id":415,"date":"2024-03-04T15:10:19","date_gmt":"2024-03-04T13:10:19","guid":{"rendered":"http:\/\/jnats.eu\/?post_type=product&#038;p=415"},"modified":"2025-09-29T16:19:30","modified_gmt":"2025-09-29T13:19:30","slug":"otaniyama-hondo-daigokujo-wykanczajacy-naturalny-kamien-oselkowy","status":"publish","type":"product","link":"https:\/\/jnats.eu\/pl\/produkt-2\/otaniyama-hondo-daigokujo-wykanczajacy-naturalny-kamien-oselkowy\/","title":{"rendered":"Otaniyama Hondo Daigokujo Razor Finishing Natural Whetstone"},"content":{"rendered":"<p>Hondo Daigokujo to najwy\u017cszej jako\u015bci kamienie do ostrzenia w\u015br\u00f3d kamieni Otaniyama. G\u00f3ra Otani znajduje si\u0119 oko\u0142o 10 kilometr\u00f3w na p\u00f3\u0142nocny zach\u00f3d od centrum Kameoka Town Hall i jest wsp\u00f3ln\u0105 nazw\u0105 wielu g\u00f3r. Jest to warstwa kamienia szlifierskiego zawieraj\u0105ca wiele cz\u0105stek \u015bciernych i wydaje si\u0119, \u017ce zosta\u0142a wydobyta w erze Showa, poniewa\u017c czarny kolor by\u0142 uwa\u017cany za przynosz\u0105cy pecha i by\u0142 unikany w okresie Edo. <\/p>\n\n\n\n<p>Jako\u015b\u0107 kamieni jest dobra, ale nie s\u0105 one powszechnie znane, poniewa\u017c nie pozwolono im do\u0142\u0105czy\u0107 do Kyoto Natural Stones Association, poniewa\u017c nie podoba\u0142y im si\u0119 tanie, wysokiej jako\u015bci kamienie na rynku. Nast\u0119pnie pewien biznesmen, kt\u00f3ry g\u0142\u00f3wnie importowa\u0142 i sprzedawa\u0142 smary, pr\u0119ty, \u017celazka itp., zauwa\u017cy\u0142 ten kamie\u0144 szlifierski i sprzedawa\u0142 go od drzwi do drzwi fryzjerom w ca\u0142ej Japonii i stopniowo si\u0119 rozprzestrzeni\u0142. <\/p>\n\n\n\n<p>Kamie\u0144 ten jest mieszank\u0105 Hondo-mae i Shiki-tomae, kt\u00f3ra daje najlepsze wyko\u0144czenie. Mo\u017cna to por\u00f3wna\u0107 do wyko\u0144czenia Nakayamy.<\/p>\n\n\n\n<p>Sprzedawano go w\u00f3wczas mniej wi\u0119cej po tej samej cenie, co pocz\u0105tkowa pensja absolwenta uniwersytetu, ale poniewa\u017c to czarny kamie\u0144, nie wszyscy uwa\u017caj\u0105, \u017ce jest tyle wart. Je\u015bli chodzi o t\u0119 ose\u0142k\u0119, jest ona troch\u0119 mi\u0119kka, wi\u0119c mo\u017cna jej u\u017cywa\u0107 r\u00f3wnie\u017c do wyka\u0144czania no\u017cy.<\/p>\n\n\n\n<p>Jest wystarczaj\u0105co gruby, aby przetrwa\u0107 ca\u0142e \u017cycie. Jak sama nazwa wskazuje, jest to wszechstronny kamie\u0144 szlifierski, kt\u00f3ry mo\u017ce by\u0107 u\u017cywany nie tylko do no\u017cy, ale tak\u017ce do wyka\u0144czania brzytew, ma\u0142ych no\u017cy, no\u017cyczek, pilnik\u00f3w, d\u0142ut itp. Atrakcyjno\u015b\u0107 Otaniyama polega na tym, \u017ce rezultat jest podobny do tego, jaki daj\u0105 najwy\u017cszej jako\u015bci kamienie ostrz\u0105ce.<\/p>\n\n\n\n<p>Zimna woda z czasem znacznie pogorszy reakcj\u0119 stali, dlatego do ostrzenia lepiej jest u\u017cywa\u0107 ciep\u0142ej wody o temperaturze oko\u0142o 42 stopni.<\/p>\n\n\n\n<figure class=\"wp-block-embed is-type-video is-provider-youtube wp-block-embed-youtube wp-embed-aspect-16-9 wp-has-aspect-ratio\"><div class=\"wp-block-embed__wrapper\">\nhttps:\/\/youtu.be\/6k_XyH2uSsI\n<\/div><\/figure>","protected":false},"excerpt":{"rendered":"<ul>\n<li>Rozmiar oko\u0142o: 20,6 x 7,8 x 3,5 cm<\/li>\n<li>\u00a0Waga oko\u0142o: 1450 g<\/li>\n<li>Twardo\u015b\u0107 poziom 4<\/li>\n<li>Dzia\u0142a szybko i zapewnia g\u0142adkie golenie. W\u0142osy s\u0105 obcinane razem po wyko\u0144czeniu na kamieniu. Nagura lub p\u0142yta diamentowa nie s\u0105 konieczne.<\/li>\n<li>Jeden z najlepszych kamieni do golenia, jakie widzia\u0142em. Niezbyt \u0142adny, ale dzia\u0142a dobrze.<\/li>\n<\/ul>","protected":false},"featured_media":420,"comment_status":"open","ping_status":"closed","template":"","meta":[],"product_brand":[],"product_cat":[22],"product_tag":[74,71,95,90,70],"class_list":{"0":"post-415","1":"product","2":"type-product","3":"status-publish","4":"has-post-thumbnail","6":"product_cat-jnats","7":"product_tag-daigokujo","8":"product_tag-finishing","9":"product_tag-hondo","10":"product_tag-natural-whetstone","11":"product_tag-otaniyama","12":"product_shipping_class-iprastas","14":"first","15":"outofstock","16":"sale","17":"shipping-taxable","18":"purchasable","19":"product-type-simple"},"_links":{"self":[{"href":"https:\/\/jnats.eu\/pl\/wp-json\/wp\/v2\/product\/415","targetHints":{"allow":["GET"]}}],"collection":[{"href":"https:\/\/jnats.eu\/pl\/wp-json\/wp\/v2\/product"}],"about":[{"href":"https:\/\/jnats.eu\/pl\/wp-json\/wp\/v2\/types\/product"}],"replies":[{"embeddable":true,"href":"https:\/\/jnats.eu\/pl\/wp-json\/wp\/v2\/comments?post=415"}],"wp:featuredmedia":[{"embeddable":true,"href":"https:\/\/jnats.eu\/pl\/wp-json\/wp\/v2\/media\/420"}],"wp:attachment":[{"href":"https:\/\/jnats.eu\/pl\/wp-json\/wp\/v2\/media?parent=415"}],"wp:term":[{"taxonomy":"product_brand","embeddable":true,"href":"https:\/\/jnats.eu\/pl\/wp-json\/wp\/v2\/product_brand?post=415"},{"taxonomy":"product_cat","embeddable":true,"href":"https:\/\/jnats.eu\/pl\/wp-json\/wp\/v2\/product_cat?post=415"},{"taxonomy":"product_tag","embeddable":true,"href":"https:\/\/jnats.eu\/pl\/wp-json\/wp\/v2\/product_tag?post=415"}],"curies":[{"name":"wp","href":"https:\/\/api.w.org\/{rel}","templated":true}]}}