{"id":4216,"date":"2025-03-21T10:45:10","date_gmt":"2025-03-21T08:45:10","guid":{"rendered":"https:\/\/jnats.eu\/?post_type=product&#038;p=4216"},"modified":"2026-04-16T13:42:38","modified_gmt":"2026-04-16T10:42:38","slug":"nos-new-kinmoji-kamisori","status":"publish","type":"product","link":"https:\/\/jnats.eu\/pl\/produkt-2\/nos-new-kinmoji-kamisori\/","title":{"rendered":"NOS Nowe Kinmoji Camisori"},"content":{"rendered":"<p><strong>Kamisori<\/strong> \u2013 s\u0105 to japo\u0144skie brzytwy, kt\u00f3re r\u00f3\u017cni\u0105 si\u0119 od zachodnich asymetryczn\u0105 konstrukcj\u0105 ostrza i prostsz\u0105 r\u0105czk\u0105. S\u0105 cz\u0119sto u\u017cywane do tradycyjnego japo\u0144skiego golenia i cenione za precyzj\u0119.<\/p>\n\n\n\n<figure class=\"wp-block-embed is-type-video is-provider-youtube wp-block-embed-youtube wp-embed-aspect-16-9 wp-has-aspect-ratio\"><div class=\"wp-block-embed__wrapper\">\n<div class=\"video-container\"><iframe title=\"NOS Nowe Kinmoji Camisori\" width=\"1170\" height=\"658\" src=\"https:\/\/www.youtube.com\/embed\/KNuzSOG5IiQ?feature=oembed\" frameborder=\"0\" allow=\"accelerometer; autoplay; clipboard-write; encrypted-media; gyroscope; picture-in-picture; web-share\" referrerpolicy=\"strict-origin-when-cross-origin\" allowfullscreen><\/iframe><\/div>\n<\/div><\/figure>\n\n\n\n<p><strong>Nowe Kinmoji<\/strong> \u2013 to marka produkuj\u0105ca tego typu maszynki do golenia. Nazwa oznacza \u201eNowe Z\u0142ote Pismo\u201d (\u91d1\u6587\u5b57 - \u201eKinmoji\u201d oznacza po japo\u0144sku \u201ez\u0142ote litery\u201d). <\/p>\n\n\n\n<p><strong>Ostrze ze stali<\/strong> \u2013 maszynki te wykonane s\u0105 z wysokiej jako\u015bci stali w\u0119glowej, kt\u00f3ra ze wzgl\u0119du na swoj\u0105 ostro\u015b\u0107 i trwa\u0142o\u015b\u0107 jest uwa\u017cana za szczeg\u00f3lnie przydatn\u0105 do golenia. Twarde stalowe cz\u0119\u015bci s\u0105 spawane falist\u0105 lini\u0105 do mi\u0119kkiej stalowej ramy.<\/p>","protected":false},"excerpt":{"rendered":"<p><strong>Wymiary wszystkich Kamisori s\u0105 nieco inne, poniewa\u017c s\u0105 one wykonywane r\u0119cznie!<\/strong><\/p>\n<ul>\n<li>Widoczne s\u0105 \u015blady czasu i rdzy. Prosimy o uwa\u017cne obejrzenie zdj\u0119\u0107 i film\u00f3w.<\/li>\n<li>Nr 1 u\u017cyty, a pozosta\u0142e trzy nieu\u017cywane.<\/li>\n<li>D\u0142ugo\u015b\u0107 ca\u0142kowita oko\u0142o 150 mm<\/li>\n<li>Wysoko\u015b\u0107 oko\u0142o 19 mm (u\u017cywana \u2013 18 mm)<\/li>\n<li>D\u0142ugo\u015b\u0107 kraw\u0119dzi tn\u0105cej ok. 41 mm<\/li>\n<li>Grubo\u015b\u0107 ostrza wynosi oko\u0142o 5 mm.<\/li>\n<li>waga oko\u0142o 37 g.<\/li>\n<li>Mi\u0119kki plastikowy uchwyt<\/li>\n<li><strong>Wyprodukowano w Japonii w po\u0142owie maja<\/strong><\/li>\n<\/ul>","protected":false},"featured_media":4218,"comment_status":"open","ping_status":"closed","template":"","meta":[],"product_brand":[],"product_cat":[23],"product_tag":[25,327,55],"class_list":{"0":"post-4216","1":"product","2":"type-product","3":"status-publish","4":"has-post-thumbnail","6":"product_cat-razors","7":"product_tag-kamisori","8":"product_tag-new-kinmoji","9":"product_tag-nos","10":"product_shipping_class-light","12":"first","13":"outofstock","14":"shipping-taxable","15":"product-type-variable"},"_links":{"self":[{"href":"https:\/\/jnats.eu\/pl\/wp-json\/wp\/v2\/product\/4216","targetHints":{"allow":["GET"]}}],"collection":[{"href":"https:\/\/jnats.eu\/pl\/wp-json\/wp\/v2\/product"}],"about":[{"href":"https:\/\/jnats.eu\/pl\/wp-json\/wp\/v2\/types\/product"}],"replies":[{"embeddable":true,"href":"https:\/\/jnats.eu\/pl\/wp-json\/wp\/v2\/comments?post=4216"}],"wp:featuredmedia":[{"embeddable":true,"href":"https:\/\/jnats.eu\/pl\/wp-json\/wp\/v2\/media\/4218"}],"wp:attachment":[{"href":"https:\/\/jnats.eu\/pl\/wp-json\/wp\/v2\/media?parent=4216"}],"wp:term":[{"taxonomy":"product_brand","embeddable":true,"href":"https:\/\/jnats.eu\/pl\/wp-json\/wp\/v2\/product_brand?post=4216"},{"taxonomy":"product_cat","embeddable":true,"href":"https:\/\/jnats.eu\/pl\/wp-json\/wp\/v2\/product_cat?post=4216"},{"taxonomy":"product_tag","embeddable":true,"href":"https:\/\/jnats.eu\/pl\/wp-json\/wp\/v2\/product_tag?post=4216"}],"curies":[{"name":"wp","href":"https:\/\/api.w.org\/{rel}","templated":true}]}}