{"id":422,"date":"2024-03-04T15:16:08","date_gmt":"2024-03-04T13:16:08","guid":{"rendered":"http:\/\/jnats.eu\/?post_type=product&#038;p=422"},"modified":"2024-11-03T18:25:28","modified_gmt":"2024-11-03T16:25:28","slug":"otaniyama-daigokujo-wykanczajacy-naturalny-kamien-oselkowy","status":"publish","type":"product","link":"https:\/\/jnats.eu\/pl\/produkt-2\/otaniyama-daigokujo-wykanczajacy-naturalny-kamien-oselkowy\/","title":{"rendered":"Otaniyama Daigokujo Razor Finishing Natural Whetstone"},"content":{"rendered":"<p>Hondo Daigokujo to najwy\u017cszej jako\u015bci kamienie do ostrzenia w\u015br\u00f3d Otaniyama. G\u00f3ra Otani znajduje si\u0119 oko\u0142o 10 kilometr\u00f3w na p\u00f3\u0142nocny zach\u00f3d od centrum ratusza Kameoka i jest zbiorow\u0105 nazw\u0105 wielu g\u00f3r. Jest to warstwa kamienia szlifierskiego zawieraj\u0105ca wiele cz\u0105stek \u015bciernych i wydaje si\u0119, \u017ce zosta\u0142a wydobyta w epoce Showa, poniewa\u017c kolor czarny by\u0142 uwa\u017cany za pechowy i unikano go w okresie Edo.<\/p>\n\n\n\n<p>Jako\u015b\u0107 kamieni jest dobra, ale nie s\u0105 one powszechnie znane, poniewa\u017c nie pozwolono im przyst\u0105pi\u0107 do Stowarzyszenia Kamieni Naturalnych z Kioto, poniewa\u017c temu ostatniemu nie podoba\u0142o si\u0119 to, \u017ce na rynku sprzedawano tanie kamienie wysokiej jako\u015bci. Potem biznesmen, kt\u00f3ry g\u0142\u00f3wnie<br>importuj\u0105c i sprzedaj\u0105c smary, pr\u0119ty, \u017celazka itp., zauwa\u017cy\u0142em ten kamie\u0144 szlifierski i<br>sprzedawano od drzwi do drzwi do salon\u00f3w fryzjerskich w ca\u0142ej Japonii i powoli si\u0119 rozprzestrzenia\u0142y.<\/p>\n\n\n\n<p>Kamie\u0144 ten jest mieszank\u0105 Hondo-mae i Shiki-tomae, kt\u00f3ra daje najlepsze wyko\u0144czenie. Mo\u017cna to por\u00f3wna\u0107 do wyko\u0144czenia Nakayamy.<\/p>\n\n\n\n<p>Sprzedawano go w\u00f3wczas mniej wi\u0119cej po tej samej cenie, co pocz\u0105tkowa pensja absolwenta uniwersytetu, ale poniewa\u017c to czarny kamie\u0144, nie wszyscy uwa\u017caj\u0105, \u017ce jest tyle wart. Je\u015bli chodzi o t\u0119 ose\u0142k\u0119, jest ona troch\u0119 mi\u0119kka, wi\u0119c mo\u017cna jej u\u017cywa\u0107 r\u00f3wnie\u017c do wyka\u0144czania no\u017cy. <\/p>\n\n\n\n<p>Kamie\u0144 jest wystarczaj\u0105co gruby, aby przetrwa\u0107 ca\u0142e \u017cycie. Jak sama nazwa wskazuje, jest to uniwersalna ose\u0142ka, kt\u00f3ra mo\u017ce by\u0107 u\u017cywana nie tylko do no\u017cy, ale tak\u017ce do ko\u0144cowego ostrzenia brzytew, ma\u0142ych no\u017cy, no\u017cyczek, strugarek, d\u0142ut i nie tylko. aby zako\u0144czy\u0107 ostrzenie. Atrakcyjno\u015b\u0107 Otaniyamy polega na tym, \u017ce wyko\u0144czenie jest podobne do najwy\u017cszej jako\u015bci kamieni szlifierskich.<\/p>\n\n\n\n<p>Zimna woda z czasem znacznie pogorszy reakcj\u0119 stali, dlatego do ostrzenia lepiej jest u\u017cywa\u0107 ciep\u0142ej wody o temperaturze oko\u0142o 42 stopni.<\/p>\n\n\n\n<figure class=\"wp-block-embed is-type-video is-provider-youtube wp-block-embed-youtube wp-embed-aspect-16-9 wp-has-aspect-ratio\"><div class=\"wp-block-embed__wrapper\">\n<div class=\"video-container\"><iframe title=\"Otaniyama Daigokujo - najlepszy naturalny kamie\u0144 do brzytew\" width=\"1170\" height=\"658\" src=\"https:\/\/www.youtube.com\/embed\/6k_XyH2uSsI?feature=oembed\" frameborder=\"0\" allow=\"accelerometer; autoplay; clipboard-write; encrypted-media; gyroscope; picture-in-picture; web-share\" referrerpolicy=\"strict-origin-when-cross-origin\" allowfullscreen><\/iframe><\/div>\n<\/div><\/figure>","protected":false},"excerpt":{"rendered":"<ul>\n<li>Rozmiar w przybli\u017ceniu: 20,0 x 7,0 x 2,4 cm<\/li>\n<li>\u00a0Waga ok.: 820 g<\/li>\n<li>Twardo\u015b\u0107 poziom 4<\/li>\n<li>Dzia\u0142a szybko i zapewnia g\u0142adkie golenie. W\u0142osy s\u0105 strzy\u017cone natychmiast po zako\u0144czeniu na kamieniu. Nagura lub p\u0142yta diamentowa nie s\u0105 konieczne.<\/li>\n<li>Jeden z najlepszych kamieni do golenia, jakie widzia\u0142em. Niezbyt \u0142adny, ale dzia\u0142a dobrze.<\/li>\n<\/ul>","protected":false},"featured_media":1259,"comment_status":"open","ping_status":"closed","template":"","meta":[],"product_brand":[],"product_cat":[22],"product_tag":[74,71,90,70],"class_list":{"0":"post-422","1":"product","2":"type-product","3":"status-publish","4":"has-post-thumbnail","6":"product_cat-jnats","7":"product_tag-daigokujo","8":"product_tag-finishing","9":"product_tag-natural-whetstone","10":"product_tag-otaniyama","11":"product_shipping_class-iprastas","13":"first","14":"outofstock","15":"sale","16":"shipping-taxable","17":"purchasable","18":"product-type-simple"},"_links":{"self":[{"href":"https:\/\/jnats.eu\/pl\/wp-json\/wp\/v2\/product\/422","targetHints":{"allow":["GET"]}}],"collection":[{"href":"https:\/\/jnats.eu\/pl\/wp-json\/wp\/v2\/product"}],"about":[{"href":"https:\/\/jnats.eu\/pl\/wp-json\/wp\/v2\/types\/product"}],"replies":[{"embeddable":true,"href":"https:\/\/jnats.eu\/pl\/wp-json\/wp\/v2\/comments?post=422"}],"wp:featuredmedia":[{"embeddable":true,"href":"https:\/\/jnats.eu\/pl\/wp-json\/wp\/v2\/media\/1259"}],"wp:attachment":[{"href":"https:\/\/jnats.eu\/pl\/wp-json\/wp\/v2\/media?parent=422"}],"wp:term":[{"taxonomy":"product_brand","embeddable":true,"href":"https:\/\/jnats.eu\/pl\/wp-json\/wp\/v2\/product_brand?post=422"},{"taxonomy":"product_cat","embeddable":true,"href":"https:\/\/jnats.eu\/pl\/wp-json\/wp\/v2\/product_cat?post=422"},{"taxonomy":"product_tag","embeddable":true,"href":"https:\/\/jnats.eu\/pl\/wp-json\/wp\/v2\/product_tag?post=422"}],"curies":[{"name":"wp","href":"https:\/\/api.w.org\/{rel}","templated":true}]}}