{"id":4251,"date":"2025-03-26T14:26:20","date_gmt":"2025-03-26T12:26:20","guid":{"rendered":"https:\/\/jnats.eu\/?post_type=product&#038;p=4251"},"modified":"2025-04-11T10:44:17","modified_gmt":"2025-04-11T07:44:17","slug":"ohira-awasedo-2","status":"publish","type":"product","link":"https:\/\/jnats.eu\/pl\/produkt-2\/ohira-awasedo-2\/","title":{"rendered":"Ohira Awasedo Poziom 4"},"content":{"rendered":"<p>Stopie\u0144 czysto\u015bci tego naturalnego kamienia do ostrzenia o du\u017cej g\u0119sto\u015bci odpowiada w przybli\u017ceniu stopniowi czysto\u015bci kamienia syntetycznego o numerze #8000. Je\u015bli chcesz przyspieszy\u0107 prac\u0119, zaleca si\u0119 u\u017cycie kamienia Nagura lub tarczy diamentowej do stworzenia zawiesiny przed rozpocz\u0119ciem ka\u017cdej sesji ostrzenia oraz u\u017cycie ciep\u0142ej wody jako \u015brodka smaruj\u0105cego dla lepszego efektu ostrzenia. Ohira mo\u017ce z powodzeniem funkcjonowa\u0107 bez tych \u201eta\u0144c\u00f3w b\u0119bnowych\u201d.<\/p>\n\n\n\n<figure class=\"wp-block-embed is-type-video is-provider-youtube wp-block-embed-youtube wp-embed-aspect-16-9 wp-has-aspect-ratio\"><div class=\"wp-block-embed__wrapper\">\n<div class=\"video-container\"><iframe title=\"Ostrzenie Chobomasa kamisori - Ohira, Nakayama Tomae, Kanyama Strop\" width=\"1170\" height=\"658\" src=\"https:\/\/www.youtube.com\/embed\/tbFJJ1lm87I?feature=oembed\" frameborder=\"0\" allow=\"accelerometer; autoplay; clipboard-write; encrypted-media; gyroscope; picture-in-picture; web-share\" referrerpolicy=\"strict-origin-when-cross-origin\" allowfullscreen><\/iframe><\/div>\n<\/div><\/figure>\n\n\n\n<p>Nie ma potrzeby namaczania japo\u0144skich kamieni ose\u0142kowych. Wystarczy spryska\u0107 powierzchni\u0119 wod\u0105 i gotowe. Po naostrzeniu op\u0142ucz i pozostaw do wyschni\u0119cia w temperaturze pokojowej. Nie pozostawia\u0107 w wodzie przez d\u0142u\u017cszy czas.<\/p>","protected":false},"excerpt":{"rendered":"<ul>\n<li>Nadaje si\u0119 do wyka\u0144czania no\u017cy, wyrob\u00f3w stolarskich i innych narz\u0119dzi.<\/li>\n<li>Wymiary w przybli\u017ceniu: 205x78x33 mm<\/li>\n<li>Waga: 1060 g<\/li>\n<li>Twardo\u015b\u0107: Poziom 4<\/li>\n<li>Powierzchnia jest g\u0142adka i gotowa do pracy<\/li>\n<\/ul>","protected":false},"featured_media":4256,"comment_status":"open","ping_status":"closed","template":"","meta":[],"product_brand":[],"product_cat":[22],"product_tag":[47],"class_list":{"0":"post-4251","1":"product","2":"type-product","3":"status-publish","4":"has-post-thumbnail","6":"product_cat-jnats","7":"product_tag-ohira","8":"product_shipping_class-iprastas","10":"first","11":"instock","12":"shipping-taxable","13":"purchasable","14":"product-type-simple"},"_links":{"self":[{"href":"https:\/\/jnats.eu\/pl\/wp-json\/wp\/v2\/product\/4251","targetHints":{"allow":["GET"]}}],"collection":[{"href":"https:\/\/jnats.eu\/pl\/wp-json\/wp\/v2\/product"}],"about":[{"href":"https:\/\/jnats.eu\/pl\/wp-json\/wp\/v2\/types\/product"}],"replies":[{"embeddable":true,"href":"https:\/\/jnats.eu\/pl\/wp-json\/wp\/v2\/comments?post=4251"}],"wp:featuredmedia":[{"embeddable":true,"href":"https:\/\/jnats.eu\/pl\/wp-json\/wp\/v2\/media\/4256"}],"wp:attachment":[{"href":"https:\/\/jnats.eu\/pl\/wp-json\/wp\/v2\/media?parent=4251"}],"wp:term":[{"taxonomy":"product_brand","embeddable":true,"href":"https:\/\/jnats.eu\/pl\/wp-json\/wp\/v2\/product_brand?post=4251"},{"taxonomy":"product_cat","embeddable":true,"href":"https:\/\/jnats.eu\/pl\/wp-json\/wp\/v2\/product_cat?post=4251"},{"taxonomy":"product_tag","embeddable":true,"href":"https:\/\/jnats.eu\/pl\/wp-json\/wp\/v2\/product_tag?post=4251"}],"curies":[{"name":"wp","href":"https:\/\/api.w.org\/{rel}","templated":true}]}}