{"id":4313,"date":"2025-04-09T11:32:24","date_gmt":"2025-04-09T08:32:24","guid":{"rendered":"https:\/\/jnats.eu\/?post_type=product&#038;p=4313"},"modified":"2025-11-25T09:10:14","modified_gmt":"2025-11-25T07:10:14","slug":"kamisori-henkotsu-hureka-kobayashi-kinsei-ippon-renda","status":"publish","type":"product","link":"https:\/\/jnats.eu\/pl\/produkt-2\/kamisori-henkotsu-hureka-kobayashi-kinsei-ippon-renda\/","title":{"rendered":"Kamisori Hekotsu, Hureka, Kobayashi Kinsei, Ippon Renda"},"content":{"rendered":"<figure class=\"wp-block-embed is-type-video is-provider-youtube wp-block-embed-youtube wp-embed-aspect-16-9 wp-has-aspect-ratio\"><div class=\"wp-block-embed__wrapper\">\n<div class=\"video-container\"><iframe title=\"Kamisori Hekotsu, Hureka, Kobayashi Kinsei, Ippon Renda\" width=\"1170\" height=\"658\" src=\"https:\/\/www.youtube.com\/embed\/UGGiu8uU1nI?feature=oembed\" frameborder=\"0\" allow=\"accelerometer; autoplay; clipboard-write; encrypted-media; gyroscope; picture-in-picture; web-share\" referrerpolicy=\"strict-origin-when-cross-origin\" allowfullscreen><\/iframe><\/div>\n<\/div><\/figure>\n\n\n\n<p>Podobnie jak tradycyjne miecze samurajskie, te Kamisori zosta\u0142y wykute r\u0119cznie z dw\u00f3ch warstw: cz\u0119\u015bci tn\u0105cej wykonanej z wysokow\u0119glowej stali i warstwy no\u015bnej z prostszej stali. Warstwa stali jest krucha i twarda, natomiast skorupa zapewnia niezb\u0119dn\u0105 elastyczno\u015b\u0107 i odporno\u015b\u0107 na p\u0119kanie.<\/p>\n\n\n\n<p>\u017badna z warstw nie jest nierdzewna, dlatego zawsze utrzymuj maszynk\u0119 do golenia w sucho\u015bci po goleniu i chro\u0144 j\u0105 cienk\u0105 warstw\u0105 oleju lub nietoksycznego \u015brodka smaruj\u0105cego (np. Balistol). Dlaczego ten n\u00f3\u017c rdzewieje? No\u017ce ze stali nierdzewnej wykonane s\u0105 ze stopu, kt\u00f3ry zapobiega powstawaniu plam korozji, ale jednocze\u015bnie jest mniej twardy. Stal wysokow\u0119glowa, taka jak warstwa tn\u0105ca tego Kamisori, zapewnia o wiele wi\u0119ksz\u0105 twardo\u015b\u0107 i sprawia, \u017ce golenie staje si\u0119 g\u0142adkie o wiele d\u0142u\u017cej, zanim trzeba b\u0119dzie je ponownie naostrzy\u0107!<\/p>\n\n\n\n<p>Kamisori to najwy\u017cszej jako\u015bci japo\u0144skie \u017cyletki, wytwarzane przez mistrz\u00f3w swojego rzemios\u0142a. Te kamisori s\u0105 wysoko cenione w tradycyjnej japo\u0144skiej spo\u0142eczno\u015bci zajmuj\u0105cej si\u0119 goleniem z nast\u0119puj\u0105cych powod\u00f3w:<\/p>\n\n\n\n<hr class=\"wp-block-separator has-alpha-channel-opacity\"\/>\n\n\n\n<h3 class=\"wp-block-heading\"> <strong>Czym jest koszulka na rami\u0105czkach?<\/strong><\/h3>\n\n\n\n<ul class=\"wp-block-list\">\n<li>Kamisori to tradycyjna japo\u0144ska brzytwa, kt\u00f3ra r\u00f3\u017cni si\u0119 od brzytew zachodnich. <em>maszynka do golenia<\/em> poniewa\u017c cz\u0119sto maj\u0105 asymetryczne nachylenie ostrza (jedna strona jest prosta, a druga zakrzywiona).<\/li>\n\n\n\n<li>S\u0142u\u017cy do golenia bez wymiennych ostrzy. Jest to solidne narz\u0119dzie stalowe, kt\u00f3re wymaga ostrzenia i konserwacji.<\/li>\n<\/ul>\n\n\n\n<hr class=\"wp-block-separator has-alpha-channel-opacity\"\/>\n\n\n\n<h3 class=\"wp-block-heading\"><strong>Unikalne cechy Kamisori:<\/strong><\/h3>\n\n\n\n<ol class=\"wp-block-list\">\n<li><strong>R\u0119cznie wykonany<\/strong> \u2013 ka\u017cde ostrze jest wykonywane r\u0119cznie przez mistrza przy u\u017cyciu tradycyjnych technik kowalskich.<\/li>\n\n\n\n<li><strong>Wysokiej jako\u015bci stal<\/strong> \u2013 cz\u0119sto u\u017cywane <em>Sziromi<\/em> (Bia\u0142a stal papierowa) lub <em>Aogami<\/em> (Blue Paper Steel) stal, kt\u00f3ra doskonale zachowuje ostro\u015b\u0107.<\/li>\n\n\n\n<li><strong>Asymetryczny design<\/strong> \u2013 typowy dla tradycyjnych koszulek, pozwala na niezwykle precyzyjne golenie.<\/li>\n\n\n\n<li><strong>Estetyka<\/strong> \u2013 cz\u0119sto posiada artystycznie grawerowane szczeg\u00f3\u0142y (np. znaki kanji), japo\u0144sk\u0105 elegancj\u0119.<\/li>\n\n\n\n<li><strong>Reputacja<\/strong> \u2013 Japo\u0144scy rzemie\u015blnicy nale\u017c\u0105 do najs\u0142ynniejszych producent\u00f3w zabytkowych narz\u0119dzi do golenia.<\/li>\n<\/ol>\n\n\n\n<p><\/p>\n\n\n\n<p>Henkotsu kamisori to kolejna wysoko ceniona marka w \u015bwiecie tradycyjnych japo\u0144skich \u017cyletek. Ten <strong>zabytkowy (antyczny)<\/strong> no\u017ce kamisori, wykonane g\u0142\u00f3wnie w XX wieku. na pocz\u0105tku lub w trakcie wojny (jak r\u00f3wnie\u017c w okresie powojennym), a obecnie sta\u0142y si\u0119 obiektami po\u017c\u0105dania w\u015br\u00f3d kolekcjoner\u00f3w i mi\u0142o\u015bnik\u00f3w golenia.<\/p>\n\n\n\n<hr class=\"wp-block-separator has-alpha-channel-opacity\"\/>\n\n\n\n<h3 class=\"wp-block-heading\"><strong>Czym jest Henkotsu?<\/strong><\/h3>\n\n\n\n<ul class=\"wp-block-list\">\n<li><strong>\u201eHenkotsu\u201d (martwa ko\u015b\u0107)<\/strong> mo\u017ce dos\u0142ownie oznacza\u0107 \u201euparty\u201d lub \u201eekscentryczny\u201d, ale w \u015bwiecie golenia jest <strong>znak producenta (lub rzemie\u015blnika)<\/strong>, kt\u00f3ry zosta\u0142 wygrawerowany na ostrzu kamisori.<\/li>\n\n\n\n<li>Te maszynki do golenia zosta\u0142y wyprodukowane <strong>Okres Showa (ok. 1926\u20131989)<\/strong>, a niekt\u00f3re nawet wcze\u015bniej \u2013 <strong>Taisho (1912\u20131926)<\/strong> lub nawet <strong>Meiji (1868\u20131912)<\/strong> okres.<\/li>\n\n\n\n<li>Wi\u0119kszo\u015b\u0107 z nich zosta\u0142a wyprodukowana <strong>W Osace lub Tokio<\/strong>, w s\u0142ynnych rejonach produkuj\u0105cych no\u017ce.<\/li>\n<\/ul>\n\n\n\n<hr class=\"wp-block-separator has-alpha-channel-opacity\"\/>\n\n\n\n<h3 class=\"wp-block-heading\"><strong>Co sprawia, \u017ce Hekotsu kamisori jest tak wyj\u0105tkowy?<\/strong><\/h3>\n\n\n\n<ol class=\"wp-block-list\">\n<li><strong>Autentyczne i zabytkowe<\/strong> \u2013 s\u0105 to historyczne narz\u0119dzia do golenia, cz\u0119sto charakteryzuj\u0105ce si\u0119 <em>wabi-sabi<\/em> estetyka (prostota, staro\u017cytno\u015b\u0107, forma niedoskona\u0142a).<\/li>\n\n\n\n<li><strong>Wysokiej jako\u015bci stal<\/strong> \u2013 stare kamisori by\u0142y wykuwane z tradycyjnych japo\u0144skich <em>tamahagane<\/em> lub twardej stali w\u0119glowej.<\/li>\n\n\n\n<li><strong>Unikalny kszta\u0142t<\/strong> \u2013 klasyczny, minimalistyczny wz\u00f3r camisori, cz\u0119sto bez uchwyt\u00f3w, z subtelnym t\u0142oczeniem kanji.<\/li>\n\n\n\n<li><strong>Dobra reputacja w\u015br\u00f3d kolekcjoner\u00f3w<\/strong> \u2013 Nazw\u0119 Henkotsu cz\u0119sto por\u00f3wnuje si\u0119 do innych znanych producent\u00f3w przedmiot\u00f3w vintage, takich jak Iwasaki czy Tanifuji.<\/li>\n\n\n\n<li><strong>Idealnie naostrzone<\/strong> \u2013 W\u0142a\u015bciwie konserwowane no\u017ce Henkotsu zapewniaj\u0105 bardzo ostre i g\u0142adkie ci\u0119cie.<\/li>\n<\/ol>","protected":false},"excerpt":{"rendered":"<ol>\n<li>Henkotsu<\/li>\n<li>Henkotsu<\/li>\n<li>Hurrek<\/li>\n<li>Kobayashi Kinsei<\/li>\n<li>Ippon Renda<\/li>\n<li>Ippon Renda<\/li>\n<li>Ippon Renda<\/li>\n<li>Ippon Renda<\/li>\n<li>Ippon Renda<\/li>\n<\/ol>\n<p><!-- wp:paragraph --><\/p>\n<p><strong>U\u017cyj go i nie zastanawiaj si\u0119 dwa razy.<\/strong> Niewielki wp\u0142yw korozji.<\/p>\n<p><!-- \/wp:paragraph --><\/p>\n<p><!-- wp:paragraph --><\/p>\n<p>Je\u017celi na li\u015bcie nie ma pozycji Nr, oznacza to, \u017ce przedmiot zosta\u0142 sprzedany.<\/p>\n<p><!-- \/wp:paragraph --><\/p>","protected":false},"featured_media":4315,"comment_status":"open","ping_status":"closed","template":"","meta":[],"product_brand":[],"product_cat":[23],"product_tag":[314,328,330,25,329],"class_list":{"0":"post-4313","1":"product","2":"type-product","3":"status-publish","4":"has-post-thumbnail","6":"product_cat-razors","7":"product_tag-henkotsu","8":"product_tag-hureka","9":"product_tag-ippon-renda","10":"product_tag-kamisori","11":"product_tag-kobayashi-kinsei","12":"product_shipping_class-light","14":"first","15":"instock","16":"shipping-taxable","17":"purchasable","18":"product-type-variable"},"_links":{"self":[{"href":"https:\/\/jnats.eu\/pl\/wp-json\/wp\/v2\/product\/4313","targetHints":{"allow":["GET"]}}],"collection":[{"href":"https:\/\/jnats.eu\/pl\/wp-json\/wp\/v2\/product"}],"about":[{"href":"https:\/\/jnats.eu\/pl\/wp-json\/wp\/v2\/types\/product"}],"replies":[{"embeddable":true,"href":"https:\/\/jnats.eu\/pl\/wp-json\/wp\/v2\/comments?post=4313"}],"wp:featuredmedia":[{"embeddable":true,"href":"https:\/\/jnats.eu\/pl\/wp-json\/wp\/v2\/media\/4315"}],"wp:attachment":[{"href":"https:\/\/jnats.eu\/pl\/wp-json\/wp\/v2\/media?parent=4313"}],"wp:term":[{"taxonomy":"product_brand","embeddable":true,"href":"https:\/\/jnats.eu\/pl\/wp-json\/wp\/v2\/product_brand?post=4313"},{"taxonomy":"product_cat","embeddable":true,"href":"https:\/\/jnats.eu\/pl\/wp-json\/wp\/v2\/product_cat?post=4313"},{"taxonomy":"product_tag","embeddable":true,"href":"https:\/\/jnats.eu\/pl\/wp-json\/wp\/v2\/product_tag?post=4313"}],"curies":[{"name":"wp","href":"https:\/\/api.w.org\/{rel}","templated":true}]}}