{"id":4422,"date":"2025-04-17T09:52:42","date_gmt":"2025-04-17T06:52:42","guid":{"rendered":"https:\/\/jnats.eu\/?post_type=product&#038;p=4422"},"modified":"2025-06-16T07:11:07","modified_gmt":"2025-06-16T04:11:07","slug":"nakayama-gosa","status":"publish","type":"product","link":"https:\/\/jnats.eu\/pl\/produkt-2\/nakayama-gosa\/","title":{"rendered":"Nakayama Gosa"},"content":{"rendered":"<figure class=\"wp-block-embed is-type-video is-provider-youtube wp-block-embed-youtube wp-embed-aspect-16-9 wp-has-aspect-ratio\"><div class=\"wp-block-embed__wrapper\">\n<div class=\"video-container\"><iframe title=\"Nakayama Tomae, Gosa, Maruka, Ohira przeciwko C.V. Heljestrand nr 133\" width=\"1170\" height=\"658\" src=\"https:\/\/www.youtube.com\/embed\/BxxCe3bcOhE?start=826&#038;feature=oembed\" frameborder=\"0\" allow=\"accelerometer; autoplay; clipboard-write; encrypted-media; gyroscope; picture-in-picture; web-share\" referrerpolicy=\"strict-origin-when-cross-origin\" allowfullscreen><\/iframe><\/div>\n<\/div><\/figure>\n\n\n\n<p>Nakayama Gosa to naturalny japo\u0144ski kamie\u0144 szlifierski wydobywany w s\u0142ynnej kopalni Nakayama niedaleko Kioto w Japonii. Kamienie te nale\u017c\u0105 do kategorii \"awasedo\", czyli kamieni wyko\u0144czeniowych i s\u0105 wysoko cenione przez entuzjast\u00f3w ostrzenia no\u017cy, brzytew i narz\u0119dzi ze wzgl\u0119du na swoje wyj\u0105tkowe w\u0142a\u015bciwo\u015bci. Gosa to jednak specyficzny rodzaj kamienia Nakayama, kt\u00f3ry r\u00f3\u017cni si\u0119 od innych, takich jak Tomae, sk\u0142adem mineralnym i w\u0142a\u015bciwo\u015bciami ostrz\u0105cymi.<\/p>\n\n\n\n<h3 class=\"wp-block-heading\">Podstawowe informacje o Nakayama Gosa:<\/h3>\n\n\n\n<ol class=\"wp-block-list\">\n<li><strong>Pochodzenie i sk\u0142ad<\/strong>:\n<ul class=\"wp-block-list\">\n<li>Kamienie Nakayama Gosa pochodz\u0105 z kopalni Nakayama, kt\u00f3ra jest obecnie zamkni\u0119ta, wi\u0119c kamienie te s\u0105 rzadkie i cenne.<\/li>\n\n\n\n<li>\"Kamienie Gosa cz\u0119sto maj\u0105 czerwonawy, szarawy lub \u017c\u00f3\u0142tawy odcie\u0144, czasami z unikalnymi wzorami zwanymi \"Iromono\". Ich kolor i tekstura zale\u017c\u0105 od sk\u0142adu minera\u0142\u00f3w, takich jak kwarc i glina.<\/li>\n\n\n\n<li>Gossy s\u0105 bardzo podobne do Nakayama Tomae lub r\u00f3wnie\u017c bardzo drobnoziarniste, idealne do ko\u0144cowego polerowania.<\/li>\n<\/ul>\n<\/li>\n\n\n\n<li><strong>Stosowanie<\/strong>:\n<ul class=\"wp-block-list\">\n<li>Kamienie Nakayama Gosa s\u0105 u\u017cywane jako kamienie wyko\u0144czeniowe, nadaj\u0105ce ostrzu bardzo ostr\u0105 i lustrzan\u0105 kraw\u0119d\u017a. S\u0105 one cz\u0119sto wybierane do ostrzenia japo\u0144skich no\u017cy (np. Santoku, Gyuto), prostych brzytew lub narz\u0119dzi do obr\u00f3bki drewna.<\/li>\n\n\n\n<li>S\u0105 one szczeg\u00f3lnie odpowiednie dla tych, kt\u00f3rzy chc\u0105 wywa\u017conego ostrzenia - niezbyt twardego, ale wystarczaj\u0105co skutecznego do kszta\u0142towania kraw\u0119dzi.<\/li>\n<\/ul>\n<\/li>\n\n\n\n<li><strong>Uczucie wyostrzenia<\/strong>:\n<ul class=\"wp-block-list\">\n<li>Kamienie Nakayama Gosa s\u0105 znane ze swojego \"kremowego\" lub \"mi\u0119kkiego\" wra\u017cenia podczas ostrzenia, kt\u00f3re jest przyjemniejsze ni\u017c w przypadku wielu twardych kamieni.<\/li>\n\n\n\n<li>Pozwalaj\u0105 one na precyzyjn\u0105 kontrol\u0119 procesu ostrzenia, a ich powierzchnia szybko dopasowuje si\u0119 do ostrza, zapewniaj\u0105c p\u0142ynny kontakt.<\/li>\n<\/ul>\n<\/li>\n\n\n\n<li><strong>Rupum<\/strong>:\n<ul class=\"wp-block-list\">\n<li>Chocia\u017c kamienie naturalne nie maj\u0105 takiej samej dok\u0142adnej oceny \"ziarnisto\u015bci\" jak kamienie syntetyczne, Nakayama Gosa jest og\u00f3lnie uwa\u017cana za kamie\u0144 o ziarnisto\u015bci w zakresie 8000-10 000+, w zale\u017cno\u015bci od stopnia rozdrobnienia kamienia.<\/li>\n\n\n\n<li>S\u0105 one cz\u0119sto u\u017cywane po kamieniach o \u015bredniej ziarnisto\u015bci (np. 4000-6000), aby zako\u0144czy\u0107 proces ostrzenia i uzyska\u0107 bardzo ostr\u0105 kraw\u0119d\u017a.<\/li>\n<\/ul>\n<\/li>\n<\/ol>\n\n\n\n<h3 class=\"wp-block-heading\">Dlaczego Nakayama Gosa jest wyj\u0105tkowa?<\/h3>\n\n\n\n<p>Kamienie Nakayama Gosa s\u0105 cenione za r\u00f3wnowag\u0119 mi\u0119dzy mi\u0119kko\u015bci\u0105 i delikatno\u015bci\u0105, pozwalaj\u0105c na uzyskanie profesjonalnego efektu ostrzenia przy przyjemnym procesie. Ich rzadko\u015b\u0107 i unikalne w\u0142a\u015bciwo\u015bci mineralne sprawiaj\u0105, \u017ce s\u0105 one po\u017c\u0105dane przez mi\u0142o\u015bnik\u00f3w japo\u0144skiej tradycji ostrzenia.<\/p>","protected":false},"excerpt":{"rendered":"<div class=\"woocommerce-product-details__short-description\">\n<ul>\n<li>Idealny do wyka\u0144czania brzytew, no\u017cy, no\u017cyczek, narz\u0119dzi stolarskich i innych.<\/li>\n<li>Wymiary: 208x76x27 mm<\/li>\n<li>Waga: 1120 g<\/li>\n<li>Wytrzyma\u0142o\u015b\u0107: Poz. 5<\/li>\n<li>Powierzchnia jest g\u0142adka i gotowa do pracy.<\/li>\n<\/ul>\n<\/div>","protected":false},"featured_media":4762,"comment_status":"open","ping_status":"closed","template":"","meta":[],"product_brand":[],"product_cat":[22],"product_tag":[335,49],"class_list":{"0":"post-4422","1":"product","2":"type-product","3":"status-publish","4":"has-post-thumbnail","6":"product_cat-jnats","7":"product_tag-gosa","8":"product_tag-nakayama","9":"product_shipping_class-iprastas","11":"first","12":"instock","13":"shipping-taxable","14":"purchasable","15":"product-type-simple"},"_links":{"self":[{"href":"https:\/\/jnats.eu\/pl\/wp-json\/wp\/v2\/product\/4422","targetHints":{"allow":["GET"]}}],"collection":[{"href":"https:\/\/jnats.eu\/pl\/wp-json\/wp\/v2\/product"}],"about":[{"href":"https:\/\/jnats.eu\/pl\/wp-json\/wp\/v2\/types\/product"}],"replies":[{"embeddable":true,"href":"https:\/\/jnats.eu\/pl\/wp-json\/wp\/v2\/comments?post=4422"}],"wp:featuredmedia":[{"embeddable":true,"href":"https:\/\/jnats.eu\/pl\/wp-json\/wp\/v2\/media\/4762"}],"wp:attachment":[{"href":"https:\/\/jnats.eu\/pl\/wp-json\/wp\/v2\/media?parent=4422"}],"wp:term":[{"taxonomy":"product_brand","embeddable":true,"href":"https:\/\/jnats.eu\/pl\/wp-json\/wp\/v2\/product_brand?post=4422"},{"taxonomy":"product_cat","embeddable":true,"href":"https:\/\/jnats.eu\/pl\/wp-json\/wp\/v2\/product_cat?post=4422"},{"taxonomy":"product_tag","embeddable":true,"href":"https:\/\/jnats.eu\/pl\/wp-json\/wp\/v2\/product_tag?post=4422"}],"curies":[{"name":"wp","href":"https:\/\/api.w.org\/{rel}","templated":true}]}}