{"id":4428,"date":"2025-04-25T10:10:17","date_gmt":"2025-04-25T07:10:17","guid":{"rendered":"https:\/\/jnats.eu\/?post_type=product&#038;p=4428"},"modified":"2025-06-06T23:21:16","modified_gmt":"2025-06-06T20:21:16","slug":"nakayama-maruka","status":"publish","type":"product","link":"https:\/\/jnats.eu\/pl\/produkt-2\/nakayama-maruka\/","title":{"rendered":"Nakayama Maruka Lv 5"},"content":{"rendered":"<figure class=\"wp-block-embed is-type-video is-provider-youtube wp-block-embed-youtube wp-embed-aspect-16-9 wp-has-aspect-ratio\"><div class=\"wp-block-embed__wrapper\">\n<div class=\"video-container\"><iframe title=\"Przegl\u0105d japo\u0144skich naturalnych kamieni ostrz\u0105cych: Nakayama Maruka, Nishiyama Suita, Shobudani Kiita\" width=\"1170\" height=\"658\" src=\"https:\/\/www.youtube.com\/embed\/OiljG67gTz8?start=645&#038;feature=oembed\" frameborder=\"0\" allow=\"accelerometer; autoplay; clipboard-write; encrypted-media; gyroscope; picture-in-picture; web-share\" referrerpolicy=\"strict-origin-when-cross-origin\" allowfullscreen><\/iframe><\/div>\n<\/div><\/figure>\n\n\n\n<p>Nakayama Maruka to naturalne japo\u0144skie kamienie ostrz\u0105ce pozyskiwane z kopalni Nakayama w pobli\u017cu Kioto w Japonii, pod mark\u0105 Maruka. Kamienie te nale\u017c\u0105 do kategorii \"awasedo\" (kamienie wyko\u0144czeniowe) i s\u0105 wysoko cenione za ich jako\u015b\u0107 i w\u0142a\u015bciwo\u015bci ostrz\u0105ce. <\/p>\n\n\n\n<h3 class=\"wp-block-heading\">Najwa\u017cniejsze cechy:<\/h3>\n\n\n\n<ol class=\"wp-block-list\">\n<li><strong>Pochodzenie i znak Maruca<\/strong>:\n<ul class=\"wp-block-list\">\n<li>Kamienie Nakayama Maruka s\u0105 zwi\u0105zane z Kato Mutsuyam\u0105, kt\u00f3ry by\u0142 w\u0142a\u015bcicielem marki Maruka z liter\u0105 \"ka\" i piecz\u0119ci\u0105 Seihonzan (\u32d5\u6b63\u672c\u5c71). Piecz\u0119\u0107 ta sta\u0142a si\u0119 symbolem jako\u015bci kamieni Nakayama.<\/li>\n\n\n\n<li>Nie wszystkie kamienie Nakayama nosz\u0105 znak \"Maruka\". Na przyk\u0142ad, kamienie o nieregularnych rozmiarach, du\u017ce lub szorstkie cz\u0119sto nie by\u0142y stemplowane. P\u00f3\u017aniej, podczas obr\u00f3bki, niekt\u00f3re kamienie zosta\u0142y oznaczone znakiem Maruka, nawet je\u015bli pierwotnie go nie mia\u0142y.<\/li>\n\n\n\n<li>Kamienie sprzedawane przed okresem znakowania Maruka (przed 1952 r.) r\u00f3wnie\u017c nie nosz\u0105 tego znaczka. Niemniej jednak, je\u015bli kamie\u0144 pochodzi z kopalni Kato Mutsuyama, jest uwa\u017cany za autentyczny kamie\u0144 Nakayama, ze znakiem \"Maruka\" lub bez niego.<a href=\"https:\/\/jnats.eu\/it\/prodotto-2\/nakayama-maruka-8-sluoksniu-japoniskas-naturalus-akmuo-galandimui\/\" target=\"_blank\" rel=\"noreferrer noopener\"><\/a><a href=\"https:\/\/jnats.eu\/en\/product-2\/nakayama-maruka-8-layer-japanese-natural-stone-for-sharpening\/\" target=\"_blank\" rel=\"noreferrer noopener\"><\/a><\/li>\n<\/ul>\n<\/li>\n\n\n\n<li><strong>Sk\u0142ad mineralny i wygl\u0105d<\/strong>:\n<ul class=\"wp-block-list\">\n<li>Kamienie Nakayama Maruka cz\u0119sto maj\u0105 struktur\u0119 wielowarstwow\u0105 (np. 8 warstw, jak w Nakayama Maruka 8 Ply), co nadaje im wyj\u0105tkowe w\u0142a\u015bciwo\u015bci ostrz\u0105ce.<\/li>\n\n\n\n<li>Kolory mog\u0105 by\u0107 \u017c\u00f3\u0142te, r\u00f3\u017cowe, szare, a nawet \"Iromono\" (kolorowe wzory). Popularne odmiany to \"Hondomae\", \"Shikitomae\" lub \"Kiita\" (\u017c\u00f3\u0142tawe kamienie).<\/li>\n\n\n\n<li>Kamienie s\u0105 drobnoziarniste, bardzo twarde, ale maj\u0105 przyjemne uczucie ostrzenia, opisywane jako \"jedwabiste\" lub \"kremowe\".<\/li>\n<\/ul>\n<\/li>\n\n\n\n<li><strong>Stosowanie<\/strong>:\n<ul class=\"wp-block-list\">\n<li>Kamienie Nakayama Maruka s\u0105 u\u017cywane do ko\u0144cowego ostrzenia no\u017cy, prostych brzytew, narz\u0119dzi do obr\u00f3bki drewna w celu uzyskania lustrzanej kraw\u0119dzi.<\/li>\n\n\n\n<li>Ich dok\u0142adno\u015b\u0107 odpowiada kamieniom syntetycznym o ziarnisto\u015bci 8000-12000+, dzi\u0119ki czemu idealnie nadaj\u0105 si\u0119 do polerowania po wi\u0119kszych kamieniach (np. 4000-6000).<\/li>\n\n\n\n<li>Ze wzgl\u0119du na swoj\u0105 struktur\u0119 wytwarzaj\u0105 lekk\u0105 zawiesin\u0119 \u015bciern\u0105, kt\u00f3ra pomaga w skutecznym ostrzeniu.<\/li>\n<\/ul>\n<\/li>\n\n\n\n<li><strong>Uczucie wyostrzenia<\/strong>:\n<ul class=\"wp-block-list\">\n<li>Kamienie Nakayama Maruka s\u0105 znane z niezwykle przyjemnego ostrzenia, kt\u00f3re jest g\u0142adsze i szybsze ni\u017c w przypadku wielu innych kamieni naturalnych.<\/li>\n\n\n\n<li>Ich powierzchnia pozwala na precyzyjn\u0105 kontrol\u0119 procesu ostrzenia, co jest szczeg\u00f3lnie wa\u017cne dla profesjonalist\u00f3w.<\/li>\n<\/ul>\n<\/li>\n<\/ol>\n\n\n\n<h3 class=\"wp-block-heading\">Aspekty rynkowe:<\/h3>\n\n\n\n<ul class=\"wp-block-list\">\n<li><strong>Rzadko\u015b\u0107<\/strong>Kopalnia Nakayama jest zamkni\u0119ta, wi\u0119c kamienie Maruka s\u0105 bardzo rzadkie. Ich poda\u017c na rynku maleje, co powoduje wzrost cen.<\/li>\n\n\n\n<li><strong>Autentyczno\u015b\u0107<\/strong>O: Ze wzgl\u0119du na rzadko\u015b\u0107 i popularno\u015b\u0107 marki Maruka, na rynku pojawiaj\u0105 si\u0119 podr\u00f3bki. \"Piecz\u0119\u0107 Seihonzan\" nie gwarantuje jako\u015bci, dlatego nale\u017cy ocenia\u0107 kamie\u0144 na podstawie jego wygl\u0105du, tekstury i reputacji jako wiarygodnego dostawcy. Zaleca si\u0119 kupowanie w wyspecjalizowanych sklepach.<a href=\"https:\/\/jnats.eu\/it\/prodotto-2\/nakayama-maruka-8-sluoksniu-japoniskas-naturalus-akmuo-galandimui\/\" target=\"_blank\" rel=\"noreferrer noopener\"><\/a><a href=\"https:\/\/jnats.eu\/en\/product-2\/nakayama-maruka-8-layer-japanese-natural-stone-for-sharpening\/\" target=\"_blank\" rel=\"noreferrer noopener\"><\/a><\/li>\n\n\n\n<li><strong>Historia<\/strong>Po II wojnie \u015bwiatowej handel kamieniami Nakayama by\u0142 kontrolowany przez kilku dealer\u00f3w z Kioto, w tym Hatanaka Whetstone. W 1952 r. Hatanaka zarejestrowa\u0142a znak towarowy \"Junshin Honzan\", a po 1980 r. naby\u0142a prawa do kopalni Nakayama i znak towarowy \"Maruka\". Niemniej jednak kamienie by\u0142y r\u00f3wnie\u017c dystrybuowane innymi kana\u0142ami, wi\u0119c nie wszystkie z nich nosz\u0105 piecz\u0119\u0107 Maruka.<a href=\"https:\/\/jnats.eu\/it\/prodotto-2\/nakayama-maruka-8-sluoksniu-japoniskas-naturalus-akmuo-galandimui\/\" target=\"_blank\" rel=\"noreferrer noopener\"><\/a><a href=\"https:\/\/jnats.eu\/ru\/%25D0%25BF%25D1%2580%25D0%25BE%25D0%25B4%25D1%2583%25D0%25BA%25D1%2582\/nakayama-maruka-8-sluoksniu-japoniskas-naturalus-akmuo-galandimui\/\" target=\"_blank\" rel=\"noreferrer noopener\"><\/a><\/li>\n<\/ul>\n\n\n\n<h3 class=\"wp-block-heading\">Dlaczego Nakayama Maruka jest wyj\u0105tkowa?<\/h3>\n\n\n\n<ul class=\"wp-block-list\">\n<li><strong>Jako\u015b\u0107<\/strong>O: Kamienie Nakayama Maruka s\u0105 uwa\u017cane za jedne z najlepszych naturalnych kamieni do ostrzenia na \u015bwiecie ze wzgl\u0119du na ich delikatno\u015b\u0107, twardo\u015b\u0107 i wyj\u0105tkow\u0105 reakcj\u0119 na ostrzenie.<\/li>\n\n\n\n<li><strong>R\u00f3\u017cnorodno\u015b\u0107<\/strong>Ka\u017cdy kamie\u0144 jest wyj\u0105tkowy, z r\u00f3\u017cnymi wzorami i cechami, kt\u00f3re sprawiaj\u0105, \u017ce s\u0105 one po\u017c\u0105dane zar\u00f3wno przez kolekcjoner\u00f3w, jak i profesjonalist\u00f3w.<\/li>\n\n\n\n<li><strong>Tradycja<\/strong>Marka Maruka to symbol japo\u0144skiej kultury ostrzenia, kojarzony z kamieniami najwy\u017cszej jako\u015bci.<\/li>\n<\/ul>","protected":false},"excerpt":{"rendered":"<div class=\"woocommerce-product-details__short-description\">\n<ul>\n<li>Nadaje si\u0119 do wyka\u0144czania brzytew, no\u017cy, no\u017cyczek, narz\u0119dzi stolarskich i innych.<\/li>\n<li>Wymiary: 198x68x22 mm<\/li>\n<li>Waga: 660 g<\/li>\n<li>Wytrzyma\u0142o\u015b\u0107: Poz. 5<\/li>\n<li>Szybki kamie\u0144 do wyka\u0144czania brzytew. Znak Maruka zachowany, ale zatarty. To naprawd\u0119 kamie\u0144 najwy\u017cszej klasy. Mo\u017cna si\u0119 o tym przekona\u0107 ogl\u0105daj\u0105c poni\u017cszy film.<\/li>\n<\/ul>\n<\/div>","protected":false},"featured_media":4483,"comment_status":"open","ping_status":"closed","template":"","meta":[],"product_brand":[],"product_cat":[22],"product_tag":[58,49],"class_list":{"0":"post-4428","1":"product","2":"type-product","3":"status-publish","4":"has-post-thumbnail","6":"product_cat-jnats","7":"product_tag-maruka","8":"product_tag-nakayama","9":"product_shipping_class-iprastas","11":"first","12":"outofstock","13":"shipping-taxable","14":"purchasable","15":"product-type-simple"},"_links":{"self":[{"href":"https:\/\/jnats.eu\/pl\/wp-json\/wp\/v2\/product\/4428","targetHints":{"allow":["GET"]}}],"collection":[{"href":"https:\/\/jnats.eu\/pl\/wp-json\/wp\/v2\/product"}],"about":[{"href":"https:\/\/jnats.eu\/pl\/wp-json\/wp\/v2\/types\/product"}],"replies":[{"embeddable":true,"href":"https:\/\/jnats.eu\/pl\/wp-json\/wp\/v2\/comments?post=4428"}],"wp:featuredmedia":[{"embeddable":true,"href":"https:\/\/jnats.eu\/pl\/wp-json\/wp\/v2\/media\/4483"}],"wp:attachment":[{"href":"https:\/\/jnats.eu\/pl\/wp-json\/wp\/v2\/media?parent=4428"}],"wp:term":[{"taxonomy":"product_brand","embeddable":true,"href":"https:\/\/jnats.eu\/pl\/wp-json\/wp\/v2\/product_brand?post=4428"},{"taxonomy":"product_cat","embeddable":true,"href":"https:\/\/jnats.eu\/pl\/wp-json\/wp\/v2\/product_cat?post=4428"},{"taxonomy":"product_tag","embeddable":true,"href":"https:\/\/jnats.eu\/pl\/wp-json\/wp\/v2\/product_tag?post=4428"}],"curies":[{"name":"wp","href":"https:\/\/api.w.org\/{rel}","templated":true}]}}