{"id":4436,"date":"2025-04-17T10:08:55","date_gmt":"2025-04-17T07:08:55","guid":{"rendered":"https:\/\/jnats.eu\/?post_type=product&#038;p=4436"},"modified":"2025-06-13T12:43:54","modified_gmt":"2025-06-13T09:43:54","slug":"ohira-tomae","status":"publish","type":"product","link":"https:\/\/jnats.eu\/pl\/produkt-2\/ohira-tomae\/","title":{"rendered":"Ohira Tomae"},"content":{"rendered":"<figure class=\"wp-block-embed is-type-video is-provider-youtube wp-block-embed-youtube wp-embed-aspect-16-9 wp-has-aspect-ratio\"><div class=\"wp-block-embed__wrapper\">\n<div class=\"video-container\"><iframe title=\"Nakayama Tomae, Gosa, Maruka, Ohira przeciwko C.V. Heljestrand nr 133\" width=\"1170\" height=\"658\" src=\"https:\/\/www.youtube.com\/embed\/BxxCe3bcOhE?start=276&#038;feature=oembed\" frameborder=\"0\" allow=\"accelerometer; autoplay; clipboard-write; encrypted-media; gyroscope; picture-in-picture; web-share\" referrerpolicy=\"strict-origin-when-cross-origin\" allowfullscreen><\/iframe><\/div>\n<\/div><\/figure>\n\n\n\n<p>Ohira Tomae to jeden z najbardziej znanych i cenionych rodzaj\u00f3w naturalnych japo\u0144skich kamieni ostrz\u0105cych pochodz\u0105cych z g\u00f3ry Ohira (\u5927\u5e73\u5c71) w Kioto. <\/p>\n\n\n\n<h3 class=\"wp-block-heading\"><strong>Og\u00f3lna charakterystyka<\/strong><\/h3>\n\n\n\n<ul class=\"wp-block-list\">\n<li><strong>Typ:<\/strong> Naturalny kamie\u0144 wyko\u0144czeniowy.<\/li>\n\n\n\n<li><strong>Ziarnisto\u015b\u0107:<\/strong> Wysoki - cz\u0119sto uwa\u017cany za bardzo zbli\u017cony lub nawet przekraczaj\u0105cy rozmiar ziarna syntetycznego 8000+, chocia\u017c kamienie naturalne nie maj\u0105 znormalizowanego rozmiaru ziarna.<\/li>\n\n\n\n<li><strong>Zastosowanie:<\/strong> U\u017cywana do ko\u0144cowego polerowania ostrzy (no\u017cy, d\u0142ut, mieczy itp.). Szczeg\u00f3lnie ceniona za zdolno\u015b\u0107 do nadawania lustrzanej powierzchni i wydobywania efektu \"kasumi\" (matowy\/lustrzany kontrast).<\/li>\n\n\n\n<li><strong>Uczucie:<\/strong> G\u0142\u00f3wnie mi\u0119kkie, \"ma\u015blane\" uczucie podczas szlifowania.<\/li>\n<\/ul>\n\n\n\n<h3 class=\"wp-block-heading\"><strong>Klasyfikacja Tomae<\/strong><\/h3>\n\n\n\n<ul class=\"wp-block-list\">\n<li>\"Tomae\" (\u6238\u524d) odnosi si\u0119 do okre\u015blonej warstwy lub rodzaju kamienia znalezionego w niekt\u00f3rych g\u00f3rach, w tym Ohira. Jest to jedna z g\u0142\u00f3wnych kategorii naturalnych kamieni do ostrzenia, obok Asagi, Kiita, Shiro Suita itp.<\/li>\n\n\n\n<li>Kamienie Tomae z g\u00f3ry Ohira s\u0105 zwykle uwa\u017cane za <strong>wysoka jako\u015b\u0107<\/strong>Cz\u0119sto nadaje si\u0119 zar\u00f3wno do narz\u0119dzi, jak i mniejszych zada\u0144.<\/li>\n<\/ul>\n\n\n\n<h3 class=\"wp-block-heading\"><strong>Personalizacja<\/strong><\/h3>\n\n\n\n<ul class=\"wp-block-list\">\n<li>Rzemie\u015blnicy pracuj\u0105cy z tradycyjnymi japo\u0144skimi narz\u0119dziami lub no\u017cami doceniaj\u0105 Ohira Tomae za mi\u0119kko\u015b\u0107, ostro\u015b\u0107, kontrol\u0119 i jako\u015b\u0107 powierzchni.<\/li>\n\n\n\n<li>Szczeg\u00f3lnie popularne w\u015br\u00f3d os\u00f3b poszukuj\u0105cych wyko\u0144czenia \"kasumi\" - kontrastu mi\u0119dzy polerowanym i matowym metalem.<\/li>\n<\/ul>","protected":false},"excerpt":{"rendered":"<div class=\"woocommerce-product-details__short-description\">\n<ul>\n<li>Nadaje si\u0119 do wyka\u0144czania no\u017cy, no\u017cyczek, narz\u0119dzi stolarskich i innych. Prefinish do maszynek do golenia.<\/li>\n<li>Wymiary: 205x75x30 mm<\/li>\n<li>Waga: 1190 g<\/li>\n<li>Twardo\u015b\u0107: Poziom 4<\/li>\n<li>Powierzchnia jest g\u0142adka i gotowa do pracy.<\/li>\n<\/ul>\n<\/div>","protected":false},"featured_media":4761,"comment_status":"open","ping_status":"closed","template":"","meta":[],"product_brand":[],"product_cat":[22],"product_tag":[47,67],"class_list":{"0":"post-4436","1":"product","2":"type-product","3":"status-publish","4":"has-post-thumbnail","6":"product_cat-jnats","7":"product_tag-ohira","8":"product_tag-tomae","9":"product_shipping_class-iprastas","11":"first","12":"instock","13":"shipping-taxable","14":"purchasable","15":"product-type-simple"},"_links":{"self":[{"href":"https:\/\/jnats.eu\/pl\/wp-json\/wp\/v2\/product\/4436","targetHints":{"allow":["GET"]}}],"collection":[{"href":"https:\/\/jnats.eu\/pl\/wp-json\/wp\/v2\/product"}],"about":[{"href":"https:\/\/jnats.eu\/pl\/wp-json\/wp\/v2\/types\/product"}],"replies":[{"embeddable":true,"href":"https:\/\/jnats.eu\/pl\/wp-json\/wp\/v2\/comments?post=4436"}],"wp:featuredmedia":[{"embeddable":true,"href":"https:\/\/jnats.eu\/pl\/wp-json\/wp\/v2\/media\/4761"}],"wp:attachment":[{"href":"https:\/\/jnats.eu\/pl\/wp-json\/wp\/v2\/media?parent=4436"}],"wp:term":[{"taxonomy":"product_brand","embeddable":true,"href":"https:\/\/jnats.eu\/pl\/wp-json\/wp\/v2\/product_brand?post=4436"},{"taxonomy":"product_cat","embeddable":true,"href":"https:\/\/jnats.eu\/pl\/wp-json\/wp\/v2\/product_cat?post=4436"},{"taxonomy":"product_tag","embeddable":true,"href":"https:\/\/jnats.eu\/pl\/wp-json\/wp\/v2\/product_tag?post=4436"}],"curies":[{"name":"wp","href":"https:\/\/api.w.org\/{rel}","templated":true}]}}