{"id":4509,"date":"2025-04-30T14:47:15","date_gmt":"2025-04-30T11:47:15","guid":{"rendered":"https:\/\/jnats.eu\/?post_type=product&#038;p=4509"},"modified":"2026-02-12T09:28:34","modified_gmt":"2026-02-12T07:28:34","slug":"nakayama-kiita-lv-4","status":"publish","type":"product","link":"https:\/\/jnats.eu\/pl\/produkt-2\/nakayama-kiita-lv-4\/","title":{"rendered":"Nakayama Kiita Lv 4"},"content":{"rendered":"<figure class=\"wp-block-embed is-type-video is-provider-youtube wp-block-embed-youtube wp-embed-aspect-16-9 wp-has-aspect-ratio\"><div class=\"wp-block-embed__wrapper\">\n<div class=\"video-container\"><iframe title=\"Ostrzenie brzytwy Pumy: Aizu, Aiwatani, Nakayama Kiita, Nashiji, Karasu\" width=\"1170\" height=\"658\" src=\"https:\/\/www.youtube.com\/embed\/fu4WmCwVvQU?start=416&#038;feature=oembed\" frameborder=\"0\" allow=\"accelerometer; autoplay; clipboard-write; encrypted-media; gyroscope; picture-in-picture; web-share\" referrerpolicy=\"strict-origin-when-cross-origin\" allowfullscreen><\/iframe><\/div>\n<\/div><\/figure>\n\n\n\n<p>Nakayama Kiita Lv 4 to wysokiej jako\u015bci japo\u0144ski naturalny kamie\u0144 ostrz\u0105cy (toishi) do no\u017cy, brzytew i narz\u0119dzi. <\/p>\n\n\n\n<ul class=\"wp-block-list\">\n<li><strong>Pochodzenie i jako\u015b\u0107<\/strong>Jest to kamie\u0144 z kopalni Nakayama, znany z wyj\u0105tkowej jako\u015bci i rzadkiego \u017c\u00f3\u0142tego koloru (kiita), kt\u00f3ry jest bardzo ceniony w Japonii. Ze wzgl\u0119du na swoj\u0105 rzadko\u015b\u0107 i estetyk\u0119 jest klasyfikowany jako kamie\u0144 kolekcjonerski.<a href=\"https:\/\/www.japanesenaturalstones.com\/nakayama-kiita-lv-4-5-a1225\/\" target=\"_blank\" rel=\"noreferrer noopener\"><\/a><a href=\"https:\/\/www.japanesenaturalstones.com\/nakayama-kiita-lv-4-a1845\/\" target=\"_blank\" rel=\"noreferrer noopener\"><\/a><\/li>\n\n\n\n<li><strong>Twardo\u015b\u0107 i rozdrobnienie<\/strong>Poziom twardo\u015bci to Lv 4, ale ziarnisto\u015b\u0107 wynosi oko\u0142o 8000 Grit, wi\u0119c kamie\u0144 jest wystarczaj\u0105co drobny do ko\u0144cowego ostrzenia. Nie jest ani zbyt twardy, ani zbyt mi\u0119kki, dzi\u0119ki czemu jest \u0142atwy w u\u017cyciu, zw\u0142aszcza dla pocz\u0105tkuj\u0105cych.<a href=\"https:\/\/www.japanesenaturalstones.com\/nakayama-kiita-lv-4-a1845\/\" target=\"_blank\" rel=\"noreferrer noopener\"><\/a><\/li>\n\n\n\n<li><strong>Stosowanie<\/strong>Idealna do ostrzenia ma\u0142ych narz\u0119dzi i no\u017cy. Mo\u017ce by\u0107 u\u017cywana z kamieniem nagura, aby poprawi\u0107 wyniki ostrzenia. Do brzytew (kamisori i zachodnich) - wyko\u0144czenie wst\u0119pne.<\/li>\n\n\n\n<li><strong>Wyko\u0144czenie<\/strong>Zapewnia p\u00f3\u0142-lustrzane wyko\u0144czenie, kt\u00f3re jest estetyczne i funkcjonalne, zapewniaj\u0105c bardzo ostre ostrze.<a href=\"https:\/\/www.japanesenaturalstones.com\/nakayama-kiita-lv-4-5-a1225\/\" target=\"_blank\" rel=\"noreferrer noopener\"><\/a><a href=\"https:\/\/www.japanesenaturalstones.com\/nakayama-kiita-lv-4-a1845\/\" target=\"_blank\" rel=\"noreferrer noopener\"><\/a><\/li>\n\n\n\n<li><strong>Wygl\u0105d<\/strong>Po\u0142\u0105czenie szaro\u015bci i \u017c\u00f3\u0142ci, bez toksycznych linii i wtr\u0105ce\u0144, zapewnia czyste i g\u0142adkie ostrzenie. <\/li>\n\n\n\n<li><strong>Funkcje specjalne<\/strong>O: Kamie\u0144 jest \u0142atwy w u\u017cyciu, szybko usuwa metal, a ostrzenie jest niezwykle g\u0142adkie i przyjemne.<a href=\"https:\/\/www.japanesenaturalstones.com\/nakayama-kiita-lv-4-5-a1225\/\" target=\"_blank\" rel=\"noreferrer noopener\"><\/a><a href=\"https:\/\/www.japanesenaturalstones.com\/nakayama-sunashi-suita-kiita-lv-4-a787\/\" target=\"_blank\" rel=\"noreferrer noopener\"><\/a><\/li>\n<\/ul>\n\n\n\n<p>Kamie\u0144 ten jest rzadki i ceniony zar\u00f3wno ze wzgl\u0119du na swoje praktyczne w\u0142a\u015bciwo\u015bci ostrz\u0105ce, jak i pi\u0119kno, i cz\u0119sto jest uwa\u017cany za przedmiot kolekcjonerski. <\/p>","protected":false},"excerpt":{"rendered":"<ul>\n<li>Nadaje si\u0119 do wyka\u0144czania no\u017cy, no\u017cyczek, narz\u0119dzi stolarskich i innych. Prefinish do maszynek do golenia.<\/li>\n<li>Wymiary: 205x75x36 mm<\/li>\n<li>Waga z podstawk\u0105: 1280 g<\/li>\n<li>Twardo\u015b\u0107: Poziom 4<\/li>\n<li>Szybki, wysokiej jako\u015bci kamie\u0144 do uko\u0144czenia. Znak Maruka zachowany, ale niewyra\u017any.<\/li>\n<\/ul>","protected":false},"featured_media":4517,"comment_status":"open","ping_status":"closed","template":"","meta":[],"product_brand":[],"product_cat":[22],"product_tag":[141,336,49],"class_list":{"0":"post-4509","1":"product","2":"type-product","3":"status-publish","4":"has-post-thumbnail","6":"product_cat-jnats","7":"product_tag-kiita","8":"product_tag-lv-4","9":"product_tag-nakayama","10":"product_shipping_class-iprastas","12":"first","13":"outofstock","14":"shipping-taxable","15":"purchasable","16":"product-type-simple"},"_links":{"self":[{"href":"https:\/\/jnats.eu\/pl\/wp-json\/wp\/v2\/product\/4509","targetHints":{"allow":["GET"]}}],"collection":[{"href":"https:\/\/jnats.eu\/pl\/wp-json\/wp\/v2\/product"}],"about":[{"href":"https:\/\/jnats.eu\/pl\/wp-json\/wp\/v2\/types\/product"}],"replies":[{"embeddable":true,"href":"https:\/\/jnats.eu\/pl\/wp-json\/wp\/v2\/comments?post=4509"}],"wp:featuredmedia":[{"embeddable":true,"href":"https:\/\/jnats.eu\/pl\/wp-json\/wp\/v2\/media\/4517"}],"wp:attachment":[{"href":"https:\/\/jnats.eu\/pl\/wp-json\/wp\/v2\/media?parent=4509"}],"wp:term":[{"taxonomy":"product_brand","embeddable":true,"href":"https:\/\/jnats.eu\/pl\/wp-json\/wp\/v2\/product_brand?post=4509"},{"taxonomy":"product_cat","embeddable":true,"href":"https:\/\/jnats.eu\/pl\/wp-json\/wp\/v2\/product_cat?post=4509"},{"taxonomy":"product_tag","embeddable":true,"href":"https:\/\/jnats.eu\/pl\/wp-json\/wp\/v2\/product_tag?post=4509"}],"curies":[{"name":"wp","href":"https:\/\/api.w.org\/{rel}","templated":true}]}}