{"id":452,"date":"2024-03-06T13:32:58","date_gmt":"2024-03-06T11:32:58","guid":{"rendered":"http:\/\/jnats.eu\/?post_type=product&#038;p=452"},"modified":"2026-02-13T00:54:17","modified_gmt":"2026-02-12T22:54:17","slug":"noz-suncraft-elegant-safe-20cm","status":"publish","type":"product","link":"https:\/\/jnats.eu\/pl\/produkt-2\/noz-suncraft-elegant-safe-20cm\/","title":{"rendered":"N\u00f3\u017c szefa kuchni Suncraft Elegancia 20cm"},"content":{"rendered":"<figure class=\"wp-block-embed is-type-video is-provider-youtube wp-block-embed-youtube wp-embed-aspect-16-9 wp-has-aspect-ratio\"><div class=\"wp-block-embed__wrapper\">\n<div class=\"video-container\"><iframe title=\"Suncraft \u2014 Fake SG2 czy najlepszy n\u00f3\u017c na \u015bwiecie? Ostrzenie na Ohira Suita\" width=\"1170\" height=\"658\" src=\"https:\/\/www.youtube.com\/embed\/oKKMLcZ-l28?feature=oembed\" frameborder=\"0\" allow=\"accelerometer; autoplay; clipboard-write; encrypted-media; gyroscope; picture-in-picture; web-share\" referrerpolicy=\"strict-origin-when-cross-origin\" allowfullscreen><\/iframe><\/div>\n<\/div><\/figure>\n\n\n\n<p>N\u00f3\u017c szefa kuchni Suncraft Elegancia KSK-01 20 cm to osza\u0142amiaj\u0105cy n\u00f3\u017c szefa kuchni o eleganckim kszta\u0142cie. Dzi\u0119ki temu narz\u0119dzie jest por\u0119czne i doskonale nadaje si\u0119 do krojenia warzyw i mi\u0119sa.<\/p>\n\n\n\n<p>Dzi\u0119ki serii Suncraft Elegancia firma Suncraft oferuje eleganck\u0105 i pi\u0119kn\u0105 kolekcj\u0119 no\u017cy. Do wykonania tych no\u017cy u\u017cyto jednej z najlepszych stali proszkowych Supergold2 w po\u0142\u0105czeniu z r\u0119koje\u015bci\u0105 z drewna pakka. Seria ta przeznaczona jest do d\u0142ugotrwa\u0142ego stosowania. Wyj\u0105tkowo\u015b\u0107 tej kolekcji polega na szeroko\u015bci no\u017cy. R\u0119koje\u015b\u0107 ma r\u00f3wnie\u017c specjalny, delikatnie zakrzywiony kszta\u0142t. U\u0142atwia to korzystanie z tych no\u017cy osobom o du\u017cych d\u0142oniach.<\/p>\n\n\n\n<p>Ostrza no\u017cy Suncraft Elegancia wykonane s\u0105 ze stali proszkowej SG2. Jest to rodzaj stali, kt\u00f3r\u0105 mo\u017cna naostrzy\u0107 do bardzo ostrej powierzchni. Jest r\u00f3wnie\u017c odporny na korozj\u0119. Ostrze jest bardzo szerokie, dzi\u0119ki czemu pod r\u0119koje\u015bci\u0105 jest wystarczaj\u0105co du\u017co miejsca. U\u0142atwia to korzystanie osobom o du\u017cych d\u0142oniach z no\u017cy z serii Elegancia.<\/p>\n\n\n\n<p><strong>Nachylenie ostrza ma kszta\u0142t wypuk\u0142y (soczewkowy), kt\u00f3ry bardzo \u0142atwo penetruje i przesuwa si\u0119 po produkcie. Oczywi\u015bcie ta forma jest najbardziej odpowiednia dla no\u017cy kuchennych, ale ze wzgl\u0119du na z\u0142o\u017cono\u015b\u0107 produkcji jest rzadko spotykana.<\/strong><\/p>\n\n\n\n<p>Suncraft Elegancia posiada unikaln\u0105 r\u0119koje\u015b\u0107 wykonan\u0105 z drewna pakka. Ma zakrzywiony kszta\u0142t, dzi\u0119ki czemu no\u017ce te s\u0105 bardzo wygodne w trzymaniu. Mosi\u0105dz na pocz\u0105tku r\u0119koje\u015bci nadaje r\u0119koje\u015bci wyrafinowany wygl\u0105d. Zwr\u00f3\u0107 uwag\u0119! Tych no\u017cy nie mo\u017cna my\u0107 w zmywarce!<\/p>\n\n\n\n<p>Stylowe japo\u0144skie no\u017ce kuchenne Suncraft<br>Japo\u0144ska firma Suncraft wie, jak zrobi\u0107 stylowy n\u00f3\u017c kuchenny. Od 1948 roku w Seki w Japonii produkuj\u0105 tradycyjne, wysokiej jako\u015bci no\u017ce premium. Seki City to japo\u0144ska mekka no\u017cy. Suncraft produkuje r\u00f3\u017cne serie no\u017cy, dlatego ka\u017cdy znajdzie odpowiedni n\u00f3\u017c kuchenny Suncraft.<\/p>\n\n\n\n<h2 class=\"wp-block-heading\">Stal SG2: Opis<\/h2>\n\n\n\n<p><strong>SG2<\/strong> (Super Gold 2) \u2014 to <strong>Japo\u0144ska metalurgia proszk\u00f3w ze stali nierdzewnej<\/strong>, zaprojektowany dla wyj\u0105tkowo wysokiej ostro\u015bci, trwa\u0142o\u015bci i odporno\u015bci na korozj\u0119. Jest produkowany przez <strong>Takefu Special Steel Co., Ltd.<\/strong> W Japonii stal SG2 jest cz\u0119sto stosowana w wysokiej jako\u015bci no\u017cach kuchennych i luksusowych narz\u0119dziach tn\u0105cych ze wzgl\u0119du na swoje unikalne w\u0142a\u015bciwo\u015bci.<\/p>\n\n\n\n<hr class=\"wp-block-separator has-alpha-channel-opacity\"\/>\n\n\n\n<h2 class=\"wp-block-heading\">SG2 Sk\u0142ad chemiczny (typowy)<\/h2>\n\n\n\n<figure class=\"wp-block-table\"><table class=\"has-fixed-layout\"><thead><tr><th>Element<\/th><th>Ilo\u015b\u0107 (%)<\/th><\/tr><\/thead><tbody><tr><td>C (w\u0119giel)<\/td><td>1,25\u20131,45<\/td><\/tr><tr><td>Cr (Chrom)<\/td><td>14,0\u201316,0<\/td><\/tr><tr><td>Mo (molibden)<\/td><td>2.3\u20133.3<\/td><\/tr><tr><td>V (Wanad)<\/td><td>1,8\u20132,2<\/td><\/tr><\/tbody><\/table><\/figure>\n\n\n\n<p><strong>Twardo\u015b\u0107<\/strong>:po obr\u00f3bce cieplnej mo\u017cna osi\u0105gn\u0105\u0107 <strong>KPC 62\u201364<\/strong>, zachowuj\u0105c jednocze\u015bnie wysok\u0105 odporno\u015b\u0107 na zu\u017cycie.<\/p>\n\n\n\n<hr class=\"wp-block-separator has-alpha-channel-opacity\"\/>\n\n\n\n<h2 class=\"wp-block-heading\">Zalety stali SG2<\/h2>\n\n\n\n<p>\ud83d\udd2a <strong>Bardzo wysoki poziom ostro\u015bci<\/strong><br>Drobna struktura w\u0119glika SG2 pozwala na ostrzenie no\u017cy pod bardzo cienkim i ostrym k\u0105tem. Idealne do wypuk\u0142ych lub cienkich geometrii fazowanych.<\/p>\n\n\n\n<p>\ud83d\udee1\ufe0f <strong>Doskona\u0142a odporno\u015b\u0107 na korozj\u0119<\/strong><br>Ze wzgl\u0119du na wysok\u0105 zawarto\u015b\u0107 chromu SG2 jest <strong>nierdzewny<\/strong>, dlatego s\u0105 mniej podatne na rdzewienie i ciemnienie w warunkach kuchennych.<\/p>\n\n\n\n<p>\ud83e\uddf1 <strong>Bardzo dobra odporno\u015b\u0107 na \u015bcieranie<\/strong><br>No\u017ce SG2 d\u0142u\u017cej zachowuj\u0105 ostro\u015b\u0107, nawet przy krojeniu twardszych produkt\u00f3w lub trudniejszych kawa\u0142k\u00f3w (np. sk\u00f3ry ryb, orzech\u00f3w, warzyw z tward\u0105 sk\u00f3rk\u0105).<\/p>\n\n\n\n<p>\u2696\ufe0f <strong>Dobrze wywa\u017cony pomi\u0119dzy twardo\u015bci\u0105 i wytrzyma\u0142o\u015bci\u0105<\/strong><br>W przeciwie\u0144stwie do wyj\u0105tkowo kruchych stali proszkowych, SG2 ma wystarczaj\u0105c\u0105 elastyczno\u015b\u0107, dzi\u0119ki czemu jest mniej podatna na wykruszanie si\u0119 na bardzo ostrych kraw\u0119dziach, szczeg\u00f3lnie przy odpowiedniej geometrii (np. wypuk\u0142ej).<\/p>\n\n\n\n<p>\ud83d\udee0\ufe0f <strong>Idealny do ostrzenia na naturalnych japo\u0144skich kamieniach<\/strong><br>Dzi\u0119ki drobnym w\u0119glikom SG2 bardzo dobrze reaguje z <strong>kamienie naturalne<\/strong>, co pozwala na uzyskanie powierzchni o ostro\u015bci lustrzanej.<\/p>\n\n\n\n<hr class=\"wp-block-separator has-alpha-channel-opacity\"\/>\n\n\n\n<h2 class=\"wp-block-heading\">Wady SG2 (gdzie warto wiedzie\u0107)<\/h2>\n\n\n\n<ul class=\"wp-block-list\">\n<li><strong>Dro\u017csze od stali konwencjonalnych<\/strong> ze wzgl\u0119du na technologi\u0119 metalurgii proszk\u00f3w.<\/li>\n\n\n\n<li>Je\u015bli zostanie nieprawid\u0142owo przetworzony lub nadmiernie utwardzony, mo\u017ce sta\u0107 si\u0119 nieco bardziej kruchy.<\/li>\n\n\n\n<li>Mimo \u017ce jest on bardzo odporny na korozj\u0119, jak ka\u017cdy n\u00f3\u017c ze stali nierdzewnej, mo\u017ce zmatowie\u0107, je\u017celi pozostanie w wilgoci przez d\u0142u\u017cszy czas.<\/li>\n<\/ul>","protected":false},"excerpt":{"rendered":"<p>N\u00f3\u017c szefa kuchni Suncraft Elegancia KSK-01 20 cm to osza\u0142amiaj\u0105cy n\u00f3\u017c szefa kuchni o eleganckim kszta\u0142cie. Dzi\u0119ki temu narz\u0119dzie jest por\u0119czne i doskonale nadaje si\u0119 do krojenia warzyw i mi\u0119sa.<\/p>\n<p><strong>Nachylenie ostrza ma kszta\u0142t wypuk\u0142y (soczewkowy), kt\u00f3ry bardzo \u0142atwo penetruje i przesuwa si\u0119 po produkcie. Bez w\u0105tpienia ta forma jest najbardziej odpowiednia dla no\u017cy kuchennych, lecz ze wzgl\u0119du na z\u0142o\u017cono\u015b\u0107 produkcji jest niestety bardzo rzadka.<\/strong> \u00a0<\/p>\n<p><!-- wp:list --><\/p>\n<ul class=\"wp-block-list\"><!-- wp:list-item --><\/p>\n<li><strong>Wymiary i waga<\/strong><\/li>\n<p><!-- \/wp:list-item --><\/p>\n<p><!-- wp:list-item --><\/p>\n<li>Wysoko\u015b\u0107 ostrza 5,8 cm<\/li>\n<p><!-- \/wp:list-item --><\/p>\n<p><!-- wp:list-item --><\/p>\n<li>D\u0142ugo\u015b\u0107 ostrza wynosi 21 cm<\/li>\n<p><!-- \/wp:list-item --><\/p>\n<p><!-- wp:list-item --><\/p>\n<li>Grubo\u015b\u0107 ostrza 2 mm<\/li>\n<p><!-- \/wp:list-item --><\/p>\n<p><!-- wp:list-item --><\/p>\n<li>D\u0142ugo\u015b\u0107 r\u0105czki wynosi 12 cm<\/li>\n<p><!-- \/wp:list-item --><\/p>\n<p><!-- wp:list-item --><\/p>\n<li>D\u0142ugo\u015b\u0107 ca\u0142kowita 33 cm<\/li>\n<p><!-- \/wp:list-item --><\/p>\n<p><!-- wp:list-item --><\/p>\n<li>Waga 190 g<\/li>\n<p><!-- \/wp:list-item --><\/p>\n<p><!-- wp:list-item --><\/p>\n<li>Materia\u0142 to drewno pakka<\/li>\n<p><!-- \/wp:list-item --><\/p>\n<p><!-- wp:list-item --><\/p>\n<li>Stal typu SG2<\/li>\n<p><!-- \/wp:list-item --><\/p>\n<p><!-- wp:list-item --><\/p>\n<li>Mo\u017ce by\u0107 u\u017cywany przez osoby prawor\u0119czne lub lewor\u0119czne<\/li>\n<p><!-- \/wp:list-item --><\/ul>\n<p><!-- \/wp:list --><\/p>","protected":false},"featured_media":454,"comment_status":"open","ping_status":"closed","template":"","meta":[],"product_brand":[],"product_cat":[24],"product_tag":[104,103],"class_list":{"0":"post-452","1":"product","2":"type-product","3":"status-publish","4":"has-post-thumbnail","6":"product_cat-knifes","7":"product_tag-elegancia","8":"product_tag-suncraft","9":"product_shipping_class-iprastas","11":"first","12":"outofstock","13":"sale","14":"shipping-taxable","15":"purchasable","16":"product-type-simple"},"_links":{"self":[{"href":"https:\/\/jnats.eu\/pl\/wp-json\/wp\/v2\/product\/452","targetHints":{"allow":["GET"]}}],"collection":[{"href":"https:\/\/jnats.eu\/pl\/wp-json\/wp\/v2\/product"}],"about":[{"href":"https:\/\/jnats.eu\/pl\/wp-json\/wp\/v2\/types\/product"}],"replies":[{"embeddable":true,"href":"https:\/\/jnats.eu\/pl\/wp-json\/wp\/v2\/comments?post=452"}],"wp:featuredmedia":[{"embeddable":true,"href":"https:\/\/jnats.eu\/pl\/wp-json\/wp\/v2\/media\/454"}],"wp:attachment":[{"href":"https:\/\/jnats.eu\/pl\/wp-json\/wp\/v2\/media?parent=452"}],"wp:term":[{"taxonomy":"product_brand","embeddable":true,"href":"https:\/\/jnats.eu\/pl\/wp-json\/wp\/v2\/product_brand?post=452"},{"taxonomy":"product_cat","embeddable":true,"href":"https:\/\/jnats.eu\/pl\/wp-json\/wp\/v2\/product_cat?post=452"},{"taxonomy":"product_tag","embeddable":true,"href":"https:\/\/jnats.eu\/pl\/wp-json\/wp\/v2\/product_tag?post=452"}],"curies":[{"name":"wp","href":"https:\/\/api.w.org\/{rel}","templated":true}]}}