{"id":4523,"date":"2025-04-30T14:52:53","date_gmt":"2025-04-30T11:52:53","guid":{"rendered":"https:\/\/jnats.eu\/?post_type=product&#038;p=4523"},"modified":"2025-06-22T11:59:20","modified_gmt":"2025-06-22T08:59:20","slug":"nakayama-karasu-lv-5","status":"publish","type":"product","link":"https:\/\/jnats.eu\/pl\/produkt-2\/nakayama-karasu-lv-5\/","title":{"rendered":"Nakayama Karasu Lv 5"},"content":{"rendered":"<figure class=\"wp-block-embed is-type-video is-provider-youtube wp-block-embed-youtube wp-embed-aspect-16-9 wp-has-aspect-ratio\"><div class=\"wp-block-embed__wrapper\">\n<div class=\"video-container\"><iframe title=\"Ostrzenie brzytwy Pumy: Aizu, Aiwatani, Nakayama Kiita, Nashiji, Karasu\" width=\"1170\" height=\"658\" src=\"https:\/\/www.youtube.com\/embed\/fu4WmCwVvQU?start=963&#038;feature=oembed\" frameborder=\"0\" allow=\"accelerometer; autoplay; clipboard-write; encrypted-media; gyroscope; picture-in-picture; web-share\" referrerpolicy=\"strict-origin-when-cross-origin\" allowfullscreen><\/iframe><\/div>\n<\/div><\/figure>\n\n\n\n<p>Nakayama Karasu Lv 5 to wysokiej jako\u015bci japo\u0144ski naturalny kamie\u0144 ostrz\u0105cy (toishi), ceniony za swoj\u0105 rzadko\u015b\u0107, estetyk\u0119 i wyj\u0105tkowe w\u0142a\u015bciwo\u015bci ostrz\u0105ce. Poni\u017cej znajduje si\u0119 opis oparty na dost\u0119pnych informacjach:<\/p>\n\n\n\n<ul class=\"wp-block-list\">\n<li><strong>Pochodzenie i jako\u015b\u0107<\/strong>Kamie\u0144 z kopalni Nakayama, s\u0142yn\u0105cej z produkcji jednych z najlepszych kamieni do ostrzenia na \u015bwiecie. Nazwa Karasu (\"wrona\") pochodzi od unikalnego wzoru czarnych lub ciemnych plam na szarym lub niebieskim (mizu asagi) pod\u0142o\u017cu, przypominaj\u0105cym pi\u00f3ra wrony. Jest to kamie\u0144 klasy kolekcjonerskiej, szczeg\u00f3lnie rzadki i ceniony przez kolekcjoner\u00f3w.<a href=\"https:\/\/www.japanesenaturalstones.com\/nakayama-san-karasu-lv-5-a265\/\" target=\"_blank\" rel=\"noreferrer noopener\"><\/a><a href=\"https:\/\/japanese-whetstones.com\/products\/nakayama-karasu-lv-5\" target=\"_blank\" rel=\"noreferrer noopener\"><\/a><\/li>\n\n\n\n<li><strong>Twardo\u015b\u0107 i rozdrobnienie<\/strong>Poziom twardo\u015bci Lv 5 (twardy), ziarnisto\u015b\u0107 1500Grit, co sprawia, \u017ce kamie\u0144 jest bardzo drobny, idealny do ko\u0144cowego ostrzenia. Powierzchnia jest bardzo g\u0142adka, bez toksycznych linii lub wtr\u0105ce\u0144, zapewniaj\u0105c czyste i precyzyjne ostrzenie.<a href=\"https:\/\/www.japanesenaturalstones.com\/nakayama-karasu-lv-5-a1603\/\" target=\"_blank\" rel=\"noreferrer noopener\"><\/a><a href=\"https:\/\/zenrazorjapan.com\/products\/nakayama-asagi-karasu-hardness-5-fineness-5\" target=\"_blank\" rel=\"noreferrer noopener\"><\/a><\/li>\n\n\n\n<li><strong>Stosowanie<\/strong>: G\u0142\u00f3wnym przeznaczeniem jest ko\u0144cowe ostrzenie brzytew (kamisori i zachodnich), ma\u0142ych narz\u0119dzi (np. d\u0142ut) lub no\u017cy. Nadaje si\u0119 do uzyskiwania niezwykle ostrych kraw\u0119dzi, zapewniaj\u0105c g\u0142adkie, niemal lustrzane wyko\u0144czenie. Zalecana do stosowania z kamieniem nagura, szczeg\u00f3lnie w przypadku brzytew zachodnich, w celu szybszego osi\u0105gni\u0119cia optymalnych rezultat\u00f3w.<a href=\"https:\/\/www.japanesenaturalstones.com\/nakayama-san-karasu-lv-5-a265\/\" target=\"_blank\" rel=\"noreferrer noopener\"><\/a><a href=\"https:\/\/www.japanesenaturalstones.com\/nakayama-maruichi-kamisori-karasu-lv-5-a1743\/\" target=\"_blank\" rel=\"noreferrer noopener\"><\/a><\/li>\n\n\n\n<li><strong>Wyko\u0144czenie<\/strong>Daje wysoce wypolerowan\u0105, ostr\u0105 i g\u0142adk\u0105 kraw\u0119d\u017a do precyzyjnego golenia lub obr\u00f3bki narz\u0119dzi. Kamie\u0144 jest do\u015b\u0107 \u015bcierny dla metalu.<a href=\"https:\/\/www.japanesenaturalstones.com\/nakayama-maruichi-karasu-suita-lv-4-5-a1636\/\" target=\"_blank\" rel=\"noreferrer noopener\"><\/a><\/li>\n\n\n\n<li><strong>Wygl\u0105d<\/strong>Charakteryzuje si\u0119 pi\u0119kn\u0105 szar\u0105 lub niebieskoszar\u0105 (mizu asagi) podstaw\u0105 z jasnymi czarnymi plamami karasu biegn\u0105cymi przez warstwy kamienia. Kamie\u0144 jest wolny od wad, takich jak p\u0119kni\u0119cia lub toksyczne linie i jest estetyczny. <\/li>\n<\/ul>","protected":false},"excerpt":{"rendered":"<ul>\n<li>Nadaje si\u0119 do wyka\u0144czania brzytew, no\u017cy, no\u017cyczek, narz\u0119dzi stolarskich i innych.<\/li>\n<li>Wymiary: 209x72x22 mm<\/li>\n<li>Waga z podstawk\u0105: 1170 g<\/li>\n<li>Wytrzyma\u0142o\u015b\u0107: Poz. 5<\/li>\n<li>Szybki kamie\u0144 do wyka\u0144czania maszynek do golenia.  To naprawd\u0119 wysokiej jako\u015bci kamie\u0144. Mo\u017cna si\u0119 o tym przekona\u0107 ogl\u0105daj\u0105c poni\u017cszy film.<\/li>\n<\/ul>","protected":false},"featured_media":4527,"comment_status":"open","ping_status":"closed","template":"","meta":[],"product_brand":[],"product_cat":[22],"product_tag":[57,337,49],"class_list":{"0":"post-4523","1":"product","2":"type-product","3":"status-publish","4":"has-post-thumbnail","6":"product_cat-jnats","7":"product_tag-karasu","8":"product_tag-lv-5","9":"product_tag-nakayama","10":"product_shipping_class-iprastas","12":"first","13":"outofstock","14":"shipping-taxable","15":"purchasable","16":"product-type-simple"},"_links":{"self":[{"href":"https:\/\/jnats.eu\/pl\/wp-json\/wp\/v2\/product\/4523","targetHints":{"allow":["GET"]}}],"collection":[{"href":"https:\/\/jnats.eu\/pl\/wp-json\/wp\/v2\/product"}],"about":[{"href":"https:\/\/jnats.eu\/pl\/wp-json\/wp\/v2\/types\/product"}],"replies":[{"embeddable":true,"href":"https:\/\/jnats.eu\/pl\/wp-json\/wp\/v2\/comments?post=4523"}],"wp:featuredmedia":[{"embeddable":true,"href":"https:\/\/jnats.eu\/pl\/wp-json\/wp\/v2\/media\/4527"}],"wp:attachment":[{"href":"https:\/\/jnats.eu\/pl\/wp-json\/wp\/v2\/media?parent=4523"}],"wp:term":[{"taxonomy":"product_brand","embeddable":true,"href":"https:\/\/jnats.eu\/pl\/wp-json\/wp\/v2\/product_brand?post=4523"},{"taxonomy":"product_cat","embeddable":true,"href":"https:\/\/jnats.eu\/pl\/wp-json\/wp\/v2\/product_cat?post=4523"},{"taxonomy":"product_tag","embeddable":true,"href":"https:\/\/jnats.eu\/pl\/wp-json\/wp\/v2\/product_tag?post=4523"}],"curies":[{"name":"wp","href":"https:\/\/api.w.org\/{rel}","templated":true}]}}