{"id":4594,"date":"2025-05-13T11:05:22","date_gmt":"2025-05-13T08:05:22","guid":{"rendered":"https:\/\/jnats.eu\/?post_type=product&#038;p=4594"},"modified":"2026-03-08T21:17:40","modified_gmt":"2026-03-08T19:17:40","slug":"nos-chobomasa-kamisori-vintaziniai-japoniski-skustuvai","status":"publish","type":"product","link":"https:\/\/jnats.eu\/pl\/produkt-2\/nos-chobomasa-kamisori-vintaziniai-japoniski-skustuvai\/","title":{"rendered":"Japo\u0144skie maszynki do golenia NOS Chobomasa kamisori vintage"},"content":{"rendered":"<figure class=\"wp-block-embed is-type-video is-provider-youtube wp-block-embed-youtube wp-embed-aspect-16-9 wp-has-aspect-ratio\"><div class=\"wp-block-embed__wrapper\">\n<div class=\"video-container\"><iframe title=\"NOS Chobomasa Kamisori - japo\u0144skie brzytwy proste w stylu vintage\" width=\"1170\" height=\"658\" src=\"https:\/\/www.youtube.com\/embed\/AiR2JJ7mTRE?feature=oembed\" frameborder=\"0\" allow=\"accelerometer; autoplay; clipboard-write; encrypted-media; gyroscope; picture-in-picture; web-share\" referrerpolicy=\"strict-origin-when-cross-origin\" allowfullscreen><\/iframe><\/div>\n<\/div><\/figure>\n\n\n\n<p>Odkryj prawdziwe mistrzostwo japo\u0144skiego golenia dzi\u0119ki <strong>NOS Chobomasa Kamisori<\/strong> - autentyczne, r\u0119cznie wykonane japo\u0144skie maszynki do golenia w stylu vintage. Te maszynki s\u0105 <strong>NOS (New Old Stock)<\/strong> - nieu\u017cywany, zachowany w doskona\u0142ym stanie, bezpo\u015brednio z Japonii z po\u0142owy XX wieku.<\/p>\n\n\n\n<p>Gotowane w tradycyjny spos\u00f3b <strong>kamisori<\/strong> w kszta\u0142cie ostrzy do golenia, te maszynki do golenia wyr\u00f3\u017cniaj\u0105 si\u0119 <strong>asymetryczne ostrze<\/strong> oraz <strong>Wysokiej jako\u015bci stal w\u0119glowa<\/strong> stop zapewniaj\u0105cy wyj\u0105tkow\u0105 ostro\u015b\u0107 i d\u0142ugotrwa\u0142e u\u017cytkowanie. Ka\u017cda maszynka subtelnie oddaje ducha starego japo\u0144skiego rzemios\u0142a i wyj\u0105tkowej funkcjonalno\u015bci.<\/p>\n\n\n\n<p><strong>Cechy:<\/strong><\/p>\n\n\n\n<ul class=\"wp-block-list\">\n<li>Autentyczny japo\u0144ski <strong>kamisori<\/strong> projekt<\/li>\n\n\n\n<li>NOS (New Old Stock) - nieu\u017cywany, vintage<\/li>\n\n\n\n<li>Wysoka jako\u015b\u0107 <strong>Ostrze ze stali w\u0119glowej<\/strong><\/li>\n\n\n\n<li>R\u0119czna, tradycyjna produkcja w Japonii<\/li>\n\n\n\n<li>Dla kolekcjoner\u00f3w i entuzjast\u00f3w golenia<\/li>\n<\/ul>\n\n\n\n<p><strong>Uwaga:<\/strong> Ze wzgl\u0119du na wiek produktu i charakter r\u0119cznej pracy, wygl\u0105d ka\u017cdej maszynki mo\u017ce si\u0119 nieznacznie r\u00f3\u017cni\u0107.<\/p>","protected":false},"excerpt":{"rendered":"<ul>\n<li>Podobnie jak tradycyjny miecz samurajski, katana, te Kamisori zosta\u0142y r\u0119cznie wykute z dw\u00f3ch cz\u0119\u015bci. Cz\u0119\u015b\u0107 tn\u0105ca wykonana jest ze stali wysokow\u0119glowej, podczas gdy warstwa no\u015bna wykonana jest z prostszej stali. Warstwa stali jest twarda, podczas gdy bardziej mi\u0119kka rama zapewnia niezb\u0119dn\u0105 odporno\u015b\u0107 na z\u0142amanie.<\/li>\n<li>Widoczne s\u0105 pewne zacieki. Rdza usuni\u0119ta papierem #2500 6-source i past\u0105 diamentow\u0105 Venev 7\/5.<\/li>\n<li>Wszystkie koszulki s\u0105 nieco inne, poniewa\u017c s\u0105 wykonywane r\u0119cznie.<\/li>\n<li>Waga (w przybli\u017ceniu): 33 g.<\/li>\n<li>D\u0142ugo\u015b\u0107 ca\u0142kowita (w przybli\u017ceniu): 140 mm<\/li>\n<li>Wysoko\u015b\u0107 (w przybli\u017ceniu): 18 mm<\/li>\n<li>Grubo\u015b\u0107 ta\u015bmy (w przybli\u017ceniu): 6 mm<\/li>\n<li>D\u0142ugo\u015b\u0107 ostrza (w przybli\u017ceniu): 44 mm<\/li>\n<li>Nowy gumowy uchwyt Tosuke<\/li>\n<li><strong>Nr 1-5 naostrzone, nr 6-7 nienaostrzone.<\/strong><span data-mce-type=\"bookmark\" style=\"display: inline-block; width: 0px; overflow: hidden; line-height: 0;\" class=\"mce_SELRES_start\"><\/span><\/li>\n<li><strong>Je\u015bli pozycja nie jest widoczna na li\u015bcie rozwijanej, oznacza to, \u017ce jest ona w wyprzeda\u017cy.<\/strong><\/li>\n<\/ul>","protected":false},"featured_media":4595,"comment_status":"open","ping_status":"closed","template":"","meta":[],"product_brand":[],"product_cat":[23],"product_tag":[322,25,55],"class_list":{"0":"post-4594","1":"product","2":"type-product","3":"status-publish","4":"has-post-thumbnail","6":"product_cat-razors","7":"product_tag-chobomasa","8":"product_tag-kamisori","9":"product_tag-nos","10":"product_shipping_class-light","12":"first","13":"instock","14":"shipping-taxable","15":"purchasable","16":"product-type-variable"},"_links":{"self":[{"href":"https:\/\/jnats.eu\/pl\/wp-json\/wp\/v2\/product\/4594","targetHints":{"allow":["GET"]}}],"collection":[{"href":"https:\/\/jnats.eu\/pl\/wp-json\/wp\/v2\/product"}],"about":[{"href":"https:\/\/jnats.eu\/pl\/wp-json\/wp\/v2\/types\/product"}],"replies":[{"embeddable":true,"href":"https:\/\/jnats.eu\/pl\/wp-json\/wp\/v2\/comments?post=4594"}],"wp:featuredmedia":[{"embeddable":true,"href":"https:\/\/jnats.eu\/pl\/wp-json\/wp\/v2\/media\/4595"}],"wp:attachment":[{"href":"https:\/\/jnats.eu\/pl\/wp-json\/wp\/v2\/media?parent=4594"}],"wp:term":[{"taxonomy":"product_brand","embeddable":true,"href":"https:\/\/jnats.eu\/pl\/wp-json\/wp\/v2\/product_brand?post=4594"},{"taxonomy":"product_cat","embeddable":true,"href":"https:\/\/jnats.eu\/pl\/wp-json\/wp\/v2\/product_cat?post=4594"},{"taxonomy":"product_tag","embeddable":true,"href":"https:\/\/jnats.eu\/pl\/wp-json\/wp\/v2\/product_tag?post=4594"}],"curies":[{"name":"wp","href":"https:\/\/api.w.org\/{rel}","templated":true}]}}