{"id":465,"date":"2024-03-06T16:57:27","date_gmt":"2024-03-06T14:57:27","guid":{"rendered":"http:\/\/jnats.eu\/?post_type=product&#038;p=465"},"modified":"2024-06-25T11:14:17","modified_gmt":"2024-06-25T08:14:17","slug":"japonski-naturalny-kamien-do-ostrzenia-aiwatani-asagi","status":"publish","type":"product","link":"https:\/\/jnats.eu\/pl\/produkt-2\/japonski-naturalny-kamien-do-ostrzenia-aiwatani-asagi\/","title":{"rendered":"Japo\u0144ski naturalny kamie\u0144 do ostrzenia Aiwatani Asagi"},"content":{"rendered":"<ul class=\"wp-block-list\">\n<li>Japo\u0144ski naturalny kamie\u0144 do ostrzenia Aiwatani Asagi. Nadaje si\u0119 do wyka\u0144czania no\u017cy i narz\u0119dzi. Obie strony s\u0105 gotowe do pracy.<\/li>\n\n\n\n<li>Wymiary: 208x70x7 mm<\/li>\n\n\n\n<li>Waga 450 g.<\/li>\n\n\n\n<li>Twardo\u015b\u0107: Poziom 4<\/li>\n<\/ul>\n\n\n\n<figure class=\"wp-block-embed is-type-video is-provider-youtube wp-block-embed-youtube wp-embed-aspect-16-9 wp-has-aspect-ratio\"><div class=\"wp-block-embed__wrapper\">\n<div class=\"video-container\"><iframe title=\"Japo\u0144skie naturalne kamienie do ostrzenia Nakayama, Aiwatani, Tsushima\" width=\"1170\" height=\"658\" src=\"https:\/\/www.youtube.com\/embed\/3FDc_by9GJE?start=360&#038;feature=oembed\" frameborder=\"0\" allow=\"accelerometer; autoplay; clipboard-write; encrypted-media; gyroscope; picture-in-picture; web-share\" referrerpolicy=\"strict-origin-when-cross-origin\" allowfullscreen><\/iframe><\/div>\n<\/div><\/figure>","protected":false},"excerpt":{"rendered":"<p><!-- wp:list --><\/p>\n<ul><!-- wp:list-item --><\/p>\n<li>Japo\u0144ski naturalny kamie\u0144 do ostrzenia Aiwatani Asagi.<\/li>\n<li>Nadaje si\u0119 do wyka\u0144czania no\u017cy i narz\u0119dzi.<\/li>\n<li>Obie strony s\u0105 gotowe do pracy.<\/li>\n<p><!-- \/wp:list-item --><\/p>\n<p><!-- wp:list-item --><\/p>\n<li>Wymiary: 208x70x7<\/li>\n<p><!-- \/wp:list-item --><\/p>\n<p><!-- wp:list-item --><\/p>\n<li>Waga 450 g.<\/li>\n<p><!-- \/wp:list-item --><\/p>\n<p><!-- wp:list-item --><\/p>\n<li>Twardo\u015b\u0107: Poziom 4<\/li>\n<p><!-- \/wp:list-item --><\/ul>\n<p><!-- \/wp:list --><\/p>","protected":false},"featured_media":1268,"comment_status":"open","ping_status":"closed","template":"","meta":[],"product_brand":[],"product_cat":[22],"product_tag":[65,45],"class_list":{"0":"post-465","1":"product","2":"type-product","3":"status-publish","4":"has-post-thumbnail","6":"product_cat-jnats","7":"product_tag-aiwatani","8":"product_tag-asagi","9":"product_shipping_class-iprastas","11":"first","12":"outofstock","13":"shipping-taxable","14":"purchasable","15":"product-type-simple"},"_links":{"self":[{"href":"https:\/\/jnats.eu\/pl\/wp-json\/wp\/v2\/product\/465","targetHints":{"allow":["GET"]}}],"collection":[{"href":"https:\/\/jnats.eu\/pl\/wp-json\/wp\/v2\/product"}],"about":[{"href":"https:\/\/jnats.eu\/pl\/wp-json\/wp\/v2\/types\/product"}],"replies":[{"embeddable":true,"href":"https:\/\/jnats.eu\/pl\/wp-json\/wp\/v2\/comments?post=465"}],"wp:featuredmedia":[{"embeddable":true,"href":"https:\/\/jnats.eu\/pl\/wp-json\/wp\/v2\/media\/1268"}],"wp:attachment":[{"href":"https:\/\/jnats.eu\/pl\/wp-json\/wp\/v2\/media?parent=465"}],"wp:term":[{"taxonomy":"product_brand","embeddable":true,"href":"https:\/\/jnats.eu\/pl\/wp-json\/wp\/v2\/product_brand?post=465"},{"taxonomy":"product_cat","embeddable":true,"href":"https:\/\/jnats.eu\/pl\/wp-json\/wp\/v2\/product_cat?post=465"},{"taxonomy":"product_tag","embeddable":true,"href":"https:\/\/jnats.eu\/pl\/wp-json\/wp\/v2\/product_tag?post=465"}],"curies":[{"name":"wp","href":"https:\/\/api.w.org\/{rel}","templated":true}]}}