{"id":4667,"date":"2025-05-21T17:19:05","date_gmt":"2025-05-21T14:19:05","guid":{"rendered":"https:\/\/jnats.eu\/?post_type=product&#038;p=4667"},"modified":"2025-05-23T15:02:30","modified_gmt":"2025-05-23T12:02:30","slug":"zwilling-twin-cermax-mc66-zdp-189-peilis-micarta-20-cm-naudotas","status":"publish","type":"product","link":"https:\/\/jnats.eu\/pl\/produkt-2\/zwilling-twin-cermax-mc66-zdp-189-peilis-micarta-20-cm-naudotas\/","title":{"rendered":"ZWILLING TWIN CERMAX MC66 (ZDP-189) N\u00f3\u017c z micarty 20 cm (u\u017cywany)"},"content":{"rendered":"<figure class=\"wp-block-embed is-type-video is-provider-youtube wp-block-embed-youtube wp-embed-aspect-16-9 wp-has-aspect-ratio\"><div class=\"wp-block-embed__wrapper\">\n<div class=\"video-container\"><iframe title=\"Extreme Edge: N\u00f3\u017c ZDP-189 naostrzony diamentowymi kamieniami i past\u0105 Elbor Paste\" width=\"1170\" height=\"658\" src=\"https:\/\/www.youtube.com\/embed\/bgnKKZuFNmg?feature=oembed\" frameborder=\"0\" allow=\"accelerometer; autoplay; clipboard-write; encrypted-media; gyroscope; picture-in-picture; web-share\" referrerpolicy=\"strict-origin-when-cross-origin\" allowfullscreen><\/iframe><\/div>\n<\/div><\/figure>\n\n\n\n<p>Najwy\u017csza klasa <strong>ZWILLING TWIN CERMAX MC66<\/strong> N\u00f3\u017c szefa kuchni to po\u0142\u0105czenie kunsztu, innowacji i tradycji. Sercem no\u017ca jest legendarne ostrze <strong>Stal MC66 (ZDP-189)<\/strong>opracowany w Japonii, s\u0142yn\u0105cy z niezwykle wysokiej twardo\u015bci (ok. <strong>66 HRC<\/strong>) i wyj\u0105tkow\u0105 ostro\u015b\u0107. Jest to jedna z najtwardszych i najtrwalszych stali kuchennych na \u015bwiecie.<\/p>\n\n\n\n<p><strong>Cechy no\u017ca:<\/strong><\/p>\n\n\n\n<ul class=\"wp-block-list\">\n<li><strong>Ostrze:<\/strong> wykonany z <strong>MC66 (ZDP-189)<\/strong> malowana proszkowo stal, zachowuj\u0105ca wyj\u0105tkowo d\u0142ug\u0105 \u017cywotno\u015b\u0107 i umo\u017cliwiaj\u0105ca precyzyjne, cienkie ci\u0119cia.<\/li>\n\n\n\n<li><strong>Twardo\u015b\u0107:<\/strong> O <strong>66 HRC<\/strong> - za wysokiej jako\u015bci n\u00f3\u017c kuchenny.<\/li>\n\n\n\n<li><strong>D\u0142ugo\u015b\u0107 ostrza:<\/strong> <strong>20 cm<\/strong> - Uniwersalny n\u00f3\u017c do krojenia mi\u0119sa, ryb i warzyw.<\/li>\n\n\n\n<li><strong>Rankena:<\/strong> Od <strong>Micarta<\/strong> - Wytrzyma\u0142e, odporne na wilgo\u0107 i temperatur\u0119 materia\u0142y o przyjemnym, ciep\u0142ym chwycie i eleganckiej fakturze drewna.<\/li>\n\n\n\n<li><strong>Projekt:<\/strong> Ostrze w japo\u0144skim stylu z delikatn\u0105, polerowan\u0105 powierzchni\u0105, ozdobione <strong>CERMAX<\/strong> logo.<\/li>\n<\/ul>\n\n\n\n<p><strong>Dlaczego warto wybra\u0107?<\/strong><\/p>\n\n\n\n<ul class=\"wp-block-list\">\n<li>Jeden z najostrzejszych no\u017cy stosowanych w bran\u017cy, zachowuj\u0105cy swoje w\u0142a\u015bciwo\u015bci tn\u0105ce znacznie d\u0142u\u017cej ni\u017c wi\u0119kszo\u015b\u0107 klasycznych no\u017cy.<\/li>\n\n\n\n<li>Idealny wyb\u00f3r zar\u00f3wno dla profesjonalnych kucharzy, jak i entuzjast\u00f3w przypraw i jako\u015bci.<\/li>\n\n\n\n<li>Stylowa i ergonomiczna - r\u0119koje\u015b\u0107 Micarta nie tylko \u015bwietnie wygl\u0105da, ale tak\u017ce zapewnia bezpieczny i wygodny chwyt.<\/li>\n<\/ul>\n\n\n\n<p><strong>Wyprodukowano w Japonii<\/strong>we wsp\u00f3\u0142pracy z <strong>Zwilling J.A. Henckels<\/strong> - Niemieccy producenci no\u017cy.<\/p>","protected":false},"excerpt":{"rendered":"<ul>\n<li>D\u0142ugo\u015b\u0107 ca\u0142kowita 33,6 cm<\/li>\n<li>D\u0142ugo\u015b\u0107 ostrza 20,0 cm<\/li>\n<li>Wysoko\u015b\u0107 ostrza 4,5 cm<\/li>\n<li>Rdze\u0144 materia\u0142u ostrza wykonany jest z jednej z najlepszych na \u015bwiecie stali nierdzewnej proszkowej MC66 (ZDP-189), zabezpieczonej laminatem, hartowanej na zimno Cryodur, ostrze w kszta\u0142cie litery V.<\/li>\n<li>Poziom twardo\u015bci 65-67 Rockwella<\/li>\n<li>Kszta\u0142t ostrza jest umiarkowanie spiczasty<\/li>\n<li>Wa\u0142ek i za\u015blepka ko\u0144cowa ze stali nierdzewnej, odpornej na rdz\u0119<\/li>\n<li>D\u0142ugo\u015b\u0107 r\u0105czki wynosi 13,0 cm<\/li>\n<li>R\u0119koje\u015b\u0107 z czarnej Micarty, ergonomiczny kszta\u0142t<\/li>\n<li>Odpowiednie dla u\u017cytkownik\u00f3w lewo- i prawor\u0119cznych<\/li>\n<li>Waga 210 gram\u00f3w<\/li>\n<li><strong>N\u00f3\u017c jest u\u017cywany i lekko porysowany. Na r\u0119koje\u015bci znajduje si\u0119 ma\u0142e naci\u0119cie.<\/strong><\/li>\n<li>Ostrzone profesjonalnymi kamieniami diamentowymi DMD 1000 - 12 000 + pasta Elbor 1 \u00b5m. Obejrzyj wideo poni\u017cej.<\/li>\n<\/ul>","protected":false},"featured_media":4671,"comment_status":"open","ping_status":"closed","template":"","meta":[],"product_brand":[],"product_cat":[24],"product_tag":[],"class_list":{"0":"post-4667","1":"product","2":"type-product","3":"status-publish","4":"has-post-thumbnail","6":"product_cat-knifes","7":"product_shipping_class-iprastas","9":"first","10":"outofstock","11":"shipping-taxable","12":"purchasable","13":"product-type-simple"},"_links":{"self":[{"href":"https:\/\/jnats.eu\/pl\/wp-json\/wp\/v2\/product\/4667","targetHints":{"allow":["GET"]}}],"collection":[{"href":"https:\/\/jnats.eu\/pl\/wp-json\/wp\/v2\/product"}],"about":[{"href":"https:\/\/jnats.eu\/pl\/wp-json\/wp\/v2\/types\/product"}],"replies":[{"embeddable":true,"href":"https:\/\/jnats.eu\/pl\/wp-json\/wp\/v2\/comments?post=4667"}],"wp:featuredmedia":[{"embeddable":true,"href":"https:\/\/jnats.eu\/pl\/wp-json\/wp\/v2\/media\/4671"}],"wp:attachment":[{"href":"https:\/\/jnats.eu\/pl\/wp-json\/wp\/v2\/media?parent=4667"}],"wp:term":[{"taxonomy":"product_brand","embeddable":true,"href":"https:\/\/jnats.eu\/pl\/wp-json\/wp\/v2\/product_brand?post=4667"},{"taxonomy":"product_cat","embeddable":true,"href":"https:\/\/jnats.eu\/pl\/wp-json\/wp\/v2\/product_cat?post=4667"},{"taxonomy":"product_tag","embeddable":true,"href":"https:\/\/jnats.eu\/pl\/wp-json\/wp\/v2\/product_tag?post=4667"}],"curies":[{"name":"wp","href":"https:\/\/api.w.org\/{rel}","templated":true}]}}