{"id":4678,"date":"2025-05-24T12:33:23","date_gmt":"2025-05-24T09:33:23","guid":{"rendered":"https:\/\/jnats.eu\/?post_type=product&#038;p=4678"},"modified":"2025-07-05T11:19:22","modified_gmt":"2025-07-05T08:19:22","slug":"yeelong-m390-steel-8-chef-knife-used","status":"publish","type":"product","link":"https:\/\/jnats.eu\/pl\/produkt-2\/yeelong-m390-steel-8-chef-knife-used\/","title":{"rendered":"N\u00f3\u017c szefa kuchni Yeelong M390 Steel 8\u2033 (u\u017cywany)"},"content":{"rendered":"<figure class=\"wp-block-embed is-type-video is-provider-youtube wp-block-embed-youtube wp-embed-aspect-16-9 wp-has-aspect-ratio\"><div class=\"wp-block-embed__wrapper\">\n<div class=\"video-container\"><iframe title=\"Masamotoyama Asagi Nashiji vs M390 Steel\" width=\"1170\" height=\"658\" src=\"https:\/\/www.youtube.com\/embed\/K1-qGuFrjYM?feature=oembed\" frameborder=\"0\" allow=\"accelerometer; autoplay; clipboard-write; encrypted-media; gyroscope; picture-in-picture; web-share\" referrerpolicy=\"strict-origin-when-cross-origin\" allowfullscreen><\/iframe><\/div>\n<\/div><\/figure>\n\n\n\n<p>Ulepsz swoj\u0105 kuchni\u0119 dzi\u0119ki <strong>N\u00f3\u017c szefa kuchni Yeelong M390 8\u2033<\/strong> - Wysokowydajne narz\u0119dzie zaprojektowane do precyzyjnego, bezwysi\u0142kowego ci\u0119cia. <strong>Stal nierdzewna B\u00f6hler M390<\/strong>Ten n\u00f3\u017c zapewnia wyj\u0105tkow\u0105 <strong>retencja kraw\u0119dzi<\/strong>, <strong>odporno\u015b\u0107 na korozj\u0119<\/strong>i ostra jak brzytwa kraw\u0119d\u017a, kt\u00f3ra trwa.<\/p>\n\n\n\n<p>Doskonale wywa\u017cony <strong>8-calowe ostrze<\/strong> z \u0142atwo\u015bci\u0105 poradzi sobie ze wszystkimi zadaniami kuchennymi: krojeniem mi\u0119sa, siekaniem warzyw, mieleniem zi\u00f3\u0142 i nie tylko. Jego polerowane na lustro wyko\u0144czenie dodaje elegancji, a ergonomiczna r\u0119koje\u015b\u0107 zapewnia pewny i wygodny chwyt podczas d\u0142ugotrwa\u0142ego u\u017cytkowania.<\/p>\n\n\n\n<p><strong>Kluczowe cechy:<\/strong><\/p>\n\n\n\n<ul class=\"wp-block-list\">\n<li>Premium <strong>B\u00f6hler M390 Stal nierdzewna<\/strong> Sk\u0142ad chemiczny (\u015brednio %)C1.90 Si0.70Mn0.30 Cr20.00 Mo1.00 V4.00 W0.60<\/li>\n\n\n\n<li>\ud83d\udccf <strong>8-calowe ostrze<\/strong> do wszechstronnych zada\u0144 kuchennych<\/li>\n\n\n\n<li>Wyj\u0105tkowa trwa\u0142o\u015b\u0107 i ostro\u015b\u0107 kraw\u0119dzi<\/li>\n\n\n\n<li>Odporne na korozj\u0119 i zu\u017cycie lustrzane wyko\u0144czenie<\/li>\n\n\n\n<li>\ud83d\udd90\ufe0f Ergonomiczny uchwyt zapewniaj\u0105cy doskona\u0142\u0105 kontrol\u0119 i wygod\u0119<\/li>\n\n\n\n<li>Idealny dla profesjonalnych szef\u00f3w kuchni i zapalonych kucharzy domowych<\/li>\n<\/ul>\n\n\n\n<p><strong>Do\u015bwiadcz profesjonalnej wydajno\u015bci ci\u0119cia w swojej kuchni.<\/strong><\/p>","protected":false},"excerpt":{"rendered":"<p>Jako\u015b\u0107 premium <strong data-start=\"311\" data-end=\"334\">8-calowy n\u00f3\u017c szefa kuchni<\/strong> wykonany z <strong data-start=\"345\" data-end=\"376\">Stal nierdzewna B\u00f6hler M390<\/strong>. Wyj\u0105tkowa trwa\u0142o\u015b\u0107 kraw\u0119dzi, odporno\u015b\u0107 na korozj\u0119 i precyzja ci\u0119cia. Idealne dla profesjonalnych szef\u00f3w kuchni i zapalonych kucharzy domowych.<\/p>\n<ul>\n<li>Ca\u0142kowita d\u0142ugo\u015b\u0107 335 mm<\/li>\n<li>Ostrze 200x54x2 mm<\/li>\n<li>Waga 274 g.<\/li>\n<li>Wyprodukowano w Chinach<\/li>\n<\/ul>\n<p>Proces wyostrzania mo\u017cna zobaczy\u0107 na poni\u017cszym filmie.<\/p>","protected":false},"featured_media":4681,"comment_status":"open","ping_status":"closed","template":"","meta":[],"product_brand":[],"product_cat":[24],"product_tag":[349],"class_list":{"0":"post-4678","1":"product","2":"type-product","3":"status-publish","4":"has-post-thumbnail","6":"product_cat-knifes","7":"product_tag-m390","8":"product_shipping_class-iprastas","10":"first","11":"outofstock","12":"shipping-taxable","13":"purchasable","14":"product-type-simple"},"_links":{"self":[{"href":"https:\/\/jnats.eu\/pl\/wp-json\/wp\/v2\/product\/4678","targetHints":{"allow":["GET"]}}],"collection":[{"href":"https:\/\/jnats.eu\/pl\/wp-json\/wp\/v2\/product"}],"about":[{"href":"https:\/\/jnats.eu\/pl\/wp-json\/wp\/v2\/types\/product"}],"replies":[{"embeddable":true,"href":"https:\/\/jnats.eu\/pl\/wp-json\/wp\/v2\/comments?post=4678"}],"wp:featuredmedia":[{"embeddable":true,"href":"https:\/\/jnats.eu\/pl\/wp-json\/wp\/v2\/media\/4681"}],"wp:attachment":[{"href":"https:\/\/jnats.eu\/pl\/wp-json\/wp\/v2\/media?parent=4678"}],"wp:term":[{"taxonomy":"product_brand","embeddable":true,"href":"https:\/\/jnats.eu\/pl\/wp-json\/wp\/v2\/product_brand?post=4678"},{"taxonomy":"product_cat","embeddable":true,"href":"https:\/\/jnats.eu\/pl\/wp-json\/wp\/v2\/product_cat?post=4678"},{"taxonomy":"product_tag","embeddable":true,"href":"https:\/\/jnats.eu\/pl\/wp-json\/wp\/v2\/product_tag?post=4678"}],"curies":[{"name":"wp","href":"https:\/\/api.w.org\/{rel}","templated":true}]}}