{"id":471,"date":"2024-03-06T17:01:39","date_gmt":"2024-03-06T15:01:39","guid":{"rendered":"http:\/\/jnats.eu\/?post_type=product&#038;p=471"},"modified":"2024-07-30T13:09:54","modified_gmt":"2024-07-30T10:09:54","slug":"japonski-kamien-naturalny-do-ostrzenia-shobudani-shikitomae-hondomae","status":"publish","type":"product","link":"https:\/\/jnats.eu\/pl\/produkt-2\/japonski-kamien-naturalny-do-ostrzenia-shobudani-shikitomae-hondomae\/","title":{"rendered":"Japo\u0144ski kamie\u0144 naturalny do ostrzenia Shobudani Shikitomae Hondomae"},"content":{"rendered":"<ul class=\"wp-block-list\">\n<li>Japo\u0144ski naturalny kamie\u0144 do ostrzenia Shobudani Shikitomae Hondomae. Nadaje si\u0119 do wyka\u0144czania no\u017cy i narz\u0119dzi. Dzia\u0142a szybko.<\/li>\n\n\n\n<li>Wymiary: 200x71x15 mm<\/li>\n\n\n\n<li>Waga 540 g.<\/li>\n\n\n\n<li>Twardo\u015b\u0107: Poziom 4<\/li>\n<\/ul>\n\n\n\n<figure class=\"wp-block-embed is-type-video is-provider-youtube wp-block-embed-youtube wp-embed-aspect-16-9 wp-has-aspect-ratio\"><div class=\"wp-block-embed__wrapper\">\n<div class=\"video-container\"><iframe title=\"Japo\u0144skie naturalne kamienie do ostrzenia Nakayama, Aiwatani, Tsushima\" width=\"1170\" height=\"658\" src=\"https:\/\/www.youtube.com\/embed\/3FDc_by9GJE?feature=oembed\" frameborder=\"0\" allow=\"accelerometer; autoplay; clipboard-write; encrypted-media; gyroscope; picture-in-picture; web-share\" allowfullscreen><\/iframe><\/div>\n<\/div><\/figure>","protected":false},"excerpt":{"rendered":"<p><!-- wp:list --><\/p>\n<ul><!-- wp:list-item --><\/p>\n<li>Japo\u0144ski naturalny kamie\u0144 do ostrzenia Shobudani Shikitomae Hondomae. Nadaje si\u0119 do wyka\u0144czania no\u017cy i narz\u0119dzi. Dzia\u0142a szybko.<\/li>\n<p><!-- \/wp:list-item --><\/p>\n<p><!-- wp:list-item --><\/p>\n<li>Wymiary: 200x71x15 mm<\/li>\n<p><!-- \/wp:list-item --><\/p>\n<p><!-- wp:list-item --><\/p>\n<li>Waga 540 g.<\/li>\n<p><!-- \/wp:list-item --><\/p>\n<p><!-- wp:list-item --><\/p>\n<li>Twardo\u015b\u0107: Poziom 4<\/li>\n<p><!-- \/wp:list-item --><\/ul>\n<p><!-- \/wp:list --><\/p>","protected":false},"featured_media":1264,"comment_status":"open","ping_status":"closed","template":"","meta":[],"product_brand":[],"product_cat":[22],"product_tag":[51,108,44],"class_list":{"0":"post-471","1":"product","2":"type-product","3":"status-publish","4":"has-post-thumbnail","6":"product_cat-jnats","7":"product_tag-hondomae","8":"product_tag-shikitomae","9":"product_tag-shobudani","10":"product_shipping_class-iprastas","12":"first","13":"outofstock","14":"shipping-taxable","15":"purchasable","16":"product-type-simple"},"_links":{"self":[{"href":"https:\/\/jnats.eu\/pl\/wp-json\/wp\/v2\/product\/471","targetHints":{"allow":["GET"]}}],"collection":[{"href":"https:\/\/jnats.eu\/pl\/wp-json\/wp\/v2\/product"}],"about":[{"href":"https:\/\/jnats.eu\/pl\/wp-json\/wp\/v2\/types\/product"}],"replies":[{"embeddable":true,"href":"https:\/\/jnats.eu\/pl\/wp-json\/wp\/v2\/comments?post=471"}],"wp:featuredmedia":[{"embeddable":true,"href":"https:\/\/jnats.eu\/pl\/wp-json\/wp\/v2\/media\/1264"}],"wp:attachment":[{"href":"https:\/\/jnats.eu\/pl\/wp-json\/wp\/v2\/media?parent=471"}],"wp:term":[{"taxonomy":"product_brand","embeddable":true,"href":"https:\/\/jnats.eu\/pl\/wp-json\/wp\/v2\/product_brand?post=471"},{"taxonomy":"product_cat","embeddable":true,"href":"https:\/\/jnats.eu\/pl\/wp-json\/wp\/v2\/product_cat?post=471"},{"taxonomy":"product_tag","embeddable":true,"href":"https:\/\/jnats.eu\/pl\/wp-json\/wp\/v2\/product_tag?post=471"}],"curies":[{"name":"wp","href":"https:\/\/api.w.org\/{rel}","templated":true}]}}