{"id":4750,"date":"2025-06-13T12:34:12","date_gmt":"2025-06-13T09:34:12","guid":{"rendered":"https:\/\/jnats.eu\/?post_type=product&#038;p=4750"},"modified":"2025-10-25T21:37:45","modified_gmt":"2025-10-25T18:37:45","slug":"komazen-japan-vidutinio-grudetumo-sintetinis-galandinimo-akmuo","status":"publish","type":"product","link":"https:\/\/jnats.eu\/pl\/produkt-2\/komazen-japan-vidutinio-grudetumo-sintetinis-galandinimo-akmuo\/","title":{"rendered":"Syntetyczny kamie\u0144 ostrz\u0105cy Komazen Japan o \u015bredniej ziarnisto\u015bci"},"content":{"rendered":"<p><strong>Komazen Japan<\/strong> markowa ose\u0142ka syntetyczna.<\/p>\n\n\n\n<hr class=\"wp-block-separator has-alpha-channel-opacity\"\/>\n\n\n\n<h3 class=\"wp-block-heading\">Informacje og\u00f3lne:<\/h3>\n\n\n\n<ul class=\"wp-block-list\">\n<li><strong>Producent<\/strong>Komazen Japan<\/li>\n\n\n\n<li><strong>Oznaczenie produktu<\/strong>\"Kamie\u0144 do ostrzenia\" \/ \"\u4e2d\u76ee\" (Ch\u016bme) oznacza <strong>\u015brednioziarnisty<\/strong> (jap. \u4e2d\u76ee, ch\u016bme) kamie\u0144.<\/li>\n\n\n\n<li><strong>Wymiary<\/strong>200 \u00d7 50 \u00d7 25 mm (wskazane na pude\u0142ku)<\/li>\n<\/ul>\n\n\n\n<hr class=\"wp-block-separator has-alpha-channel-opacity\"\/>\n\n\n\n<h3 class=\"wp-block-heading\">Co za kamie\u0144:<\/h3>\n\n\n\n<p>To jest <strong>syntetyczny kamie\u0144 wodny<\/strong>u\u017cywany do ostrzenia no\u017cy i narz\u0119dzi. Poniewa\u017c jest oznaczony jako \"\u4e2d\u76ee\", jego rozmiar ziarna wynosi zwykle oko\u0142o <strong>#1000<\/strong> (standardowy \u015bredni rozmiar ziarna wed\u0142ug systemu japo\u0144skiego). Jest to doskona\u0142y wyb\u00f3r:<\/p>\n\n\n\n<ul class=\"wp-block-list\">\n<li>do codziennego ostrzenia no\u017cy<\/li>\n\n\n\n<li>usuwanie drobnych nieprawid\u0142owo\u015bci<\/li>\n\n\n\n<li>kszta\u0142towanie kraw\u0119dzi ostrza przed przej\u015bciem na mniejsze kamienie (np. #3000, #6000)<\/li>\n<\/ul>\n\n\n\n<hr class=\"wp-block-separator has-alpha-channel-opacity\"\/>\n\n\n\n<h3 class=\"wp-block-heading\">Komazen Japan:<\/h3>\n\n\n\n<p>Jest to jeden z <strong>Bud\u017cetowe<\/strong> Japo\u0144ski producent kamieni syntetycznych. Ich kamienie s\u0105 cz\u0119sto u\u017cywane w kuchniach, warsztatach i przez hobbyst\u00f3w, poniewa\u017c oferuj\u0105 dobry stosunek jako\u015bci do ceny, ale nie s\u0105 najwy\u017cszej jako\u015bci jak Naniwa czy Shapton.<\/p>\n\n\n\n<hr class=\"wp-block-separator has-alpha-channel-opacity\"\/>\n\n\n\n<h3 class=\"wp-block-heading\">U\u017cycie:<\/h3>\n\n\n\n<ul class=\"wp-block-list\">\n<li><strong>Przed u\u017cyciem<\/strong> Zaleca si\u0119 moczenie w wodzie przez 5-10 minut.<\/li>\n\n\n\n<li>U\u017cywa\u0107 z wod\u0105 (nie na sucho, nie z olejem)<\/li>\n\n\n\n<li>Sp\u0142uka\u0107 po u\u017cyciu, wysuszy\u0107 naturalnie (nie u\u017cywa\u0107 ciep\u0142a)<\/li>\n<\/ul>","protected":false},"excerpt":{"rendered":"<p><!-- wp:list --><\/p>\n<ul class=\"wp-block-list\"><!-- wp:list-item --><\/p>\n<li><strong>Producent<\/strong>Komazen Japan<\/li>\n<p><!-- \/wp:list-item --> <!-- wp:list-item --><\/p>\n<li><strong>\u015arednie ziarno<\/strong><\/li>\n<p><!-- \/wp:list-item --> <!-- wp:list-item --><\/p>\n<li><strong>Wymiary<\/strong>200 \u00d7 50 \u00d7 25 mm<\/li>\n<li>Pude\u0142ko lekko zmatowione, kamie\u0144 nieu\u017cywany<\/li>\n<p><!-- \/wp:list-item --><\/ul>\n<p><!-- \/wp:list --><\/p>","protected":false},"featured_media":4751,"comment_status":"open","ping_status":"closed","template":"","meta":[],"product_brand":[],"product_cat":[290],"product_tag":[356,355],"class_list":{"0":"post-4750","1":"product","2":"type-product","3":"status-publish","4":"has-post-thumbnail","6":"product_cat-whetstones","7":"product_tag-356","8":"product_tag-komazen","9":"product_shipping_class-iprastas","11":"first","12":"outofstock","13":"shipping-taxable","14":"purchasable","15":"product-type-simple"},"_links":{"self":[{"href":"https:\/\/jnats.eu\/pl\/wp-json\/wp\/v2\/product\/4750","targetHints":{"allow":["GET"]}}],"collection":[{"href":"https:\/\/jnats.eu\/pl\/wp-json\/wp\/v2\/product"}],"about":[{"href":"https:\/\/jnats.eu\/pl\/wp-json\/wp\/v2\/types\/product"}],"replies":[{"embeddable":true,"href":"https:\/\/jnats.eu\/pl\/wp-json\/wp\/v2\/comments?post=4750"}],"wp:featuredmedia":[{"embeddable":true,"href":"https:\/\/jnats.eu\/pl\/wp-json\/wp\/v2\/media\/4751"}],"wp:attachment":[{"href":"https:\/\/jnats.eu\/pl\/wp-json\/wp\/v2\/media?parent=4750"}],"wp:term":[{"taxonomy":"product_brand","embeddable":true,"href":"https:\/\/jnats.eu\/pl\/wp-json\/wp\/v2\/product_brand?post=4750"},{"taxonomy":"product_cat","embeddable":true,"href":"https:\/\/jnats.eu\/pl\/wp-json\/wp\/v2\/product_cat?post=4750"},{"taxonomy":"product_tag","embeddable":true,"href":"https:\/\/jnats.eu\/pl\/wp-json\/wp\/v2\/product_tag?post=4750"}],"curies":[{"name":"wp","href":"https:\/\/api.w.org\/{rel}","templated":true}]}}