{"id":4755,"date":"2025-06-13T12:41:02","date_gmt":"2025-06-13T09:41:02","guid":{"rendered":"https:\/\/jnats.eu\/?post_type=product&#038;p=4755"},"modified":"2025-07-02T08:50:54","modified_gmt":"2025-07-02T05:50:54","slug":"masahiro-600-galandinimo-akmuo","status":"publish","type":"product","link":"https:\/\/jnats.eu\/pl\/produkt-2\/masahiro-600-galandinimo-akmuo\/","title":{"rendered":"Kamie\u0144 do ostrzenia Masahiro 600"},"content":{"rendered":"<h2 class=\"wp-block-heading\">\ud83d\udce6 <strong>Kamie\u0144 wodny Masahiro #600<\/strong><\/h2>\n\n\n\n<h3 class=\"wp-block-heading\">Informacje og\u00f3lne:<\/h3>\n\n\n\n<ul class=\"wp-block-list\">\n<li><strong>Producent<\/strong>Masahiro (Japonia)<\/li>\n\n\n\n<li><strong>Ziarnisto\u015b\u0107<\/strong>: <strong>#600<\/strong><\/li>\n\n\n\n<li><strong>Typ<\/strong>Syntetyczny kamie\u0144 wodny (kamie\u0144 wodny, musi by\u0107 namoczony przed u\u017cyciem)<\/li>\n\n\n\n<li><strong>Zamiar<\/strong>:\n<ul class=\"wp-block-list\">\n<li>Faza naprawy i kszta\u0142towania (np. usuwanie drobnych wgniece\u0144, przywracanie profilu ostrza)<\/li>\n\n\n\n<li>Idealny przed przej\u015bciem na #1000 lub mniejsze kamienie<\/li>\n<\/ul>\n<\/li>\n\n\n\n<li><strong>Instrukcje u\u017cytkowania<\/strong> (w j\u0119zyku japo\u0144skim na metalowej tabliczce): <strong>\u5145\u5206\u6c34\u306b\u3064\u3051\u3066\u304b\u3089\u4f7f\u7528\u3057\u3066\u4e0b\u3055\u3044\u3002<\/strong><br>T\u0142umaczenie: <em>\"Przed u\u017cyciem namoczy\u0107 w wystarczaj\u0105cej ilo\u015bci wody\".<\/em><\/li>\n<\/ul>\n\n\n\n<hr class=\"wp-block-separator has-alpha-channel-opacity\"\/>\n\n\n\n<h2 class=\"wp-block-heading\">Charakterystyka:<\/h2>\n\n\n\n<ul class=\"wp-block-list\">\n<li>\u015arednio \u015bcierne, szybkie szlifowanie, ale wci\u0105\u017c wystarczaj\u0105co delikatne, aby ukszta\u0142towa\u0107 kraw\u0119d\u017a no\u017ca bez tworzenia zbyt g\u0142\u0119bokich rys.<\/li>\n\n\n\n<li>Nadaje si\u0119 zar\u00f3wno do stali japo\u0144skiej, jak i zachodniej, zw\u0142aszcza do no\u017cy kuchennych.<\/li>\n<\/ul>\n\n\n\n<hr class=\"wp-block-separator has-alpha-channel-opacity\"\/>\n\n\n\n<h2 class=\"wp-block-heading\">Zalecenia:<\/h2>\n\n\n\n<ul class=\"wp-block-list\">\n<li><strong>Moczenie<\/strong>10-15 minut przed u\u017cyciem.<\/li>\n\n\n\n<li><strong>Konserwacja<\/strong>Przechowywa\u0107 w suchym miejscu, nie suszy\u0107 przy u\u017cyciu \u017ar\u00f3de\u0142 ciep\u0142a.<\/li>\n<\/ul>","protected":false},"excerpt":{"rendered":"<p><!-- wp:list --><\/p>\n<ul class=\"wp-block-list\"><!-- wp:list-item --><\/p>\n<li><strong>Producent<\/strong>Masahiro (Japonia)<\/li>\n<p><!-- \/wp:list-item --><\/p>\n<p><!-- wp:list-item --><\/p>\n<li><strong>Ziarnisto\u015b\u0107<\/strong>: <strong>#600<\/strong><\/li>\n<li><strong>Wymiary: 210x70x27mm<\/strong><\/li>\n<p><!-- \/wp:list-item --><\/p>\n<p><!-- wp:list-item --><\/p>\n<li><strong>Typ<\/strong>Syntetyczny kamie\u0144 wodny (kamie\u0144 wodny, musi by\u0107 namoczony przed u\u017cyciem)<\/li>\n<li>Drewniany stojak<\/li>\n<li>Na powierzchni znajduje si\u0119 troch\u0119 brudu, ale kamie\u0144 nie by\u0142 u\u017cywany i jest wolny od wad.<\/li>\n<p><!-- \/wp:list-item --><\/ul>\n<p><!-- \/wp:list --><\/p>","protected":false},"featured_media":4758,"comment_status":"open","ping_status":"closed","template":"","meta":[],"product_brand":[],"product_cat":[290],"product_tag":[357],"class_list":{"0":"post-4755","1":"product","2":"type-product","3":"status-publish","4":"has-post-thumbnail","6":"product_cat-whetstones","7":"product_tag-masahiro","8":"product_shipping_class-iprastas","10":"first","11":"outofstock","12":"shipping-taxable","13":"purchasable","14":"product-type-simple"},"_links":{"self":[{"href":"https:\/\/jnats.eu\/pl\/wp-json\/wp\/v2\/product\/4755","targetHints":{"allow":["GET"]}}],"collection":[{"href":"https:\/\/jnats.eu\/pl\/wp-json\/wp\/v2\/product"}],"about":[{"href":"https:\/\/jnats.eu\/pl\/wp-json\/wp\/v2\/types\/product"}],"replies":[{"embeddable":true,"href":"https:\/\/jnats.eu\/pl\/wp-json\/wp\/v2\/comments?post=4755"}],"wp:featuredmedia":[{"embeddable":true,"href":"https:\/\/jnats.eu\/pl\/wp-json\/wp\/v2\/media\/4758"}],"wp:attachment":[{"href":"https:\/\/jnats.eu\/pl\/wp-json\/wp\/v2\/media?parent=4755"}],"wp:term":[{"taxonomy":"product_brand","embeddable":true,"href":"https:\/\/jnats.eu\/pl\/wp-json\/wp\/v2\/product_brand?post=4755"},{"taxonomy":"product_cat","embeddable":true,"href":"https:\/\/jnats.eu\/pl\/wp-json\/wp\/v2\/product_cat?post=4755"},{"taxonomy":"product_tag","embeddable":true,"href":"https:\/\/jnats.eu\/pl\/wp-json\/wp\/v2\/product_tag?post=4755"}],"curies":[{"name":"wp","href":"https:\/\/api.w.org\/{rel}","templated":true}]}}