{"id":4781,"date":"2025-06-20T14:54:04","date_gmt":"2025-06-20T11:54:04","guid":{"rendered":"https:\/\/jnats.eu\/?post_type=product&#038;p=4781"},"modified":"2025-06-25T11:48:43","modified_gmt":"2025-06-25T08:48:43","slug":"universalus-peilis-is-cpm-20cv-plieno-naudotas","status":"publish","type":"product","link":"https:\/\/jnats.eu\/pl\/produkt-2\/universalus-peilis-is-cpm-20cv-plieno-naudotas\/","title":{"rendered":"N\u00f3\u017c uniwersalny ze stali CPM 20CV (u\u017cywany)"},"content":{"rendered":"<figure class=\"wp-block-embed is-type-video is-provider-youtube wp-block-embed-youtube wp-embed-aspect-16-9 wp-has-aspect-ratio\"><div class=\"wp-block-embed__wrapper\">\n<div class=\"video-container\"><iframe title=\"Nowoczesna stal kontra tradycyjny naturalny japo\u0144ski kamie\u0144 do ostrzenia | CPM 20CV + Ohira\" width=\"1170\" height=\"658\" src=\"https:\/\/www.youtube.com\/embed\/dkrrzanZkhc?feature=oembed\" frameborder=\"0\" allow=\"accelerometer; autoplay; clipboard-write; encrypted-media; gyroscope; picture-in-picture; web-share\" referrerpolicy=\"strict-origin-when-cross-origin\" allowfullscreen><\/iframe><\/div>\n<\/div><\/figure>\n\n\n\n<p>Wyj\u0105tkowy u\u017cywany n\u00f3\u017c wykonany z jednej z najnowocze\u015bniejszych stali proszkowych \u2013 <strong>CPM 20 CV<\/strong>, kt\u00f3ry charakteryzuje si\u0119 doskona\u0142ym utrzymywaniem ostro\u015bci i wyj\u0105tkow\u0105 odporno\u015bci\u0105 na korozj\u0119.<\/p>\n\n\n\n<p><strong>Co najwa\u017cniejsze, stal tego no\u017ca zosta\u0142a zahartowana przez jednego z najs\u0142ynniejszych termist\u00f3w w Rosji \u2014 Alana Balikoeva, kt\u00f3ry zas\u0142yn\u0105\u0142 z precyzyjnej obr\u00f3bki cieplnej, pozwalaj\u0105cej wycisn\u0105\u0107 ze stali maksymalne w\u0142a\u015bciwo\u015bci.<\/strong><\/p>\n\n\n\n<hr class=\"wp-block-separator has-alpha-channel-opacity\"\/>\n\n\n\n<h3 class=\"wp-block-heading\"><strong>W\u0142a\u015bciwo\u015bci stali<\/strong><\/h3>\n\n\n\n<p><strong>CPM 20 CV<\/strong> \u2013 nierdzewna stal malowana proszkowo, zaprojektowana tak, aby zapewni\u0107 wyj\u0105tkow\u0105 ostro\u015b\u0107 i odporno\u015b\u0107 na wp\u0142ywy \u015brodowiska. Jest to materia\u0142 premium na no\u017ce, zar\u00f3wno do codziennego u\u017cytku, jak i do kolekcji lub wyj\u0105tkowych zada\u0144. <\/p>\n\n\n\n<hr class=\"wp-block-separator has-alpha-channel-opacity\"\/>\n\n\n\n<h3 class=\"wp-block-heading\"><strong>Sk\u0142ad chemiczny stali<\/strong><\/h3>\n\n\n\n<figure class=\"wp-block-table\"><table class=\"has-fixed-layout\"><thead><tr><th>Element<\/th><th>Procent (%)<\/th><\/tr><\/thead><tbody><tr><td>W\u0119giel (C)<\/td><td>1.9<\/td><\/tr><tr><td>Chrom (Cr)<\/td><td>20.0<\/td><\/tr><tr><td>Wanad (V)<\/td><td>4.0<\/td><\/tr><tr><td>Molibden (Mo)<\/td><td>1.0<\/td><\/tr><tr><td>Wolfram (W)<\/td><td>0.6<\/td><\/tr><tr><td>Mangan (Mn)<\/td><td>0.3<\/td><\/tr><tr><td>Krzem (Si)<\/td><td>0.6<\/td><\/tr><tr><td>Fosfor (P)<\/td><td>\u2264 0,03<\/td><\/tr><tr><td>Siarka (S)<\/td><td>\u2264 0,03<\/td><\/tr><\/tbody><\/table><\/figure>\n\n\n\n<hr class=\"wp-block-separator has-alpha-channel-opacity\"\/>\n\n\n\n<h3 class=\"wp-block-heading\"><strong>G\u0142\u00f3wne zalety<\/strong><\/h3>\n\n\n\n<p>\u2705 <strong>Bardzo wysoka odporno\u015b\u0107 na korozj\u0119<\/strong><br>Dzi\u0119ki zawarto\u015bci chromu w stali 20% n\u00f3\u017c ten jest odporny na wilgo\u0107 i \u015brodowisko kwa\u015bne.<\/p>\n\n\n\n<p>\u2705 <strong>D\u0142ugie zachowanie ostro\u015bci<\/strong><br>Ze wzgl\u0119du na wysok\u0105 zawarto\u015b\u0107 w\u0119gla i wanadu, stal ta zachowuje ostro\u015b\u0107 znacznie d\u0142u\u017cej ni\u017c wi\u0119kszo\u015b\u0107 innych stali nierdzewnych.<\/p>\n\n\n\n<p>\u2705 <strong>Unikalny uchwyt<\/strong><br>Stabilizowana brzoza karelska z intarsj\u0105 w kszta\u0142cie z\u0119ba mamuta i chwytem Makume nadaj\u0105 ka\u017cdemu no\u017cowi wyj\u0105tkowy charakter \u2014 nie ma dw\u00f3ch takich samych egzemplarzy.<\/p>\n\n\n\n<p>\u2705 <strong>Profesjonalne hartowanie<\/strong><br>Obr\u00f3bka cieplna wykonana przez Alana Balikoeva gwarantuje maksymaln\u0105 r\u00f3wnowag\u0119 mi\u0119dzy twardo\u015bci\u0105, odporno\u015bci\u0105 na zu\u017cycie i elastyczno\u015bci\u0105 stali.<\/p>\n\n\n\n<p>\u2705 <strong>Uniwersalne stoki<\/strong><br>Proste nachylenia od barku zapewniaj\u0105 dobre w\u0142a\u015bciwo\u015bci tn\u0105ce, \u0142atwo\u015b\u0107 sterowania i prostot\u0119 konserwacji.<\/p>\n\n\n\n<hr class=\"wp-block-separator has-alpha-channel-opacity\"\/>\n\n\n\n<h3 class=\"wp-block-heading\"><strong>Streszczenie<\/strong><\/h3>\n\n\n\n<p>To nie tylko funkcjonalne narz\u0119dzie, ale tak\u017ce wyj\u0105tkowy przedmiot kolekcjonerski, \u0142\u0105cz\u0105cy w sobie najnowocze\u015bniejsz\u0105 stal proszkow\u0105, profesjonalne hartowanie i wykwintne, r\u0119cznie wykonane wyko\u0144czenie.<\/p>","protected":false},"excerpt":{"rendered":"<p><!-- wp:list --><\/p>\n<ul class=\"wp-block-list\"><!-- wp:list-item --><\/p>\n<li>D\u0142ugo\u015b\u0107 ostrza: 140 mm.<\/li>\n<p><!-- \/wp:list-item --><\/p>\n<p><!-- wp:list-item --><\/p>\n<li>Wysoko\u015b\u0107 ostrza: 29 mm.<\/li>\n<li>Grubo\u015b\u0107 ostrza: 4,0 mm<\/li>\n<li>Wyr\u00f3wnanie oko\u0142o 0,3 mm<\/li>\n<p><!-- \/wp:list-item --><\/p>\n<p><!-- wp:list-item --><\/p>\n<li>Powierzchnia ostrza: Nie jest idealnie wypolerowana<\/li>\n<p><!-- \/wp:list-item --><\/p>\n<p><!-- wp:list-item --><\/p>\n<li>Stal proszkowa CPM 20CV. Hartowana przez jednego z najlepszych termist\u00f3w w Rosji, Alana Balikoeva.<\/li>\n<p><!-- \/wp:list-item --><\/p>\n<p><!-- wp:list-item --><\/p>\n<li>Najwa\u017cniejsz\u0105 zalet\u0105 tej stali jest jej niezwykle wysoka odporno\u015b\u0107 na korozj\u0119 i stosunkowo d\u0142ugie utrzymywanie ostro\u015bci.<\/li>\n<p><!-- \/wp:list-item --><\/p>\n<p><!-- wp:list-item --><\/p>\n<li>Stoki: prosto od pobocza<\/li>\n<p><!-- \/wp:list-item --><\/p>\n<p><!-- wp:list-item --><\/p>\n<li>D\u0142ugo\u015b\u0107 r\u0119koje\u015bci: 128 mm<\/li>\n<li>Poduszka w Makum<\/li>\n<li>Intarsja z z\u0119ba mamuta<\/li>\n<p><!-- \/wp:list-item --><\/p>\n<p><!-- wp:list-item --><\/p>\n<li>Materia\u0142 r\u0119koje\u015bci to stabilizowana bulwa brzozy karelskiej.<\/li>\n<li>Etui z prawdziwej sk\u00f3ry<\/li>\n<p><!-- \/wp:list-item --><\/p>\n<p><!-- wp:list-item --><\/p>\n<li>Waga z walizk\u0105: 172 g<\/li>\n<p><!-- \/wp:list-item --><\/p>\n<p><!-- wp:list-item --><\/p>\n<li>Waga: 244 g<\/li>\n<p><!-- \/wp:list-item --><\/p>\n<p><!-- wp:list-item --><\/p>\n<li>Wyprodukowano w Rosji<\/li>\n<li>Ostrzene naturalnym japo\u0144skim kamieniem Ohira.<\/li>\n<p><!-- \/wp:list-item --><\/ul>\n<p><!-- \/wp:list --><\/p>","protected":false},"featured_media":4784,"comment_status":"open","ping_status":"closed","template":"","meta":[],"product_brand":[],"product_cat":[24],"product_tag":[358,76],"class_list":{"0":"post-4781","1":"product","2":"type-product","3":"status-publish","4":"has-post-thumbnail","6":"product_cat-knifes","7":"product_tag-20cv","8":"product_tag-peilis","9":"product_shipping_class-iprastas","11":"first","12":"outofstock","13":"shipping-taxable","14":"purchasable","15":"product-type-simple"},"_links":{"self":[{"href":"https:\/\/jnats.eu\/pl\/wp-json\/wp\/v2\/product\/4781","targetHints":{"allow":["GET"]}}],"collection":[{"href":"https:\/\/jnats.eu\/pl\/wp-json\/wp\/v2\/product"}],"about":[{"href":"https:\/\/jnats.eu\/pl\/wp-json\/wp\/v2\/types\/product"}],"replies":[{"embeddable":true,"href":"https:\/\/jnats.eu\/pl\/wp-json\/wp\/v2\/comments?post=4781"}],"wp:featuredmedia":[{"embeddable":true,"href":"https:\/\/jnats.eu\/pl\/wp-json\/wp\/v2\/media\/4784"}],"wp:attachment":[{"href":"https:\/\/jnats.eu\/pl\/wp-json\/wp\/v2\/media?parent=4781"}],"wp:term":[{"taxonomy":"product_brand","embeddable":true,"href":"https:\/\/jnats.eu\/pl\/wp-json\/wp\/v2\/product_brand?post=4781"},{"taxonomy":"product_cat","embeddable":true,"href":"https:\/\/jnats.eu\/pl\/wp-json\/wp\/v2\/product_cat?post=4781"},{"taxonomy":"product_tag","embeddable":true,"href":"https:\/\/jnats.eu\/pl\/wp-json\/wp\/v2\/product_tag?post=4781"}],"curies":[{"name":"wp","href":"https:\/\/api.w.org\/{rel}","templated":true}]}}