{"id":479,"date":"2024-03-07T10:23:42","date_gmt":"2024-03-07T08:23:42","guid":{"rendered":"http:\/\/jnats.eu\/?post_type=product&#038;p=479"},"modified":"2024-04-26T09:30:50","modified_gmt":"2024-04-26T06:30:50","slug":"harrison-br-howson-manafacturers-sheffield-england-zestaw-maszynki-do-golenia-na-7-dni","status":"publish","type":"product","link":"https:\/\/jnats.eu\/pl\/produkt-2\/harrison-br-howson-manafacturers-sheffield-england-zestaw-maszynki-do-golenia-na-7-dni\/","title":{"rendered":"Harrison Br &amp; Howson Manafacturers Sheffield England Zestaw zabytkowych maszynek do golenia na 7 dni"},"content":{"rendered":"<p>Harrison Br &amp; Howson to renomowany producent maszynek do golenia z Sheffield w Anglii, z d\u0142ug\u0105 histori\u0105 i reputacj\u0105 dzi\u0119ki nienagannej jako\u015bci. Ich zabytkowe maszynki do golenia w zestawie 7-dniowym to produkt o wyj\u0105tkowej warto\u015bci i stylu.<\/p>\n\n\n\n<p>Opis tego zabytkowego zestawu maszynek do golenia:<\/p>\n\n\n\n<ul class=\"wp-block-list\">\n<li><strong>Jako\u015b\u0107 i wiek<\/strong>: Ka\u017cda maszynka do golenia w tym zestawie jest wykonana z wysokiej jako\u015bci stali, kt\u00f3ra zapewnia trwa\u0142o\u015b\u0107 i doskona\u0142e golenie. Te maszynki do golenia odzwierciedlaj\u0105 wyj\u0105tkow\u0105 dba\u0142o\u015b\u0107 firmy Harrison Br &amp; Howson o szczeg\u00f3\u0142y i jako\u015b\u0107.<\/li>\n\n\n\n<li><strong>Zabytkowy projekt<\/strong>: Te maszynki do golenia maj\u0105 ciekawy i niepowtarzalny design, kt\u00f3ry przywo\u0142uje elegancj\u0119 minionych wiek\u00f3w. Ich ostrza i uchwyty mog\u0105 by\u0107 idealnym dodatkiem do ka\u017cdego m\u0119skiego stylu.<\/li>\n\n\n\n<li><strong>Zestaw na 7 dni<\/strong>: Zestaw ten to doskona\u0142y wyb\u00f3r dla os\u00f3b ceni\u0105cych porz\u0105dek i zorganizowany tryb \u017cycia. Ka\u017cda maszynka do golenia odpowiada jednemu dniu tygodnia, dzi\u0119ki czemu zawsze masz pod r\u0119k\u0105 odpowiednie narz\u0119dzie do codziennego golenia. Stal odpocznie, a Ty mo\u017cesz przeprowadzi\u0107 proces ostrzenia od razu za wszystkich i na d\u0142ugo o nim zapomnie\u0107. Jest to szczeg\u00f3lnie prawdziwe, je\u015bli wysy\u0142asz maszynki do golenia do rzemie\u015blnika w celu naostrzenia.<\/li>\n\n\n\n<li><strong>\u015awietna opcja na prezent<\/strong>: Ten zestaw maszynek do golenia mo\u017ce by\u0107 r\u00f3wnie\u017c \u015bwietnym prezentem dla m\u0119\u017cczyzn ceni\u0105cych klasyczny styl i produkty wysokiej jako\u015bci. To wyj\u0105tkowa i praktyczna opcja na prezent dla ka\u017cdego gentlemana.<\/li>\n<\/ul>\n\n\n\n<p>Maszynki do golenia vintage Harrison Br &amp; Howson w zestawie na 7 dni to nie tylko praktyczne przybory do golenia, ale tak\u017ce elegancki akcent w \u015bwiecie m\u0119skiej urody i stylu.<\/p>\n\n\n\n<figure class=\"wp-block-embed is-type-video is-provider-youtube wp-block-embed-youtube wp-embed-aspect-16-9 wp-has-aspect-ratio\"><div class=\"wp-block-embed__wrapper\">\n<div class=\"video-container\"><iframe title=\"Harrison Br &amp; Howson Manafacturers Sheffield England Zestaw zabytkowych maszynek do golenia na 7 dni\" width=\"1170\" height=\"658\" src=\"https:\/\/www.youtube.com\/embed\/AhMxzAVzb6Q?feature=oembed\" frameborder=\"0\" allow=\"accelerometer; autoplay; clipboard-write; encrypted-media; gyroscope; picture-in-picture; web-share\" allowfullscreen><\/iframe><\/div>\n<\/div><\/figure>","protected":false},"excerpt":{"rendered":"<ul>\n<li>Harrison Br &amp; Howson Manafacturers Sheffield England Zestaw zabytkowych maszynek do golenia na 7 dni<\/li>\n<li>Uchwyty s\u0105 polimerowe<\/li>\n<li>Nieu\u017cywane (NOS - nowe, stare zapasy)<\/li>\n<li>Dobry stan<\/li>\n<li>S\u0105 oznaki korozji<\/li>\n<li>\u017badnych podzia\u0142\u00f3w i przerw<\/li>\n<\/ul>","protected":false},"featured_media":1040,"comment_status":"open","ping_status":"closed","template":"","meta":[],"product_brand":[],"product_cat":[23],"product_tag":[112,109,111,110],"class_list":{"0":"post-479","1":"product","2":"type-product","3":"status-publish","4":"has-post-thumbnail","6":"product_cat-razors","7":"product_tag-england","8":"product_tag-harrison-br-howson","9":"product_tag-manafacturers","10":"product_tag-sheffield","11":"product_shipping_class-light","13":"first","14":"instock","15":"sale","16":"shipping-taxable","17":"purchasable","18":"product-type-simple"},"_links":{"self":[{"href":"https:\/\/jnats.eu\/pl\/wp-json\/wp\/v2\/product\/479","targetHints":{"allow":["GET"]}}],"collection":[{"href":"https:\/\/jnats.eu\/pl\/wp-json\/wp\/v2\/product"}],"about":[{"href":"https:\/\/jnats.eu\/pl\/wp-json\/wp\/v2\/types\/product"}],"replies":[{"embeddable":true,"href":"https:\/\/jnats.eu\/pl\/wp-json\/wp\/v2\/comments?post=479"}],"wp:featuredmedia":[{"embeddable":true,"href":"https:\/\/jnats.eu\/pl\/wp-json\/wp\/v2\/media\/1040"}],"wp:attachment":[{"href":"https:\/\/jnats.eu\/pl\/wp-json\/wp\/v2\/media?parent=479"}],"wp:term":[{"taxonomy":"product_brand","embeddable":true,"href":"https:\/\/jnats.eu\/pl\/wp-json\/wp\/v2\/product_brand?post=479"},{"taxonomy":"product_cat","embeddable":true,"href":"https:\/\/jnats.eu\/pl\/wp-json\/wp\/v2\/product_cat?post=479"},{"taxonomy":"product_tag","embeddable":true,"href":"https:\/\/jnats.eu\/pl\/wp-json\/wp\/v2\/product_tag?post=479"}],"curies":[{"name":"wp","href":"https:\/\/api.w.org\/{rel}","templated":true}]}}