{"id":4824,"date":"2025-06-30T08:13:15","date_gmt":"2025-06-30T05:13:15","guid":{"rendered":"https:\/\/jnats.eu\/?post_type=product&#038;p=4824"},"modified":"2025-07-05T11:19:22","modified_gmt":"2025-07-05T08:19:22","slug":"myojinho-aogami-super-gyuto-180-mm-virtuvinis-peilis","status":"publish","type":"product","link":"https:\/\/jnats.eu\/pl\/produkt-2\/myojinho-aogami-super-gyuto-180-mm-virtuvinis-peilis\/","title":{"rendered":"N\u00f3\u017c kuchenny My\u014djinho Aogami Super Gyuto 180 mm"},"content":{"rendered":"<h2 class=\"wp-block-heading\">Opis produktu:<\/h2>\n\n\n\n<p><strong>My\u014djinho Aogami Super Gyuto 180 mm<\/strong> \u2013 wysokiej jako\u015bci japo\u0144ski n\u00f3\u017c kuchenny wykonany z legendarnej stali <strong>Aogami Super (Niebieska Super Stal)<\/strong> stal. Stal ta jest ceniona za wyj\u0105tkow\u0105 ostro\u015b\u0107, doskona\u0142e utrzymywanie ostro\u015bci i przyjemne czucie ci\u0119cia.<\/p>\n\n\n\n<p>N\u00f3\u017c jest ca\u0142kowicie nieu\u017cywany, ale dodatkowo <strong>Profesjonalnie ostrzone p\u00f3\u0142naturalnym, wysokiej jako\u015bci kamieniem ostrz\u0105cym Morihei o gradacji 12 000<\/strong> \u2014 zapewniaj\u0105c maksymaln\u0105 ostro\u015b\u0107 i niezwykle czyste, r\u00f3wnomiernie wypolerowane ostrze. To ostrzenie zapewnia idealn\u0105 jako\u015b\u0107 ci\u0119cia i odporno\u015b\u0107 na zu\u017cycie.<\/p>\n\n\n\n<hr class=\"wp-block-separator has-alpha-channel-opacity\"\/>\n\n\n\n<h3 class=\"wp-block-heading\">Cechy:<\/h3>\n\n\n\n<ul class=\"wp-block-list\">\n<li><strong>D\u0142ugo\u015b\u0107 ostrza:<\/strong> 180 mm<\/li>\n\n\n\n<li><strong>Stal:<\/strong> Aogami Super (Blue Super Steel) z zewn\u0119trznymi warstwami ze stali nierdzewnej<\/li>\n\n\n\n<li><strong>Twardo\u015b\u0107:<\/strong> ~65\u201366 HRC<\/li>\n\n\n\n<li><strong>Zastosowanie:<\/strong> mi\u0119so, ryby, warzywa<\/li>\n\n\n\n<li><strong>Rankena:<\/strong> maho\u0144 z trzema nitami<\/li>\n\n\n\n<li><strong>Ostrzenie:<\/strong> ostrzone p\u00f3\u0142naturalnym kamieniem Morihei o gradacji 12 000<\/li>\n\n\n\n<li><strong>K\u0105t ostrzenia:<\/strong> zalecane 12\u201315\u00b0<\/li>\n\n\n\n<li><strong>Zapakowane w oryginalne pude\u0142ko w stylu japo\u0144skim<\/strong><\/li>\n<\/ul>\n\n\n\n<hr class=\"wp-block-separator has-alpha-channel-opacity\"\/>\n\n\n\n<h3 class=\"wp-block-heading\">Dlaczego warto wybra\u0107?<\/h3>\n\n\n\n<p>Stal Aogami Super jest jedn\u0105 z najlepszych japo\u0144skich stali w\u0119glowych do produkcji no\u017cy kuchennych.<br>N\u00f3\u017c ju\u017c jest <strong>profesjonalnie ostrzone kamieniem Morihei 12 000<\/strong> \u2014 natychmiast gotowe do pracy z maksymaln\u0105 ostro\u015bci\u0105.<br>Stylowy, klasyczny japo\u0144ski design i wygodny, ergonomiczny uchwyt.<\/p>\n\n\n\n<figure class=\"wp-block-embed is-type-video is-provider-youtube wp-block-embed-youtube wp-embed-aspect-16-9 wp-has-aspect-ratio\"><div class=\"wp-block-embed__wrapper\">\n<div class=\"video-container\"><iframe title=\"Testowanie kamieni ostrz\u0105cych Morihei Hishiboshi \u201e\u706b Hi\u201d Fire Series | Ostrzenie stali Aogami Super i M390\" width=\"1170\" height=\"658\" src=\"https:\/\/www.youtube.com\/embed\/y9GuR0ZJmUQ?start=1849&#038;feature=oembed\" frameborder=\"0\" allow=\"accelerometer; autoplay; clipboard-write; encrypted-media; gyroscope; picture-in-picture; web-share\" referrerpolicy=\"strict-origin-when-cross-origin\" allowfullscreen><\/iframe><\/div>\n<\/div><\/figure>","protected":false},"excerpt":{"rendered":"<p><!-- wp:list --><\/p>\n<ul class=\"wp-block-list\"><!-- wp:list-item --><\/p>\n<li><strong>Wymiary ostrza:<\/strong> 180x41x2mm<\/li>\n<li><strong>Waga: 135g<\/strong><\/li>\n<p><!-- \/wp:list-item --> <!-- wp:list-item --><\/p>\n<li><strong>Stal:<\/strong> Aogami Super (Blue Super Steel) z zewn\u0119trznymi warstwami ze stali nierdzewnej<\/li>\n<p><!-- \/wp:list-item --> <!-- wp:list-item --><\/p>\n<li><strong>Twardo\u015b\u0107:<\/strong> ~65\u201366 HRC<\/li>\n<p><!-- \/wp:list-item --> <!-- wp:list-item --><\/p>\n<li><strong>Zastosowanie:<\/strong> mi\u0119so, ryby, warzywa<\/li>\n<p><!-- \/wp:list-item --> <!-- wp:list-item --><\/p>\n<li><strong>Rankena:<\/strong> maho\u0144 z trzema nitami<\/li>\n<p><!-- \/wp:list-item --> <!-- wp:list-item --><\/p>\n<li><strong>Ostrzenie:<\/strong> ostrzone p\u00f3\u0142naturalnym kamieniem Morihei o gradacji 12 000<\/li>\n<p><!-- \/wp:list-item --> <!-- wp:list-item --><\/p>\n<li><strong>K\u0105t ostrzenia:<\/strong> zalecane 12\u201315\u00b0<\/li>\n<p><!-- \/wp:list-item --> <!-- wp:list-item --><\/p>\n<li><strong>Zapakowane w oryginalne pude\u0142ko w stylu japo\u0144skim<\/strong><\/li>\n<p><!-- \/wp:list-item --><\/ul>\n<p><!-- \/wp:list --><\/p>","protected":false},"featured_media":4827,"comment_status":"open","ping_status":"closed","template":"","meta":[],"product_brand":[],"product_cat":[24],"product_tag":[360,361,359],"class_list":{"0":"post-4824","1":"product","2":"type-product","3":"status-publish","4":"has-post-thumbnail","6":"product_cat-knifes","7":"product_tag-aogami-super","8":"product_tag-gyuto","9":"product_tag-myojinho","10":"product_shipping_class-iprastas","12":"first","13":"outofstock","14":"shipping-taxable","15":"purchasable","16":"product-type-simple"},"_links":{"self":[{"href":"https:\/\/jnats.eu\/pl\/wp-json\/wp\/v2\/product\/4824","targetHints":{"allow":["GET"]}}],"collection":[{"href":"https:\/\/jnats.eu\/pl\/wp-json\/wp\/v2\/product"}],"about":[{"href":"https:\/\/jnats.eu\/pl\/wp-json\/wp\/v2\/types\/product"}],"replies":[{"embeddable":true,"href":"https:\/\/jnats.eu\/pl\/wp-json\/wp\/v2\/comments?post=4824"}],"wp:featuredmedia":[{"embeddable":true,"href":"https:\/\/jnats.eu\/pl\/wp-json\/wp\/v2\/media\/4827"}],"wp:attachment":[{"href":"https:\/\/jnats.eu\/pl\/wp-json\/wp\/v2\/media?parent=4824"}],"wp:term":[{"taxonomy":"product_brand","embeddable":true,"href":"https:\/\/jnats.eu\/pl\/wp-json\/wp\/v2\/product_brand?post=4824"},{"taxonomy":"product_cat","embeddable":true,"href":"https:\/\/jnats.eu\/pl\/wp-json\/wp\/v2\/product_cat?post=4824"},{"taxonomy":"product_tag","embeddable":true,"href":"https:\/\/jnats.eu\/pl\/wp-json\/wp\/v2\/product_tag?post=4824"}],"curies":[{"name":"wp","href":"https:\/\/api.w.org\/{rel}","templated":true}]}}